{"id":896,"date":"2020-05-11T18:21:10","date_gmt":"2020-05-11T18:21:10","guid":{"rendered":"http:\/\/egat.is\/nuddvorur\/?post_type=product&#038;p=896"},"modified":"2023-02-21T18:02:40","modified_gmt":"2023-02-21T18:02:40","slug":"lympathetic-system-model","status":"publish","type":"product","link":"https:\/\/egat.is\/nuddvorur\/product\/lympathetic-system-model\/","title":{"rendered":"Lympathetic system model"},"content":{"rendered":"","protected":false},"excerpt":{"rendered":"<h4 data-animate-delay=\"700\"><big><big><br \/>\n<\/big><\/big><small><small><big><big><big>Lympathetic system model \u00ed \u00fer\u00edv\u00eddd<\/big><\/big><\/big><\/small><br \/>\n<small><big><big><big>St\u00e6r\u00f0 :52&#215;83 cm<\/big><\/big><\/big><br \/>\n<\/small><big><big>Anatomy model of human lymphatic system,Advanced painted anatomical model of lymphatic system medical science <span id=\"detail-title-tags-after-title\" class=\"promotion-title-tag pt-after\"><\/span><\/big><\/big><\/small><\/h4>\n","protected":false},"featured_media":897,"comment_status":"open","ping_status":"closed","template":"","meta":{"advanced_seo_description":"","jetpack_seo_html_title":"","jetpack_seo_noindex":false,"iawp_total_views":43,"jetpack_publicize_message":"","jetpack_publicize_feature_enabled":true,"jetpack_social_post_already_shared":false,"jetpack_social_options":{"image_generator_settings":{"template":"highway","default_image_id":0,"font":"","enabled":false},"version":2}},"product_brand":[],"product_cat":[101,133,134],"product_tag":[],"class_list":{"0":"post-896","1":"product","2":"type-product","3":"status-publish","4":"has-post-thumbnail","6":"product_cat-aukahlutir","7":"product_cat-beinagrindur","8":"product_cat-liffaeri-og-vodvar","10":"first","11":"instock","12":"shipping-taxable","13":"purchasable","14":"product-type-simple"},"jetpack_publicize_connections":[],"jetpack_sharing_enabled":true,"jetpack_likes_enabled":true,"jetpack-related-posts":[],"_links":{"self":[{"href":"https:\/\/egat.is\/nuddvorur\/wp-json\/wp\/v2\/product\/896","targetHints":{"allow":["GET"]}}],"collection":[{"href":"https:\/\/egat.is\/nuddvorur\/wp-json\/wp\/v2\/product"}],"about":[{"href":"https:\/\/egat.is\/nuddvorur\/wp-json\/wp\/v2\/types\/product"}],"replies":[{"embeddable":true,"href":"https:\/\/egat.is\/nuddvorur\/wp-json\/wp\/v2\/comments?post=896"}],"wp:featuredmedia":[{"embeddable":true,"href":"https:\/\/egat.is\/nuddvorur\/wp-json\/wp\/v2\/media\/897"}],"wp:attachment":[{"href":"https:\/\/egat.is\/nuddvorur\/wp-json\/wp\/v2\/media?parent=896"}],"wp:term":[{"taxonomy":"product_brand","embeddable":true,"href":"https:\/\/egat.is\/nuddvorur\/wp-json\/wp\/v2\/product_brand?post=896"},{"taxonomy":"product_cat","embeddable":true,"href":"https:\/\/egat.is\/nuddvorur\/wp-json\/wp\/v2\/product_cat?post=896"},{"taxonomy":"product_tag","embeddable":true,"href":"https:\/\/egat.is\/nuddvorur\/wp-json\/wp\/v2\/product_tag?post=896"}],"curies":[{"name":"wp","href":"https:\/\/api.w.org\/{rel}","templated":true}]}}