{"id":891,"date":"2020-05-11T14:13:46","date_gmt":"2020-05-11T14:13:46","guid":{"rendered":"http:\/\/egat.is\/nuddvorur\/?post_type=product&#038;p=891"},"modified":"2025-07-22T14:46:30","modified_gmt":"2025-07-22T14:46:30","slug":"color-spine","status":"publish","type":"product","link":"https:\/\/egat.is\/nuddvorur\/product\/color-spine\/","title":{"rendered":"Color spine lita\u00f0ur spine me\u00f0 mja\u00f0magrind , allt \u00ed fullri st\u00e6r\u00f0. Fr\u00e1b\u00e6rt fyrir alla sem hafa \u00e1huga \u00e1 l\u00edkamanum a\u00f0 eiga :)"},"content":{"rendered":"","protected":false},"excerpt":{"rendered":"<p>lita\u00f0ur spine me\u00f0 mja\u00f0magrind , allt \u00ed fullri st\u00e6r\u00f0. Fr\u00e1b\u00e6rt fyrir alla sem hafa \u00e1huga \u00e1 l\u00edkamanum a\u00f0 eiga \ud83d\ude42<\/p>\n","protected":false},"featured_media":892,"comment_status":"open","ping_status":"closed","template":"","meta":{"advanced_seo_description":"","jetpack_seo_html_title":"","jetpack_seo_noindex":false,"iawp_total_views":40,"jetpack_publicize_message":"","jetpack_publicize_feature_enabled":true,"jetpack_social_post_already_shared":true,"jetpack_social_options":{"image_generator_settings":{"template":"highway","default_image_id":0,"font":"","enabled":false},"version":2}},"product_brand":[],"product_cat":[101,133,134],"product_tag":[],"class_list":{"0":"post-891","1":"product","2":"type-product","3":"status-publish","4":"has-post-thumbnail","6":"product_cat-aukahlutir","7":"product_cat-beinagrindur","8":"product_cat-liffaeri-og-vodvar","10":"first","11":"outofstock","12":"shipping-taxable","13":"purchasable","14":"product-type-simple"},"jetpack_publicize_connections":[],"jetpack_sharing_enabled":true,"jetpack_likes_enabled":true,"jetpack-related-posts":[],"_links":{"self":[{"href":"https:\/\/egat.is\/nuddvorur\/wp-json\/wp\/v2\/product\/891","targetHints":{"allow":["GET"]}}],"collection":[{"href":"https:\/\/egat.is\/nuddvorur\/wp-json\/wp\/v2\/product"}],"about":[{"href":"https:\/\/egat.is\/nuddvorur\/wp-json\/wp\/v2\/types\/product"}],"replies":[{"embeddable":true,"href":"https:\/\/egat.is\/nuddvorur\/wp-json\/wp\/v2\/comments?post=891"}],"wp:featuredmedia":[{"embeddable":true,"href":"https:\/\/egat.is\/nuddvorur\/wp-json\/wp\/v2\/media\/892"}],"wp:attachment":[{"href":"https:\/\/egat.is\/nuddvorur\/wp-json\/wp\/v2\/media?parent=891"}],"wp:term":[{"taxonomy":"product_brand","embeddable":true,"href":"https:\/\/egat.is\/nuddvorur\/wp-json\/wp\/v2\/product_brand?post=891"},{"taxonomy":"product_cat","embeddable":true,"href":"https:\/\/egat.is\/nuddvorur\/wp-json\/wp\/v2\/product_cat?post=891"},{"taxonomy":"product_tag","embeddable":true,"href":"https:\/\/egat.is\/nuddvorur\/wp-json\/wp\/v2\/product_tag?post=891"}],"curies":[{"name":"wp","href":"https:\/\/api.w.org\/{rel}","templated":true}]}}