{"id":875,"date":"2020-05-11T14:06:00","date_gmt":"2020-05-11T14:06:00","guid":{"rendered":"http:\/\/egat.is\/nuddvorur\/?post_type=product&#038;p=875"},"modified":"2025-12-10T09:51:42","modified_gmt":"2025-12-10T09:51:42","slug":"beinagrind-i-fullri-staerd-1-80cm","status":"publish","type":"product","link":"https:\/\/egat.is\/nuddvorur\/product\/beinagrind-i-fullri-staerd-1-80cm\/","title":{"rendered":"Beinagrind \u00ed fullri st\u00e6r\u00f0 180cm"},"content":{"rendered":"","protected":false},"excerpt":{"rendered":"<h1 class=\"ma-title\" title=\"170cm high quality human skeleton model, human bone half coloring half ligament model,Human skeletal muscle coloring model\" data-spm-anchor-id=\"a2700.details.maonnacta.i1.3d94560cQZEHt0\">180cm high quality human skeleton model, human bone half coloring half ligament model,Human skeletal muscle coloring model<\/h1>\n<div class=\"ma-tag-wrap\"><\/div>\n","protected":false},"featured_media":876,"comment_status":"open","ping_status":"closed","template":"","meta":{"advanced_seo_description":"","jetpack_seo_html_title":"","jetpack_seo_noindex":false,"iawp_total_views":205,"jetpack_publicize_message":"","jetpack_publicize_feature_enabled":true,"jetpack_social_post_already_shared":false,"jetpack_social_options":{"image_generator_settings":{"template":"highway","default_image_id":0,"font":"","enabled":false},"version":2}},"product_brand":[],"product_cat":[101,133],"product_tag":[],"class_list":{"0":"post-875","1":"product","2":"type-product","3":"status-publish","4":"has-post-thumbnail","6":"product_cat-aukahlutir","7":"product_cat-beinagrindur","9":"first","10":"instock","11":"shipping-taxable","12":"purchasable","13":"product-type-simple"},"jetpack_publicize_connections":[],"jetpack_sharing_enabled":true,"jetpack_likes_enabled":true,"jetpack-related-posts":[],"_links":{"self":[{"href":"https:\/\/egat.is\/nuddvorur\/wp-json\/wp\/v2\/product\/875","targetHints":{"allow":["GET"]}}],"collection":[{"href":"https:\/\/egat.is\/nuddvorur\/wp-json\/wp\/v2\/product"}],"about":[{"href":"https:\/\/egat.is\/nuddvorur\/wp-json\/wp\/v2\/types\/product"}],"replies":[{"embeddable":true,"href":"https:\/\/egat.is\/nuddvorur\/wp-json\/wp\/v2\/comments?post=875"}],"wp:featuredmedia":[{"embeddable":true,"href":"https:\/\/egat.is\/nuddvorur\/wp-json\/wp\/v2\/media\/876"}],"wp:attachment":[{"href":"https:\/\/egat.is\/nuddvorur\/wp-json\/wp\/v2\/media?parent=875"}],"wp:term":[{"taxonomy":"product_brand","embeddable":true,"href":"https:\/\/egat.is\/nuddvorur\/wp-json\/wp\/v2\/product_brand?post=875"},{"taxonomy":"product_cat","embeddable":true,"href":"https:\/\/egat.is\/nuddvorur\/wp-json\/wp\/v2\/product_cat?post=875"},{"taxonomy":"product_tag","embeddable":true,"href":"https:\/\/egat.is\/nuddvorur\/wp-json\/wp\/v2\/product_tag?post=875"}],"curies":[{"name":"wp","href":"https:\/\/api.w.org\/{rel}","templated":true}]}}