{"id":668,"date":"2020-01-29T15:52:33","date_gmt":"2020-01-29T15:52:33","guid":{"rendered":"http:\/\/egat.is\/nuddvorur\/?post_type=product&#038;p=668"},"modified":"2026-03-19T09:36:33","modified_gmt":"2026-03-19T09:36:33","slug":"andlitslok-4-i-pakka-til-ad-thvo","status":"publish","type":"product","link":"https:\/\/egat.is\/nuddvorur\/product\/andlitslok-4-i-pakka-til-ad-thvo\/","title":{"rendered":"Andlitsl\u00f6k 4 \u00ed pakka til a\u00f0 \u00fevo"},"content":{"rendered":"<p><small><big>Andlitsl\u00f6k\u00a0 kr 5200 4stk \u00ed pakka<\/big> \u00a0 <big><big>(5 mismunandi litir br\u00fant,hv\u00edtt, fjl\u00f3lubl\u00e1tt,bl\u00e1tt, beige)<\/big><\/big><br \/>\n<\/small>Microfiber Table Cover Set including 4pc pillow cover,use for decorating and protecting table. With Pure 100% Polyester material and sewn technique, the Microfiber is more comfortable and soft touch, allows massage therapist provide their clients a feeling of dignity and luxury. The improved material is easy cycle for moisture and air also durable washing.<br \/>\n<small><br \/>\n<\/small><\/p>\n","protected":false},"excerpt":{"rendered":"<p>Fitted with the elastic at all around of face cushion cover for deforming proof.<br \/>\nSuitable for many times using, convenient and healthy, effectively protecting leather<br \/>\nMicrofiber Table Cover Set including 12pc pillow cover,use for decorating and protecting table. With Pure 100% Polyester material and sewn technique, the Microfiber is more comfortable and soft touch, allows massage therapist provide their clients a feeling of dignity and luxury. The improved material is easy cycle for moisture and air also durable washing.<\/p>\n","protected":false},"featured_media":2709,"comment_status":"open","ping_status":"closed","template":"","meta":{"advanced_seo_description":"","jetpack_seo_html_title":"","jetpack_seo_noindex":false,"iawp_total_views":410,"jetpack_publicize_message":"","jetpack_publicize_feature_enabled":true,"jetpack_social_post_already_shared":false,"jetpack_social_options":{"image_generator_settings":{"template":"highway","default_image_id":0,"font":"","enabled":false},"version":2}},"product_brand":[],"product_cat":[241,84,101,152,231,73,100,115,154],"product_tag":[],"class_list":{"0":"post-668","1":"product","2":"type-product","3":"status-publish","4":"has-post-thumbnail","6":"product_cat-aukahlutir-a-nuddbekk","7":"product_cat-andlitslok","8":"product_cat-aukahlutir","9":"product_cat-lok-a-nuddbekki","10":"product_cat-naudsynlegir-hlutir-fyrir-nuddarann","11":"product_cat-nuddlok","12":"product_cat-nuddvorur","13":"product_cat-nyjar-vorur","14":"product_cat-smahlutir-fyrir-nudd","16":"first","17":"instock","18":"shipping-taxable","19":"purchasable","20":"product-type-variable"},"jetpack_publicize_connections":[],"jetpack_sharing_enabled":true,"jetpack_likes_enabled":true,"jetpack-related-posts":[],"_links":{"self":[{"href":"https:\/\/egat.is\/nuddvorur\/wp-json\/wp\/v2\/product\/668","targetHints":{"allow":["GET"]}}],"collection":[{"href":"https:\/\/egat.is\/nuddvorur\/wp-json\/wp\/v2\/product"}],"about":[{"href":"https:\/\/egat.is\/nuddvorur\/wp-json\/wp\/v2\/types\/product"}],"replies":[{"embeddable":true,"href":"https:\/\/egat.is\/nuddvorur\/wp-json\/wp\/v2\/comments?post=668"}],"wp:featuredmedia":[{"embeddable":true,"href":"https:\/\/egat.is\/nuddvorur\/wp-json\/wp\/v2\/media\/2709"}],"wp:attachment":[{"href":"https:\/\/egat.is\/nuddvorur\/wp-json\/wp\/v2\/media?parent=668"}],"wp:term":[{"taxonomy":"product_brand","embeddable":true,"href":"https:\/\/egat.is\/nuddvorur\/wp-json\/wp\/v2\/product_brand?post=668"},{"taxonomy":"product_cat","embeddable":true,"href":"https:\/\/egat.is\/nuddvorur\/wp-json\/wp\/v2\/product_cat?post=668"},{"taxonomy":"product_tag","embeddable":true,"href":"https:\/\/egat.is\/nuddvorur\/wp-json\/wp\/v2\/product_tag?post=668"}],"curies":[{"name":"wp","href":"https:\/\/api.w.org\/{rel}","templated":true}]}}