{"id":5037,"date":"2025-12-04T15:45:37","date_gmt":"2025-12-04T15:45:37","guid":{"rendered":"https:\/\/egat.is\/nuddvorur\/?post_type=product&#038;p=5037"},"modified":"2026-03-19T08:44:12","modified_gmt":"2026-03-19T08:44:12","slug":"abso-kiropraktik-bekkur","status":"publish","type":"product","link":"https:\/\/egat.is\/nuddvorur\/product\/abso-kiropraktik-bekkur\/","title":{"rendered":"Abso Kir\u00f3praktik bekkur"},"content":{"rendered":"","protected":false},"excerpt":{"rendered":"<h2 data-start=\"166\" data-end=\"182\"><strong data-start=\"169\" data-end=\"182\">FUNCTIONS<\/strong><\/h2>\n<h3 data-start=\"184\" data-end=\"210\"><strong data-start=\"188\" data-end=\"210\">Upper Body Section<\/strong><\/h3>\n<ul data-start=\"212\" data-end=\"720\">\n<li data-start=\"212\" data-end=\"299\">\n<p data-start=\"214\" data-end=\"299\"><strong data-start=\"214\" data-end=\"231\">Head Section:<\/strong> 3ja hluta haushluti, hanna\u00f0ur fyrir h\u00e1ls- og legh\u00e1lsm\u00f3biliseringu<\/p>\n<\/li>\n<li data-start=\"300\" data-end=\"355\">\n<p data-start=\"302\" data-end=\"355\"><strong data-start=\"302\" data-end=\"333\">Head Section Adjustability:<\/strong> 45\u00b0 ni\u00f0ur \/ 25\u00b0 upp<\/p>\n<\/li>\n<li data-start=\"356\" data-end=\"417\">\n<p data-start=\"358\" data-end=\"417\"><strong data-start=\"358\" data-end=\"371\">Armrests:<\/strong> Stillanleg handleggshv\u00edla fyrir h\u00e1lsme\u00f0fer\u00f0<\/p>\n<\/li>\n<li data-start=\"418\" data-end=\"457\">\n<p data-start=\"420\" data-end=\"457\"><strong data-start=\"420\" data-end=\"446\">Thoracic Drop Section:<\/strong> 10\u00b0 \u00b1 1\u00b0<\/p>\n<\/li>\n<li data-start=\"458\" data-end=\"515\">\n<p data-start=\"460\" data-end=\"515\"><strong data-start=\"460\" data-end=\"478\">Thoracic Drop:<\/strong> Me\u00f0 handstillanlegu fj\u00f6\u00f0runarkerfi<\/p>\n<\/li>\n<li data-start=\"516\" data-end=\"572\">\n<p data-start=\"518\" data-end=\"572\"><strong data-start=\"518\" data-end=\"560\">Pneumatic Assisted Headrest Elevation:<\/strong> 2\u00b0\u20134\u00b0 upp<\/p>\n<\/li>\n<li data-start=\"573\" data-end=\"615\">\n<p data-start=\"575\" data-end=\"615\"><strong data-start=\"575\" data-end=\"613\">Traction Elevation on Head Section<\/strong><\/p>\n<\/li>\n<li data-start=\"616\" data-end=\"670\">\n<p data-start=\"618\" data-end=\"670\"><strong data-start=\"618\" data-end=\"660\">Pneumatic Assisted Thoracic Elevation:<\/strong> 12\u00b0 upp<\/p>\n<\/li>\n<li data-start=\"671\" data-end=\"720\">\n<p data-start=\"673\" data-end=\"720\"><strong data-start=\"673\" data-end=\"712\">Manual Thoracic Tension Adjustment:<\/strong> \u00b1 10\u00b0<\/p>\n<\/li>\n<\/ul>\n<hr data-start=\"722\" data-end=\"725\" \/>\n<h3 data-start=\"727\" data-end=\"753\"><strong data-start=\"731\" data-end=\"753\">Lower Body Section<\/strong><\/h3>\n<ul data-start=\"755\" data-end=\"1123\">\n<li data-start=\"755\" data-end=\"808\">\n<p data-start=\"757\" data-end=\"808\"><strong data-start=\"757\" data-end=\"781\">Lumbar Drop Section:<\/strong> 10\u00b0 \u00b1 1\u00b0 upp til 15\u00b0 upp<\/p>\n<\/li>\n<li data-start=\"809\" data-end=\"849\">\n<p data-start=\"811\" data-end=\"849\"><strong data-start=\"811\" data-end=\"838\">Lumbar Manual Traction:<\/strong> 10\u00b0 \u00b1 1\u00b0<\/p>\n<\/li>\n<li data-start=\"850\" data-end=\"890\">\n<p data-start=\"852\" data-end=\"890\"><strong data-start=\"852\" data-end=\"888\">Lumbar Long-Axis Manual Traction<\/strong><\/p>\n<\/li>\n<li data-start=\"891\" data-end=\"948\">\n<p data-start=\"893\" data-end=\"948\"><strong data-start=\"893\" data-end=\"926\">Lumbar Section Adjustability:<\/strong> 10\u00b0 ni\u00f0ur \/ 10\u00b0 upp<\/p>\n<\/li>\n<li data-start=\"949\" data-end=\"1014\">\n<p data-start=\"951\" data-end=\"1014\"><strong data-start=\"951\" data-end=\"979\">Semi-Fowler Hip Section:<\/strong> Fyrir \u00e1kj\u00f3sanlega mj\u00f3baksme\u00f0fer\u00f0<\/p>\n<\/li>\n<li data-start=\"1015\" data-end=\"1042\">\n<p data-start=\"1017\" data-end=\"1042\"><strong data-start=\"1017\" data-end=\"1040\">Pelvic Drop Section<\/strong><\/p>\n<\/li>\n<li data-start=\"1043\" data-end=\"1099\">\n<p data-start=\"1045\" data-end=\"1099\"><strong data-start=\"1045\" data-end=\"1097\">Pneumatically Adjustable Pelvic Elevation System<\/strong><\/p>\n<\/li>\n<li data-start=\"1100\" data-end=\"1123\">\n<p data-start=\"1102\" data-end=\"1123\"><strong data-start=\"1102\" data-end=\"1123\">Double Body Hinge<\/strong><\/p>\n<\/li>\n<\/ul>\n<hr data-start=\"1125\" data-end=\"1128\" \/>\n<h3 data-start=\"1130\" data-end=\"1155\"><strong data-start=\"1134\" data-end=\"1155\">Height Adjustment<\/strong><\/h3>\n<ul data-start=\"1157\" data-end=\"1335\">\n<li data-start=\"1157\" data-end=\"1192\">\n<p data-start=\"1159\" data-end=\"1192\"><strong data-start=\"1159\" data-end=\"1176\">Height Range:<\/strong> 48 cm \u2013 92 cm<\/p>\n<\/li>\n<li data-start=\"1193\" data-end=\"1255\">\n<p data-start=\"1195\" data-end=\"1255\"><strong data-start=\"1195\" data-end=\"1223\">Double-Depth \u03c0 Foot Bar:<\/strong> St\u00fdr\u00f0ur me\u00f0 f\u00f3t-\/hli\u00f0arfj\u00f6\u00f0ur<\/p>\n<\/li>\n<li data-start=\"1256\" data-end=\"1284\">\n<p data-start=\"1258\" data-end=\"1284\"><strong data-start=\"1258\" data-end=\"1282\">Hydraulic Hi-Lo Pump<\/strong><\/p>\n<\/li>\n<li data-start=\"1285\" data-end=\"1335\">\n<p data-start=\"1287\" data-end=\"1335\"><strong data-start=\"1287\" data-end=\"1333\">Double-Depth \u03c0 Foot Bar (Foot\/Side Spring)<\/strong><\/p>\n<\/li>\n<\/ul>\n<hr data-start=\"1337\" data-end=\"1340\" \/>\n<h2 data-start=\"1342\" data-end=\"1362\"><strong data-start=\"1345\" data-end=\"1362\">SPECIFICATION<\/strong><\/h2>\n<ul data-start=\"1364\" data-end=\"1642\">\n<li data-start=\"1364\" data-end=\"1387\">\n<p data-start=\"1366\" data-end=\"1387\"><strong data-start=\"1366\" data-end=\"1377\">Length:<\/strong> 1800 mm<\/p>\n<\/li>\n<li data-start=\"1388\" data-end=\"1409\">\n<p data-start=\"1390\" data-end=\"1409\"><strong data-start=\"1390\" data-end=\"1400\">Width:<\/strong> 600 mm<\/p>\n<\/li>\n<li data-start=\"1410\" data-end=\"1447\">\n<p data-start=\"1412\" data-end=\"1447\"><strong data-start=\"1412\" data-end=\"1429\">Height Range:<\/strong> 480 mm \u2013 920 mm<\/p>\n<\/li>\n<li data-start=\"1448\" data-end=\"1491\">\n<p data-start=\"1450\" data-end=\"1491\"><strong data-start=\"1450\" data-end=\"1470\">Head Adjustment:<\/strong> 45\u00b0 down to 25\u00b0 up<\/p>\n<\/li>\n<li data-start=\"1492\" data-end=\"1536\">\n<p data-start=\"1494\" data-end=\"1536\"><strong data-start=\"1494\" data-end=\"1515\">Torso Adjustment:<\/strong> 10\u00b0 down to 15\u00b0 up<\/p>\n<\/li>\n<li data-start=\"1537\" data-end=\"1596\">\n<p data-start=\"1539\" data-end=\"1596\"><strong data-start=\"1539\" data-end=\"1554\">Net Weight:<\/strong> 138 kg (304.2 lbs) \u2013 146 kg (321.2 lbs)<\/p>\n<\/li>\n<li data-start=\"1597\" data-end=\"1642\">\n<p data-start=\"1599\" data-end=\"1642\"><strong data-start=\"1599\" data-end=\"1625\">Safety Working Weight:<\/strong> 250 kg (550 lbs)<\/p>\n<\/li>\n<\/ul>\n","protected":false},"featured_media":5061,"comment_status":"closed","ping_status":"closed","template":"","meta":{"advanced_seo_description":"","jetpack_seo_html_title":"","jetpack_seo_noindex":false,"iawp_total_views":25,"jetpack_publicize_message":"","jetpack_publicize_feature_enabled":true,"jetpack_social_post_already_shared":true,"jetpack_social_options":{"image_generator_settings":{"template":"highway","default_image_id":0,"font":"","enabled":false},"version":2}},"product_brand":[],"product_cat":[87],"product_tag":[],"class_list":{"0":"post-5037","1":"product","2":"type-product","3":"status-publish","4":"has-post-thumbnail","6":"product_cat-rafmagns-snyrti-og-nuddbekkur","8":"first","9":"onbackorder","10":"sale","11":"shipping-taxable","12":"purchasable","13":"product-type-simple"},"jetpack_publicize_connections":[],"jetpack_sharing_enabled":true,"jetpack_likes_enabled":true,"jetpack-related-posts":[],"_links":{"self":[{"href":"https:\/\/egat.is\/nuddvorur\/wp-json\/wp\/v2\/product\/5037","targetHints":{"allow":["GET"]}}],"collection":[{"href":"https:\/\/egat.is\/nuddvorur\/wp-json\/wp\/v2\/product"}],"about":[{"href":"https:\/\/egat.is\/nuddvorur\/wp-json\/wp\/v2\/types\/product"}],"replies":[{"embeddable":true,"href":"https:\/\/egat.is\/nuddvorur\/wp-json\/wp\/v2\/comments?post=5037"}],"wp:featuredmedia":[{"embeddable":true,"href":"https:\/\/egat.is\/nuddvorur\/wp-json\/wp\/v2\/media\/5061"}],"wp:attachment":[{"href":"https:\/\/egat.is\/nuddvorur\/wp-json\/wp\/v2\/media?parent=5037"}],"wp:term":[{"taxonomy":"product_brand","embeddable":true,"href":"https:\/\/egat.is\/nuddvorur\/wp-json\/wp\/v2\/product_brand?post=5037"},{"taxonomy":"product_cat","embeddable":true,"href":"https:\/\/egat.is\/nuddvorur\/wp-json\/wp\/v2\/product_cat?post=5037"},{"taxonomy":"product_tag","embeddable":true,"href":"https:\/\/egat.is\/nuddvorur\/wp-json\/wp\/v2\/product_tag?post=5037"}],"curies":[{"name":"wp","href":"https:\/\/api.w.org\/{rel}","templated":true}]}}