{"id":4892,"date":"2025-10-21T15:20:16","date_gmt":"2025-10-21T15:20:16","guid":{"rendered":"https:\/\/egat.is\/nuddvorur\/?post_type=product&#038;p=4892"},"modified":"2026-03-19T08:44:12","modified_gmt":"2026-03-19T08:44:12","slug":"baron","status":"publish","type":"product","link":"https:\/\/egat.is\/nuddvorur\/product\/baron\/","title":{"rendered":"Baron (Nuddhilla fylgir me\u00f0 ) Vanda\u00f0ur fer\u00f0anuddbekkur \u00e1 fr\u00e1b\u00e6ru ver\u00f0i"},"content":{"rendered":"<p>4-side square edge<br \/>\nReiki endplate on both-ends<br \/>\nShiatsu release cables<br \/>\nEuropean beech wood<br \/>\n2.5&#8243;\/6.35cm\u00a0 multi-layer soft foam system<br \/>\nDouble leg lock knob<br \/>\nHeight range from 23.8&#8243;\/60.5cm up to 32.2&#8243;\/82cm<br \/>\nLoading Capacity: 550lbs\/250kg<\/p>\n","protected":false},"excerpt":{"rendered":"<p>Hilla undir fer\u00f0abekkinn fylgir me\u00f0 https:\/\/egat.is\/nuddvorur\/product\/hilla-undir-ferdabekki\/<\/p>\n<p>-3 Year Limited Warranty<br \/>\n-4-side square edge<br \/>\n-Shiatsu release cables<br \/>\n-Reiki endplate on both-ends<br \/>\n-Headrest outlets on both-ends<br \/>\n-Double leg lock knobs offer extra safety<br \/>\n-Full length piano hinge for extra strength and stability<br \/>\n-Comfort Soft-touch PU upholstering<br \/>\n-2.5&#8243; thick multi-layered Soft-foam system<br \/>\n-Precision crafted non-gap Finger-joint wooden table top<br \/>\n-Super-strong European beech wood<\/p>\n","protected":false},"featured_media":2484,"comment_status":"closed","ping_status":"closed","template":"","meta":{"advanced_seo_description":"","jetpack_seo_html_title":"","jetpack_seo_noindex":false,"iawp_total_views":290,"jetpack_publicize_message":"","jetpack_publicize_feature_enabled":true,"jetpack_social_post_already_shared":true,"jetpack_social_options":{"image_generator_settings":{"template":"highway","default_image_id":0,"font":"","enabled":false},"version":2}},"product_brand":[],"product_cat":[71,115,155],"product_tag":[],"class_list":{"0":"post-4892","1":"product","2":"type-product","3":"status-publish","4":"has-post-thumbnail","6":"product_cat-nuddbekkir","7":"product_cat-nyjar-vorur","8":"product_cat-vorur-a-tilbodi","10":"first","11":"instock","12":"sale","13":"shipping-taxable","14":"purchasable","15":"product-type-variable"},"jetpack_publicize_connections":[],"jetpack_sharing_enabled":true,"jetpack_likes_enabled":true,"jetpack-related-posts":[],"_links":{"self":[{"href":"https:\/\/egat.is\/nuddvorur\/wp-json\/wp\/v2\/product\/4892","targetHints":{"allow":["GET"]}}],"collection":[{"href":"https:\/\/egat.is\/nuddvorur\/wp-json\/wp\/v2\/product"}],"about":[{"href":"https:\/\/egat.is\/nuddvorur\/wp-json\/wp\/v2\/types\/product"}],"replies":[{"embeddable":true,"href":"https:\/\/egat.is\/nuddvorur\/wp-json\/wp\/v2\/comments?post=4892"}],"wp:featuredmedia":[{"embeddable":true,"href":"https:\/\/egat.is\/nuddvorur\/wp-json\/wp\/v2\/media\/2484"}],"wp:attachment":[{"href":"https:\/\/egat.is\/nuddvorur\/wp-json\/wp\/v2\/media?parent=4892"}],"wp:term":[{"taxonomy":"product_brand","embeddable":true,"href":"https:\/\/egat.is\/nuddvorur\/wp-json\/wp\/v2\/product_brand?post=4892"},{"taxonomy":"product_cat","embeddable":true,"href":"https:\/\/egat.is\/nuddvorur\/wp-json\/wp\/v2\/product_cat?post=4892"},{"taxonomy":"product_tag","embeddable":true,"href":"https:\/\/egat.is\/nuddvorur\/wp-json\/wp\/v2\/product_tag?post=4892"}],"curies":[{"name":"wp","href":"https:\/\/api.w.org\/{rel}","templated":true}]}}