{"id":4402,"date":"2025-02-06T09:23:33","date_gmt":"2025-02-06T09:23:33","guid":{"rendered":"https:\/\/egat.is\/nuddvorur\/?post_type=product&#038;p=4402"},"modified":"2025-05-20T18:21:32","modified_gmt":"2025-05-20T18:21:32","slug":"thrihyrningur-i-storan-klefa","status":"publish","type":"product","link":"https:\/\/egat.is\/nuddvorur\/product\/thrihyrningur-i-storan-klefa\/","title":{"rendered":"\u00fer\u00edhyrningur \u00ed St\u00f3ran klefa e\u00f0a hornklefa til a\u00f0 lyggja \u00e1"},"content":{"rendered":"","protected":false},"excerpt":{"rendered":"<div dir=\"auto\"><strong>H\u00e6gt er a\u00f0 lyggja \u00ed hornklefa og 4-6 manna klefa (og taka \u00fat me\u00f0 einu handtaki ef f\u00f3lk vill meira f\u00f3tapl\u00e1ss.)<br \/>\n<\/strong><\/div>\n<div dir=\"auto\"><em><strong>H\u00e6gt a\u00f0 f\u00e1 me\u00f0 \u00feessum klefa \u00fer\u00edhyrning sem er lag\u00f0ur \u00feannig a\u00f0 h\u00e1vaxinn a\u00f0ili getur legi\u00f0 \u00ed honum, tekinn \u00far klefa me\u00f0 einu hantaki<\/strong><\/em><\/div>\n","protected":false},"featured_media":3998,"comment_status":"closed","ping_status":"closed","template":"","meta":{"advanced_seo_description":"","jetpack_seo_html_title":"","jetpack_seo_noindex":false,"iawp_total_views":86,"jetpack_publicize_message":"","jetpack_publicize_feature_enabled":true,"jetpack_social_post_already_shared":true,"jetpack_social_options":{"image_generator_settings":{"template":"highway","default_image_id":0,"font":"","enabled":false},"version":2}},"product_brand":[],"product_cat":[101,205,113],"product_tag":[],"class_list":{"0":"post-4402","1":"product","2":"type-product","3":"status-publish","4":"has-post-thumbnail","6":"product_cat-aukahlutir","7":"product_cat-inni-infraraudir-saunaklefar","8":"product_cat-sauna-klefar","10":"first","11":"instock","12":"shipping-taxable","13":"purchasable","14":"product-type-simple"},"jetpack_publicize_connections":[],"jetpack_sharing_enabled":true,"jetpack_likes_enabled":true,"jetpack-related-posts":[],"_links":{"self":[{"href":"https:\/\/egat.is\/nuddvorur\/wp-json\/wp\/v2\/product\/4402","targetHints":{"allow":["GET"]}}],"collection":[{"href":"https:\/\/egat.is\/nuddvorur\/wp-json\/wp\/v2\/product"}],"about":[{"href":"https:\/\/egat.is\/nuddvorur\/wp-json\/wp\/v2\/types\/product"}],"replies":[{"embeddable":true,"href":"https:\/\/egat.is\/nuddvorur\/wp-json\/wp\/v2\/comments?post=4402"}],"wp:featuredmedia":[{"embeddable":true,"href":"https:\/\/egat.is\/nuddvorur\/wp-json\/wp\/v2\/media\/3998"}],"wp:attachment":[{"href":"https:\/\/egat.is\/nuddvorur\/wp-json\/wp\/v2\/media?parent=4402"}],"wp:term":[{"taxonomy":"product_brand","embeddable":true,"href":"https:\/\/egat.is\/nuddvorur\/wp-json\/wp\/v2\/product_brand?post=4402"},{"taxonomy":"product_cat","embeddable":true,"href":"https:\/\/egat.is\/nuddvorur\/wp-json\/wp\/v2\/product_cat?post=4402"},{"taxonomy":"product_tag","embeddable":true,"href":"https:\/\/egat.is\/nuddvorur\/wp-json\/wp\/v2\/product_tag?post=4402"}],"curies":[{"name":"wp","href":"https:\/\/api.w.org\/{rel}","templated":true}]}}