{"id":421,"date":"2020-01-11T03:22:14","date_gmt":"2020-01-11T03:22:14","guid":{"rendered":"http:\/\/egat.is\/nuddvorur\/product\/import-placeholder-for-2875\/"},"modified":"2026-03-04T11:02:53","modified_gmt":"2026-03-04T11:02:53","slug":"egat-canon-medferdabekkur","status":"publish","type":"product","link":"https:\/\/egat.is\/nuddvorur\/product\/egat-canon-medferdabekkur\/","title":{"rendered":"Egat Canon Nudd\/Me\u00f0fer\u00f0abekkur Til \u00e1 lager"},"content":{"rendered":"<p>Video below.<\/p>\n<p><a href=\"https:\/\/egat.is\/nuddvorur\/wp-content\/uploads\/2020\/01\/canon.mov\">canon<\/a><\/p>\n<p>H\u00e6gt a\u00f0 h\u00e6kka og l\u00e6kka me\u00f0 f\u00f3tstigi sem er allan hring kringum bekkinn<\/p>\n<p>me\u00f0 \u00f6rmum a\u00f0 framan sem falla ni\u00f0ur og til hli\u00f0ar<\/p>\n<p>me\u00f0 hli\u00f0ar\u00f6rmum sem er h\u00e6gt a\u00f0 fella ni\u00f0ur 12 cm sitthvorumegin<\/p>\n<p>me\u00f0 lyftingu \u00ed mi\u00f0ju<\/p>\n<p>me\u00f0 lyftingu \u00e1 enda<\/p>\n<p>me\u00f0 andlitslyfitingu upp og ni\u00f0ur<\/p>\n<p>me\u00f0 lyftib\u00fana\u00f0i til a\u00f0 setja ni\u00f0ur me\u00f0 f\u00e6ti allann hringinn<\/p>\n<p>me\u00f0 b\u00fana\u00f0i sem setur bekk ni\u00f0ur af hj\u00f3lum \u00e1 \u00b4g\u00f3lf me\u00f0 f\u00f3tstigi.<\/p>\n<p>me\u00f0 \u00f6rmum a\u00f0 framan til a\u00f0 setja ni\u00f0ur og til hli\u00f0ar<\/p>\n<p>Dewart \u00feyskir m\u00f3torar.<\/p>\n<p>Ol\u00edu og vatnsheldur bekkur me\u00f0 2,5&#8243; \u00feykka multi-layer d\u00fdnu.G\u00f3\u00f0ur og traustur raflyftari me\u00f0 \u00fe\u00fdskum Dewart m\u00f3torum &#8211;<\/p>\n<p><small><big>Lifting Capacity: 272 kg<br \/>\nBlack color<br \/>\nLength:1.98<br \/>\nWidth:73,6cm + side bar 12 cm sitthvoru megin sem er h\u00e6gt a\u00f0 fella undir bekk me\u00f0 einu handtaki<br \/>\n<\/big><big><big><big><\/big><\/big><\/big><big>Weight Range:28&#8243;:141lbs\/64kg,30&#8243;:147lbs\/67kg<br \/>\nHeight Range:17.3&#8220;\/ 45cm ~ 39&#8220;\/ 98cm<br \/>\nCushion:2,5&#8243;\/6.7cm multi-layer Soft-foam system<br \/>\nUpholstery: Comfort Soft-touch PU upholstering.<br \/>\n<\/big><\/small><big><small>Electric massage table: Construction: 2 year guarantee, motor: 2 year guarantee, vinyl and accessories: 2<\/small><\/big> years<br \/>\n<small><big> Easy to use foot pedal and hand controller. Heavy duty steel frame<br \/>\nElectrically controlled backrest and leg rest<br \/>\nSmooth, reliable electric lift actuator<br \/>\nEasy control powerlift height adjustment<br \/>\nHeavy duty Polypropylene wheels for ease\u00a0 transportation<br \/>\n2,5&#8243; thick multi-layer Soft foam system<br \/>\nComfort Soft-touch luxurious PU upholstering<br \/>\nOil and Waterproof<\/big><\/small><\/p>\n","protected":false},"excerpt":{"rendered":"<p><span data-text-color=\"success\">\u00a0Hvort viltu kaupa \u00feennan bekk \u00e1 415,000 &#8211; 469.000 e\u00f0a samskonar Me\u00f0fer\u00f0abekk \u00e1 1,3m \u00e1 \u00f6\u00f0rum sta\u00f0 ?<\/span><\/p>\n<p>Lyftir 272 kg<\/p>\n<div style=\"width: 544px;\" class=\"wp-video\"><video class=\"wp-video-shortcode\" id=\"video-421-1\" width=\"544\" height=\"960\" preload=\"metadata\" controls=\"controls\"><source type=\"video\/mp4\" src=\"https:\/\/egat.is\/nuddvorur\/wp-content\/uploads\/2020\/01\/2.mp4?_=1\" \/><a href=\"https:\/\/egat.is\/nuddvorur\/wp-content\/uploads\/2020\/01\/2.mp4\">https:\/\/egat.is\/nuddvorur\/wp-content\/uploads\/2020\/01\/2.mp4<\/a><\/video><\/div>\n<p>H\u00e6gt a\u00f0 h\u00e6kka og l\u00e6kka me\u00f0 f\u00f3tstigi sem er allan hring kringum bekkinn<\/p>\n<p>me\u00f0 \u00f6rmum sem falla ni\u00f0ur og til hli\u00f0ar<\/p>\n<p>me\u00f0 hli\u00f0ar\u00f6rmum sem er h\u00e6gt a\u00f0 fella ni\u00f0ur 12 cm sitthvorumegin<\/p>\n<p>me\u00f0 lyftingu \u00e1 enda<\/p>\n<p>me\u00f0 andlitslyfitingu upp og ni\u00f0ur<\/p>\n<p>me\u00f0 lyftib\u00fana\u00f0i til a\u00f0 setja ni\u00f0ur me\u00f0 f\u00e6ti allann hringinn<\/p>\n<p>me\u00f0 b\u00fana\u00f0i sem setur bekk ni\u00f0ur af hj\u00f3lum \u00e1 \u00b4g\u00f3lf me\u00f0 f\u00f3tstigi.<\/p>\n<p>me\u00f0 \u00f6rmum a\u00f0 framan til a\u00f0 setja ni\u00f0ur og til hli\u00f0ar<\/p>\n<p>Dewart \u00feyskir m\u00f3torar.<\/p>\n<p>Ol\u00edu og vatnsheldur bekkur me\u00f0 2,5&#8243; \u00feykka multi-layer d\u00fdnu.G\u00f3\u00f0ur og traustur raflyftari me\u00f0 \u00fe\u00fdskum Dewart m\u00f3torum<\/p>\n<p><small><big>Lifting Capacity: 272 kg<br \/>\nBlack color<br \/>\nLength:1.98<br \/>\nWidth:73,6cm + side bar 12 cm sitthvoru megin sem er h\u00e6gt a\u00f0 fella undir bekk me\u00f0 einu handtaki<br \/>\n<\/big><big><big><big><\/big><\/big><\/big><big>Weight Range:28&#8243;:141lbs\/64kg,30&#8243;:147lbs\/67kg<br \/>\nHeight Range:17.3&#8220;\/ 45cm ~ 39&#8220;\/ 98cm<br \/>\nCushion:2,5&#8243;\/6.7cm multi-layer Soft-foam system<br \/>\nUpholstery: Comfort Soft-touch PU upholstering.<br \/>\n<\/big><\/small><big><small>Electric massage table: Construction: 2 year guarantee, motor: 2 year guarantee, vinyl and accessories: 2<\/small><\/big> years<br \/>\n<small><big> Easy to use foot pedal and hand controller. Heavy duty steel frame<br \/>\nElectrically controlled backrest and leg rest<br \/>\nSmooth, reliable electric lift actuator<br \/>\nEasy control powerlift height adjustment<br \/>\nHeavy duty Polypropylene wheels for ease\u00a0 transportation<br \/>\n2,5&#8243; thick multi-layer Soft foam system<br \/>\nComfort Soft-touch luxurious PU upholstering<br \/>\nOil and Waterproof<\/big><\/small><\/p>\n","protected":false},"featured_media":1509,"comment_status":"closed","ping_status":"closed","template":"","meta":{"advanced_seo_description":"","jetpack_seo_html_title":"","jetpack_seo_noindex":false,"iawp_total_views":439,"jetpack_publicize_message":"","jetpack_publicize_feature_enabled":true,"jetpack_social_post_already_shared":false,"jetpack_social_options":{"image_generator_settings":{"template":"highway","default_image_id":0,"font":"","enabled":false},"version":2}},"product_brand":[],"product_cat":[87],"product_tag":[],"class_list":{"0":"post-421","1":"product","2":"type-product","3":"status-publish","4":"has-post-thumbnail","6":"product_cat-rafmagns-snyrti-og-nuddbekkur","8":"first","9":"instock","10":"sale","11":"shipping-taxable","12":"purchasable","13":"product-type-variable"},"jetpack_publicize_connections":[],"jetpack_sharing_enabled":true,"jetpack_likes_enabled":true,"jetpack-related-posts":[],"_links":{"self":[{"href":"https:\/\/egat.is\/nuddvorur\/wp-json\/wp\/v2\/product\/421","targetHints":{"allow":["GET"]}}],"collection":[{"href":"https:\/\/egat.is\/nuddvorur\/wp-json\/wp\/v2\/product"}],"about":[{"href":"https:\/\/egat.is\/nuddvorur\/wp-json\/wp\/v2\/types\/product"}],"replies":[{"embeddable":true,"href":"https:\/\/egat.is\/nuddvorur\/wp-json\/wp\/v2\/comments?post=421"}],"wp:featuredmedia":[{"embeddable":true,"href":"https:\/\/egat.is\/nuddvorur\/wp-json\/wp\/v2\/media\/1509"}],"wp:attachment":[{"href":"https:\/\/egat.is\/nuddvorur\/wp-json\/wp\/v2\/media?parent=421"}],"wp:term":[{"taxonomy":"product_brand","embeddable":true,"href":"https:\/\/egat.is\/nuddvorur\/wp-json\/wp\/v2\/product_brand?post=421"},{"taxonomy":"product_cat","embeddable":true,"href":"https:\/\/egat.is\/nuddvorur\/wp-json\/wp\/v2\/product_cat?post=421"},{"taxonomy":"product_tag","embeddable":true,"href":"https:\/\/egat.is\/nuddvorur\/wp-json\/wp\/v2\/product_tag?post=421"}],"curies":[{"name":"wp","href":"https:\/\/api.w.org\/{rel}","templated":true}]}}