{"id":4142,"date":"2024-11-12T15:00:57","date_gmt":"2024-11-12T15:00:57","guid":{"rendered":"https:\/\/egat.is\/nuddvorur\/?post_type=product&#038;p=4142"},"modified":"2026-03-04T11:25:20","modified_gmt":"2026-03-04T11:25:20","slug":"axy-550","status":"publish","type":"product","link":"https:\/\/egat.is\/nuddvorur\/product\/axy-550\/","title":{"rendered":"Egat Axy 550 Til \u00e1 lager (ath flutningsver\u00f0 er ekki me\u00f0 \u00ed kostna\u00f0i hvar sem \u00feu ert \u00e1 landinu )"},"content":{"rendered":"<p>Electric Beauty Chair Bed is designed to meet the needs of a wide range of professional services.\u00a0Its advanced features and user-friendly design make it an ideal choice for practitioners looking for versatility and comfort.<\/p>\n<p>Fully powered 4 motors control the height, backrest, seat inclination and leg-rest. Allows for precise and effortless adjustments to enhance client comfort and practitioner convenience.<\/p>\n<p>The Electric Examination Treatment\u00a0Chair can achieve a full Trendelenburg position adds an invaluable dimension to client care. This feature enhances blood circulation and comfort, particularly beneficial for lengthy or specialized treatments.<\/p>\n<p>The treatment chair bed can achieve a 90\u00b0 angle without touch the base, allowing close access without obstruction. The backrest can be adjusted up to 76\u00b0\u00a0,almost reaching a vertical angle.<\/p>\n<p>&nbsp;<\/p>\n","protected":false},"excerpt":{"rendered":"<p>S\u00f6mu eiginleikar og Axy 500 nema me\u00f0 extra fyrir f\u00e6tur sem er hentugt fyrir vaxme\u00f0fer\u00f0ir og anna\u00f0.<\/p>\n<p>Tilbo\u00f0 430.000<\/p>\n<p>Specification:<br \/>\n\u2022 Length: 72.8&#8243;\/185cm<br \/>\n\u2022 Width: 23.6&#8243;\/60cm(34&#8243;\/86cm including side armrest)<br \/>\n\u2022 Height:<br \/>\n\u2022 Working Capacity: 4401bs\/200kg<br \/>\n\u2022 Product Weight: 1741bs\/79kg<br \/>\n\u2022 Gross Weight: 2031bs\/92kg<br \/>\nFeatures:<br \/>\nElectric height adjustment<br \/>\nElectric tilting backrest 00-750 angle adjustment<br \/>\nElectric tilting legrest 0-900 angle adjustment<br \/>\nElectric table Inclination 00-120<br \/>\nMemory system, hand controller<br \/>\nRemovable leveled side armrests<br \/>\nDurable PVC yet soft like PU<br \/>\nLuxious 3.5&#8243;\/8.7cm foam pading<br \/>\nRemovable and adjustable neck\/face pillow<br \/>\nTip: Stirrups weigh 151bs\/ 6.8kg<\/p>\n","protected":false},"featured_media":4144,"comment_status":"closed","ping_status":"closed","template":"","meta":{"advanced_seo_description":"","jetpack_seo_html_title":"","jetpack_seo_noindex":false,"iawp_total_views":344,"jetpack_publicize_message":"","jetpack_publicize_feature_enabled":true,"jetpack_social_post_already_shared":true,"jetpack_social_options":{"image_generator_settings":{"template":"highway","default_image_id":0,"font":"","enabled":false},"version":2}},"product_brand":[],"product_cat":[115,87],"product_tag":[],"class_list":{"0":"post-4142","1":"product","2":"type-product","3":"status-publish","4":"has-post-thumbnail","6":"product_cat-nyjar-vorur","7":"product_cat-rafmagns-snyrti-og-nuddbekkur","9":"first","10":"instock","11":"sale","12":"shipping-taxable","13":"purchasable","14":"product-type-simple"},"jetpack_publicize_connections":[],"jetpack_sharing_enabled":true,"jetpack_likes_enabled":true,"jetpack-related-posts":[],"_links":{"self":[{"href":"https:\/\/egat.is\/nuddvorur\/wp-json\/wp\/v2\/product\/4142","targetHints":{"allow":["GET"]}}],"collection":[{"href":"https:\/\/egat.is\/nuddvorur\/wp-json\/wp\/v2\/product"}],"about":[{"href":"https:\/\/egat.is\/nuddvorur\/wp-json\/wp\/v2\/types\/product"}],"replies":[{"embeddable":true,"href":"https:\/\/egat.is\/nuddvorur\/wp-json\/wp\/v2\/comments?post=4142"}],"wp:featuredmedia":[{"embeddable":true,"href":"https:\/\/egat.is\/nuddvorur\/wp-json\/wp\/v2\/media\/4144"}],"wp:attachment":[{"href":"https:\/\/egat.is\/nuddvorur\/wp-json\/wp\/v2\/media?parent=4142"}],"wp:term":[{"taxonomy":"product_brand","embeddable":true,"href":"https:\/\/egat.is\/nuddvorur\/wp-json\/wp\/v2\/product_brand?post=4142"},{"taxonomy":"product_cat","embeddable":true,"href":"https:\/\/egat.is\/nuddvorur\/wp-json\/wp\/v2\/product_cat?post=4142"},{"taxonomy":"product_tag","embeddable":true,"href":"https:\/\/egat.is\/nuddvorur\/wp-json\/wp\/v2\/product_tag?post=4142"}],"curies":[{"name":"wp","href":"https:\/\/api.w.org\/{rel}","templated":true}]}}