{"id":4086,"date":"2024-11-04T12:31:45","date_gmt":"2024-11-04T12:31:45","guid":{"rendered":"https:\/\/egat.is\/nuddvorur\/?post_type=product&#038;p=4086"},"modified":"2026-03-10T09:45:50","modified_gmt":"2026-03-10T09:45:50","slug":"hnakkastoll-med-chrome-fotum","status":"publish","type":"product","link":"https:\/\/egat.is\/nuddvorur\/product\/hnakkastoll-med-chrome-fotum\/","title":{"rendered":"Egat Backing Soft hnakkast\u00f3ll mj\u00fakur a\u00f0 sitja \u00e1 me\u00f0 chrome f\u00f3tum"},"content":{"rendered":"","protected":false},"excerpt":{"rendered":"<p>The size of this Saddle stool is 400*390*530~690mm, it&#8217;s characterized with its unique and fashionable shape, the humanistic slope is designed according to body mechanics. When clients sitting on the stool they will feel balanced and comfortable.<\/p>\n<p>Chrome Five-Star-Base Seat Size: 15.7&#8243;\/40cmX15.4&#8243;\/39cm Height Adjustment from:20.8&#8243;\/53cm ~ 27.1&#8243;\/69cm<\/p>\n","protected":false},"featured_media":4096,"comment_status":"closed","ping_status":"closed","template":"","meta":{"advanced_seo_description":"","jetpack_seo_html_title":"","jetpack_seo_noindex":false,"iawp_total_views":399,"jetpack_publicize_message":"","jetpack_publicize_feature_enabled":true,"jetpack_social_post_already_shared":true,"jetpack_social_options":{"image_generator_settings":{"template":"highway","default_image_id":0,"font":"","enabled":false},"version":2}},"product_brand":[],"product_cat":[115,85,155],"product_tag":[],"class_list":{"0":"post-4086","1":"product","2":"type-product","3":"status-publish","4":"has-post-thumbnail","6":"product_cat-nyjar-vorur","7":"product_cat-hnakkastolar","8":"product_cat-vorur-a-tilbodi","10":"first","11":"outofstock","12":"sale","13":"shipping-taxable","14":"purchasable","15":"product-type-variable","16":"has-default-attributes"},"jetpack_publicize_connections":[],"jetpack_sharing_enabled":true,"jetpack_likes_enabled":true,"jetpack-related-posts":[],"_links":{"self":[{"href":"https:\/\/egat.is\/nuddvorur\/wp-json\/wp\/v2\/product\/4086","targetHints":{"allow":["GET"]}}],"collection":[{"href":"https:\/\/egat.is\/nuddvorur\/wp-json\/wp\/v2\/product"}],"about":[{"href":"https:\/\/egat.is\/nuddvorur\/wp-json\/wp\/v2\/types\/product"}],"replies":[{"embeddable":true,"href":"https:\/\/egat.is\/nuddvorur\/wp-json\/wp\/v2\/comments?post=4086"}],"wp:featuredmedia":[{"embeddable":true,"href":"https:\/\/egat.is\/nuddvorur\/wp-json\/wp\/v2\/media\/4096"}],"wp:attachment":[{"href":"https:\/\/egat.is\/nuddvorur\/wp-json\/wp\/v2\/media?parent=4086"}],"wp:term":[{"taxonomy":"product_brand","embeddable":true,"href":"https:\/\/egat.is\/nuddvorur\/wp-json\/wp\/v2\/product_brand?post=4086"},{"taxonomy":"product_cat","embeddable":true,"href":"https:\/\/egat.is\/nuddvorur\/wp-json\/wp\/v2\/product_cat?post=4086"},{"taxonomy":"product_tag","embeddable":true,"href":"https:\/\/egat.is\/nuddvorur\/wp-json\/wp\/v2\/product_tag?post=4086"}],"curies":[{"name":"wp","href":"https:\/\/api.w.org\/{rel}","templated":true}]}}