{"id":4080,"date":"2024-11-04T17:49:26","date_gmt":"2024-11-04T17:49:26","guid":{"rendered":"https:\/\/egat.is\/nuddvorur\/?post_type=product&#038;p=4080"},"modified":"2025-10-24T17:43:08","modified_gmt":"2025-10-24T17:43:08","slug":"vatnsheld-lok-a-bekki-med-teygju-einnota","status":"publish","type":"product","link":"https:\/\/egat.is\/nuddvorur\/product\/vatnsheld-lok-a-bekki-med-teygju-einnota\/","title":{"rendered":"Vatnsheld l\u00f6k \u00e1 bekki me\u00f0 teygju einnota 10 stk"},"content":{"rendered":"","protected":false},"excerpt":{"rendered":"<p>Disposable Fitted Table Cover 10pcs Pack<br \/>\nProduct name:Disposable Fitted table Cover 50pcs Pack<br \/>\nColor: White<br \/>\nMaterial: Non-woven Cloth<br \/>\n&#8211; Universal size fits most all portable and stationary tables 72&#8243;-76&#8243; Length x 25&#8243;-30&#8243; Width<br \/>\n&#8211; 100% Safe and Sanitary and recommended by health professionals<br \/>\n&#8211; Asepsis to avoid bacterial infection and anaphylaxis of the body<br \/>\n&#8211; Easy to use and gets rid of unnecessary laundry<br \/>\n&#8211; 10 pcs in a pack<\/p>\n","protected":false},"featured_media":4081,"comment_status":"closed","ping_status":"closed","template":"","meta":{"advanced_seo_description":"","jetpack_seo_html_title":"","jetpack_seo_noindex":false,"iawp_total_views":177,"jetpack_publicize_message":"","jetpack_publicize_feature_enabled":true,"jetpack_social_post_already_shared":true,"jetpack_social_options":{"image_generator_settings":{"template":"highway","default_image_id":0,"font":"","enabled":false},"version":2}},"product_brand":[],"product_cat":[84,202,101,237,152,231,73,115,116],"product_tag":[],"class_list":{"0":"post-4080","1":"product","2":"type-product","3":"status-publish","4":"has-post-thumbnail","6":"product_cat-andlitslok","7":"product_cat-andlitspappir","8":"product_cat-aukahlutir","9":"product_cat-einnota-hlutir","10":"product_cat-lok-a-nuddbekki","11":"product_cat-naudsynlegir-hlutir-fyrir-nuddarann","12":"product_cat-nuddlok","13":"product_cat-nyjar-vorur","14":"product_cat-smavara","16":"first","17":"instock","18":"shipping-taxable","19":"purchasable","20":"product-type-simple"},"jetpack_publicize_connections":[],"jetpack_sharing_enabled":true,"jetpack_likes_enabled":true,"jetpack-related-posts":[],"_links":{"self":[{"href":"https:\/\/egat.is\/nuddvorur\/wp-json\/wp\/v2\/product\/4080","targetHints":{"allow":["GET"]}}],"collection":[{"href":"https:\/\/egat.is\/nuddvorur\/wp-json\/wp\/v2\/product"}],"about":[{"href":"https:\/\/egat.is\/nuddvorur\/wp-json\/wp\/v2\/types\/product"}],"replies":[{"embeddable":true,"href":"https:\/\/egat.is\/nuddvorur\/wp-json\/wp\/v2\/comments?post=4080"}],"wp:featuredmedia":[{"embeddable":true,"href":"https:\/\/egat.is\/nuddvorur\/wp-json\/wp\/v2\/media\/4081"}],"wp:attachment":[{"href":"https:\/\/egat.is\/nuddvorur\/wp-json\/wp\/v2\/media?parent=4080"}],"wp:term":[{"taxonomy":"product_brand","embeddable":true,"href":"https:\/\/egat.is\/nuddvorur\/wp-json\/wp\/v2\/product_brand?post=4080"},{"taxonomy":"product_cat","embeddable":true,"href":"https:\/\/egat.is\/nuddvorur\/wp-json\/wp\/v2\/product_cat?post=4080"},{"taxonomy":"product_tag","embeddable":true,"href":"https:\/\/egat.is\/nuddvorur\/wp-json\/wp\/v2\/product_tag?post=4080"}],"curies":[{"name":"wp","href":"https:\/\/api.w.org\/{rel}","templated":true}]}}