{"id":4015,"date":"2024-11-25T10:45:16","date_gmt":"2024-11-25T10:45:16","guid":{"rendered":"https:\/\/egat.is\/nuddvorur\/?post_type=product&#038;p=4015"},"modified":"2026-04-17T14:41:56","modified_gmt":"2026-04-17T14:41:56","slug":"egat-caddy","status":"publish","type":"product","link":"https:\/\/egat.is\/nuddvorur\/product\/egat-caddy\/","title":{"rendered":"Egat Flex Fer\u00f0anuddbekkur ( lj\u00f3sir Vi\u00f0arf\u00e6tur ) ( Ol\u00edubelti fylgir )"},"content":{"rendered":"","protected":false},"excerpt":{"rendered":"<p><span data-text-color=\"alert\"><strong>\u00a0tilbo\u00f0 \u00far 71.900.000 \u00ed 49.900<\/strong><\/span><\/p>\n<p><em><big><big><small>\u2013 Vatns og ol\u00edhelt \u00e1kl\u00e6\u00f0i\u00a0 <\/small><\/big><\/big><big><br \/>\n-Fer\u00f0ataska fylgir<br \/>\n-2 \u00e1ra \u00e1byrg\u00f0<br \/>\n-\u00feyngd 16,0 kg<br \/>\n-\u00feykkt \u00e1 d\u00fdnu er 6,35 cm<br \/>\n-Tekur st\u00f6\u00f0uga vigt 1250 kg<br \/>\n-Breidd er 76 cm me\u00f0 breikkun fyrir handleggi 10 cm hvoru megin sem h\u00e6gt er a\u00f0 taka \u00far me\u00f0 einu handtaki<\/big><\/em><em><big> (mj\u00f3rri bor\u00f0 eru\u00a0 of mj\u00f3 fyrir venjulega l\u00edkamsbreidd)<br \/>\n-gat fyrir h\u00f6fu\u00f0p\u00fa\u00f0a \u00e1 b\u00e1\u00f0um endum<br \/>\n-Beige, svartir, v\u00ednrau\u00f0ir (Burgundy)<\/big><\/em><\/p>\n<p><em><big>lengd er 195 cm fyrir utan h\u00f6fu\u00f0p\u00fa\u00f0a ( ath ekki 184cm )<br \/>\n(sem \u00fe\u00fd\u00f0ir a\u00f0 bekkurinn tekur h\u00e1vaxnara f\u00f3lk<br \/>\n<\/big><\/em><\/p>\n<p>&nbsp;<\/p>\n<p><em>-2 Year Limited Warranty- Rounded corners<br \/>\n\u2013 Reiki endplate on both-ends<big><br \/>\n<\/big>\u2013 Headrest outlets on both-ends<br \/>\n\u2013 Double leg lock knobs offer extra safety<br \/>\n\u2013 Full length piano hinge for extra strength and stability<big><small><br \/>\n<\/small><\/big>\u2013 Comfort soft-touch pvc upholstering<\/em><\/p>\n<p><em>P\u00fa\u00f0i til a\u00f0 taka \u00far bekk fyrir andlit ef \u00fea\u00f0 hentar<\/em><\/p>\n<p>Bak sem er h\u00e6gt a\u00f0 setja \u00ed mismunandi 11 stillingar e\u00f0a alveg ni\u00f0ur.<\/p>\n<p>Length:195cm, width: 30&#8243;, 2.5&#8243; thickness foam, Round Edge Corner, Double Wooden Lock Knobs,Breath Hole with Filler, Include Face Cushion, Face Cradle, Front Armrest, carrying bag with one pocket, Natural color leg, with side armrest<\/p>\n","protected":false},"featured_media":5295,"comment_status":"closed","ping_status":"closed","template":"","meta":{"advanced_seo_description":"","jetpack_seo_html_title":"","jetpack_seo_noindex":false,"iawp_total_views":1035,"jetpack_publicize_message":"","jetpack_publicize_feature_enabled":true,"jetpack_social_post_already_shared":true,"jetpack_social_options":{"image_generator_settings":{"template":"highway","default_image_id":0,"font":"","enabled":false},"version":2}},"product_brand":[],"product_cat":[71,115,155],"product_tag":[],"class_list":{"0":"post-4015","1":"product","2":"type-product","3":"status-publish","4":"has-post-thumbnail","6":"product_cat-nuddbekkir","7":"product_cat-nyjar-vorur","8":"product_cat-vorur-a-tilbodi","10":"first","11":"instock","12":"sale","13":"shipping-taxable","14":"purchasable","15":"product-type-variable"},"jetpack_publicize_connections":[],"jetpack_sharing_enabled":true,"jetpack_likes_enabled":true,"jetpack-related-posts":[],"_links":{"self":[{"href":"https:\/\/egat.is\/nuddvorur\/wp-json\/wp\/v2\/product\/4015","targetHints":{"allow":["GET"]}}],"collection":[{"href":"https:\/\/egat.is\/nuddvorur\/wp-json\/wp\/v2\/product"}],"about":[{"href":"https:\/\/egat.is\/nuddvorur\/wp-json\/wp\/v2\/types\/product"}],"replies":[{"embeddable":true,"href":"https:\/\/egat.is\/nuddvorur\/wp-json\/wp\/v2\/comments?post=4015"}],"wp:featuredmedia":[{"embeddable":true,"href":"https:\/\/egat.is\/nuddvorur\/wp-json\/wp\/v2\/media\/5295"}],"wp:attachment":[{"href":"https:\/\/egat.is\/nuddvorur\/wp-json\/wp\/v2\/media?parent=4015"}],"wp:term":[{"taxonomy":"product_brand","embeddable":true,"href":"https:\/\/egat.is\/nuddvorur\/wp-json\/wp\/v2\/product_brand?post=4015"},{"taxonomy":"product_cat","embeddable":true,"href":"https:\/\/egat.is\/nuddvorur\/wp-json\/wp\/v2\/product_cat?post=4015"},{"taxonomy":"product_tag","embeddable":true,"href":"https:\/\/egat.is\/nuddvorur\/wp-json\/wp\/v2\/product_tag?post=4015"}],"curies":[{"name":"wp","href":"https:\/\/api.w.org\/{rel}","templated":true}]}}