{"id":3752,"date":"2024-06-24T10:27:25","date_gmt":"2024-06-24T10:27:25","guid":{"rendered":"https:\/\/egat.is\/nuddvorur\/?post_type=product&#038;p=3752"},"modified":"2025-10-14T09:05:00","modified_gmt":"2025-10-14T09:05:00","slug":"uti-infrared-sauna-tunna","status":"publish","type":"product","link":"https:\/\/egat.is\/nuddvorur\/product\/uti-infrared-sauna-tunna\/","title":{"rendered":"\u00dati Infrared Sauna Tunna 6 &#8211; 8 manna"},"content":{"rendered":"","protected":false},"excerpt":{"rendered":"<p>&nbsp;<\/p>\n<p>Me\u00f0 Red Cedar vi\u00f0 sem myglar ekki.<\/p>\n<p>hiti upp \u00ed 75 c gr\u00e1\u00f0ur<\/p>\n<p>Without porch,inside bench<br \/>\nsize:2224mm (6-8 manna )<\/p>\n<p>Me\u00f0 Red Cedar vi\u00f0 sem myglar ekki<\/p>\n<p>Diameter1800*2400L mm<br \/>\nwithout porch,inside bench<\/p>\n<p>FULL SPECTRUM HEATER<br \/>\nCARBON PANEL HEATER<\/p>\n<p>38mm thick wood<br \/>\n1.With Porch\/Without porch<br \/>\n2. Explosion-proof light<br \/>\n3. Wooden Door Handle<br \/>\n4.8mm Transparent tempered glass<br \/>\n5.Rubber hammer<br \/>\n6.Shingles<br \/>\nPackage: Wooden box<br \/>\nDark glass door*1PC<br \/>\nTherapy light*1PC<br \/>\nSpeaker*2PCS<br \/>\nBackrest*1PC<\/p>\n<p>4900W<\/p>\n<p>490KGS<\/p>\n","protected":false},"featured_media":3824,"comment_status":"closed","ping_status":"closed","template":"","meta":{"advanced_seo_description":"","jetpack_seo_html_title":"","jetpack_seo_noindex":false,"iawp_total_views":625,"jetpack_publicize_message":"","jetpack_publicize_feature_enabled":true,"jetpack_social_post_already_shared":true,"jetpack_social_options":{"image_generator_settings":{"template":"highway","default_image_id":0,"font":"","enabled":false},"version":2}},"product_brand":[],"product_cat":[115,113,204,155],"product_tag":[],"class_list":{"0":"post-3752","1":"product","2":"type-product","3":"status-publish","4":"has-post-thumbnail","6":"product_cat-nyjar-vorur","7":"product_cat-sauna-klefar","8":"product_cat-uti-infraraudir-saunaklefar","9":"product_cat-vorur-a-tilbodi","11":"first","12":"outofstock","13":"sale","14":"shipping-taxable","15":"purchasable","16":"product-type-simple"},"jetpack_publicize_connections":[],"jetpack_sharing_enabled":true,"jetpack_likes_enabled":true,"jetpack-related-posts":[],"_links":{"self":[{"href":"https:\/\/egat.is\/nuddvorur\/wp-json\/wp\/v2\/product\/3752","targetHints":{"allow":["GET"]}}],"collection":[{"href":"https:\/\/egat.is\/nuddvorur\/wp-json\/wp\/v2\/product"}],"about":[{"href":"https:\/\/egat.is\/nuddvorur\/wp-json\/wp\/v2\/types\/product"}],"replies":[{"embeddable":true,"href":"https:\/\/egat.is\/nuddvorur\/wp-json\/wp\/v2\/comments?post=3752"}],"wp:featuredmedia":[{"embeddable":true,"href":"https:\/\/egat.is\/nuddvorur\/wp-json\/wp\/v2\/media\/3824"}],"wp:attachment":[{"href":"https:\/\/egat.is\/nuddvorur\/wp-json\/wp\/v2\/media?parent=3752"}],"wp:term":[{"taxonomy":"product_brand","embeddable":true,"href":"https:\/\/egat.is\/nuddvorur\/wp-json\/wp\/v2\/product_brand?post=3752"},{"taxonomy":"product_cat","embeddable":true,"href":"https:\/\/egat.is\/nuddvorur\/wp-json\/wp\/v2\/product_cat?post=3752"},{"taxonomy":"product_tag","embeddable":true,"href":"https:\/\/egat.is\/nuddvorur\/wp-json\/wp\/v2\/product_tag?post=3752"}],"curies":[{"name":"wp","href":"https:\/\/api.w.org\/{rel}","templated":true}]}}