{"id":3751,"date":"2024-06-24T10:28:06","date_gmt":"2024-06-24T10:28:06","guid":{"rendered":"https:\/\/egat.is\/nuddvorur\/?post_type=product&#038;p=3751"},"modified":"2025-09-15T10:22:12","modified_gmt":"2025-09-15T10:22:12","slug":"uti-infrared-sauna-tunna-4","status":"publish","type":"product","link":"https:\/\/egat.is\/nuddvorur\/product\/uti-infrared-sauna-tunna-4\/","title":{"rendered":"\u00dati Infrared Sauna Tunna 4 manna"},"content":{"rendered":"","protected":false},"excerpt":{"rendered":"<p>without porch,inside bench size:1624mm (4 person size)<\/p>\n<p>hiti upp \u00ed 75 c gr\u00e1\u00f0ur<\/p>\n<p>Me\u00f0 Red Cedar vi\u00f0 sem myglar ekki<\/p>\n<p>Diameter1800*1800L mm<br \/>\nwithout porch,inside bench<\/p>\n<p>FULL SPECTRUM HEATER<br \/>\nCARBON PANEL HEATER<\/p>\n<p>38mm thick wood<br \/>\n1.With Porch\/Without porch<br \/>\n2. Explosion-proof light<br \/>\n3. Wooden Door Handle<br \/>\n4.8mm Transparent tempered glass<br \/>\n5.Rubber hammer<br \/>\n6.Shingles<br \/>\nPackage: Wooden box<br \/>\nDark glass door*1PC<br \/>\nTherapy light*1PC<br \/>\nSpeaker*2PCS<br \/>\nBackrest*1PC<\/p>\n<p>4100W<\/p>\n<p>420kg<\/p>\n","protected":false},"featured_media":3863,"comment_status":"closed","ping_status":"closed","template":"","meta":{"advanced_seo_description":"","jetpack_seo_html_title":"","jetpack_seo_noindex":false,"iawp_total_views":361,"jetpack_publicize_message":"","jetpack_publicize_feature_enabled":true,"jetpack_social_post_already_shared":true,"jetpack_social_options":{"image_generator_settings":{"template":"highway","default_image_id":0,"font":"","enabled":false},"version":2}},"product_brand":[],"product_cat":[115,113,204,155],"product_tag":[],"class_list":{"0":"post-3751","1":"product","2":"type-product","3":"status-publish","4":"has-post-thumbnail","6":"product_cat-nyjar-vorur","7":"product_cat-sauna-klefar","8":"product_cat-uti-infraraudir-saunaklefar","9":"product_cat-vorur-a-tilbodi","11":"first","12":"outofstock","13":"virtual","14":"purchasable","15":"product-type-simple"},"jetpack_publicize_connections":[],"jetpack_sharing_enabled":true,"jetpack_likes_enabled":true,"jetpack-related-posts":[],"_links":{"self":[{"href":"https:\/\/egat.is\/nuddvorur\/wp-json\/wp\/v2\/product\/3751","targetHints":{"allow":["GET"]}}],"collection":[{"href":"https:\/\/egat.is\/nuddvorur\/wp-json\/wp\/v2\/product"}],"about":[{"href":"https:\/\/egat.is\/nuddvorur\/wp-json\/wp\/v2\/types\/product"}],"replies":[{"embeddable":true,"href":"https:\/\/egat.is\/nuddvorur\/wp-json\/wp\/v2\/comments?post=3751"}],"wp:featuredmedia":[{"embeddable":true,"href":"https:\/\/egat.is\/nuddvorur\/wp-json\/wp\/v2\/media\/3863"}],"wp:attachment":[{"href":"https:\/\/egat.is\/nuddvorur\/wp-json\/wp\/v2\/media?parent=3751"}],"wp:term":[{"taxonomy":"product_brand","embeddable":true,"href":"https:\/\/egat.is\/nuddvorur\/wp-json\/wp\/v2\/product_brand?post=3751"},{"taxonomy":"product_cat","embeddable":true,"href":"https:\/\/egat.is\/nuddvorur\/wp-json\/wp\/v2\/product_cat?post=3751"},{"taxonomy":"product_tag","embeddable":true,"href":"https:\/\/egat.is\/nuddvorur\/wp-json\/wp\/v2\/product_tag?post=3751"}],"curies":[{"name":"wp","href":"https:\/\/api.w.org\/{rel}","templated":true}]}}