{"id":3649,"date":"2024-03-26T14:40:03","date_gmt":"2024-03-26T14:40:03","guid":{"rendered":"https:\/\/egat.is\/nuddvorur\/?post_type=product&#038;p=3649"},"modified":"2025-02-20T15:51:20","modified_gmt":"2025-02-20T15:51:20","slug":"medmaeli-umsagnir","status":"publish","type":"product","link":"https:\/\/egat.is\/nuddvorur\/product\/medmaeli-umsagnir\/","title":{"rendered":"Me\u00f0m\u00e6li\/Umsagnir"},"content":{"rendered":"","protected":false},"excerpt":{"rendered":"<p class=\"v1MsoNormal\"><span data-text-color=\"success\">Eftir mikla yfirlegu og greiningu \u00e1 \u00fev\u00ed sem \u00ed bo\u00f0i vara \u00e1 marka\u00f0inum \u00e1kv\u00e1\u00f0um vi\u00f0 a\u00f0 kaupa af Egat infrarau\u00f0an saunaklefa. Vorum mj\u00f6g \u00e1n\u00e6g\u00f0 me\u00f0 alla \u00fej\u00f3nustu sem vi\u00f0 fengum og allt st\u00f3\u00f0s sem sagt var. Upplifun okkar af saunaklefanum var \u00feannig a\u00f0 vi\u00f0 \u00e1kv\u00e1\u00f0um a\u00f0 kaupa annan klefa \u00ed b\u00fasta\u00f0inn.\u00a0<\/span><\/p>\n<p class=\"v1MsoNormal\"><span data-text-color=\"success\">Agnar M\u00e1r J\u00f3nsson<\/span><\/p>\n<div><\/div>\n<div><\/div>\n<p><img loading=\"lazy\" decoding=\"async\" class=\"alignnone size-full wp-image-3653\" src=\"https:\/\/egat.is\/nuddvorur\/wp-content\/uploads\/2024\/03\/medmaeli.png\" alt=\"\" width=\"601\" height=\"184\" \/><\/p>\n<p>&nbsp;<\/p>\n<div><span data-text-color=\"alert\">\u00c9g keypti 4 &#8211; 6 manna innrau\u00f0an s\u00e1naklefa hj\u00e1 Egat \u00ed september 2022.\u00a0 Var b\u00fainn a\u00f0 sko\u00f0a v\u00ed\u00f0a en eftir a\u00f0 hafa sko\u00f0a\u00f0 klefann hj\u00e1 Egat leist m\u00e9r langbest \u00e1 hann og \u00fea\u00f0 f\u00f3r ekki \u00e1 milli m\u00e1la a\u00f0 fyrirt\u00e6ki\u00f0 b\u00fdr yfir mikilli reynslu og \u00feekkingu var\u00f0andi hva\u00f0 \u00fearf til til a\u00f0 svona klefar s\u00e9u almennilegir.\u00a0 \u00dea\u00f0 var einfalt a\u00f0 setja klefann saman og hann hefur veri\u00f0 nota\u00f0ur miki\u00f0 og allt veri\u00f0 tipp topp.\u00a0 Hann er flj\u00f3tur a\u00f0 hitna og \u00fea\u00f0 munar heilmiki\u00f0 um a\u00f0 hafa hitapl\u00f6tur \u00e1 g\u00f3lfinu og vi\u00f0 k\u00e1lfa \u00fev\u00ed hiti leitar j\u00fa upp og ef ekki v\u00e6rir fyrir \u00feessi element v\u00e6ri f\u00f3tasv\u00e6\u00f0i\u00f0 mun kaldara en ella.\u00a0 \u00d6ll stj\u00f3rnun er einf\u00f6ld og fr\u00e1b\u00e6rt a\u00f0 geta hlusta\u00f0 \u00e1 poddk\u00f6st \/ t\u00f3nlist \u00ed gegnum bluetooth tengda h\u00e1talarana \u00ed klefanum og LED lj\u00f3sin eru au\u00f0vita\u00f0 mj\u00f6g k\u00f3s\u00ed.\u00a0 \u00dea\u00f0 er afskaplega notalegt a\u00f0 geta fari\u00f0 \u00ed svona klefa \u00feegar ma\u00f0ur vill og a\u00f0 geta l\u00e1ti\u00f0 \u00fereytu og stress l\u00ed\u00f0a \u00far s\u00e9r eftir oft langan vinnudag.\u00a0 \u00c9g er h\u00e6st\u00e1n\u00e6g\u00f0ur me\u00f0 \u00feessi kaup og m\u00e6li sannarlega me\u00f0 Egat \u00fev\u00ed fyrir utan reynsluna og \u00feekkinguna er \u00fej\u00f3nustan alveg fram\u00farskarandi og vi\u00f0m\u00f3t eiganda traustvekjandi og vinalegt (hef komi\u00f0 vi\u00f0 a.m.k. \u00ed \u00fer\u00edgang eftir kaupin \u00e1 klefanum \u00fear sem \u00e9g keypti baks\u00e6ti, ilmol\u00edur o.fl.) og \u00fea\u00f0 \u00feykir m\u00e9r ekki s\u00ed\u00f0ur mikilv\u00e6gt.\u00a0 10\/10<\/span><\/div>\n<div><\/div>\n<div><span data-text-color=\"alert\">Bjarni J\u00f3hann<\/span><\/div>\n<div><\/div>\n<p>Umsagnir : Samskipti vi\u00f0 Egat vi\u00f0 kaup \u00e1 saunaklefanum okkar voru fr\u00e1b\u00e6r. H\u00f6fum veri\u00f0 a\u00f0 nota klefan n\u00e1nast daglega s\u00ed\u00f0an vi\u00f0 fengum hann og hefur hann reynst okkur einstaklega vel ! M\u00e6li 100% me\u00f0 Egat! -Vilhj\u00e1lmur Roe<\/p>\n<p><span data-text-color=\"success\">Dav\u00ed\u00f0 Brynjar Sigurj\u00f3nsson recommends Egat.is.Erum mj\u00f6g \u00e1n\u00e6g\u00f0 me\u00f0 sauna klefann. Hann ver\u00f0ur miki\u00f0 nota\u00f0ur<\/span><\/p>\n<p><span data-text-color=\"success\">\u00c9g m\u00e6li eindregi\u00f0 me\u00f0 infrarau\u00f0u saununni fr\u00e1 Egat. \u00c9g hef \u00ed m\u00f6rg \u00e1r veri\u00f0 sl\u00e6m af v\u00f6\u00f0vab\u00f3lgu og gigt, en hef algj\u00f6rlega veri\u00f0 laus vi\u00f0 verki s\u00ed\u00f0an \u00e9g keypti saununa \u00ed haust. Eftir a\u00f0 hafa kynnt m\u00e9r \u00farvali\u00f0 kom aldrei til greina a\u00f0 kaupa saununa annars sta\u00f0ar en \u00ed Egat, \u00fear sem h\u00fan er mj\u00f6g \u00f6flug, flj\u00f3t a\u00f0 hitna og h\u00e6gt a\u00f0 hita hana alveg upp \u00ed 75\u02dac. \u00dea\u00f0 er l\u00edka ekkert m\u00e1l a\u00f0 setja hana saman og taka \u00ed sundur ef ma\u00f0ur vill f\u00e6ra hana milli herbergja.<\/span><br \/>\n<span data-text-color=\"success\">Ragnhei\u00f0ur<\/span><\/p>\n<p><span data-text-color=\"alert\">\u00c9g keypti 4 -7 manna infrared klefann hj\u00e1 Egat.is. M\u00e6li heilshugar me\u00f0 \u00feessum klefum. Mj\u00f6g au\u00f0veldir \u00ed uppsetningu me\u00f0 g\u00f3\u00f0um lei\u00f0beiningum. Allt st\u00f3\u00f0st upp\u00e1 100. \u00deessir klefar henta m\u00e9r vel. Mj\u00f6g mikill kostur hva\u00f0 \u00feeir eru flj\u00f3tir a\u00f0 hitna upp og au\u00f0veldir \u00ed notkun. Au\u00f0velt a\u00f0 tengja s\u00edmann vi\u00f0 bluetooth. Virkar allt, ekkert vesen. \u00c9g nota hann a\u00f0allega \u00e1 kv\u00f6ldin og \u00e9g sef mun betur eftir a\u00f0 \u00e9g f\u00f3r a\u00f0 setja \u00feetta inn\u00ed r\u00fat\u00ednuna hj\u00e1 m\u00e9r.<br \/>\nAlgj\u00f6r snilld. M\u00e6li me\u0111 heilshugar<\/span><\/p>\n<p><span data-text-color=\"alert\">kv. Borg\u00fe\u00f3r Rafn \u00de\u00f3rhallsson<\/span><\/p>\n<p>Viktor\u00eda Sigur\u00f0ard\u00f3ttir recommends Egat.is.<br \/>\nKeyptum infrared klefa hj\u00e1 Egat fyrir stuttu. \u00d6ll samskipti vi\u00f0 Egat til fyrirmyndar, klefinn var au\u00f0veldur \u00ed uppsetningu og er \u00e6\u00f0islegur \u00ed notkun<\/p>\n<p><span data-text-color=\"success\">N\u00fa er komi\u00f0 \u00e1r s\u00ed\u00f0an \u00e9g keypti Infraredgufu hj\u00e1 Egat og \u00fev\u00edl\u00edk l\u00edfsg\u00e6\u00f0i. Gufan er miki\u00f0 notu\u00f0 af \u00f6llum \u00e1 heimilinu, er flj\u00f3t a\u00f0 hitna upp \u00ed 75 gr\u00e1\u00f0ur og g\u00e6\u00f0in eru mikil. Ekkert betra en eftir kaldar hlaupa \u00e6fingar a\u00f0 skella s\u00e9r \u00ed g\u00f3\u00f0a gufu. Svo ekki s\u00e9 tala\u00f0 um hve g\u00f3\u00f0a infrared gufan er fyrir l\u00edkamann. Mikil hreinsun, sl\u00f6kun og \u00fear sem \u00e9g keypti 4 manna klefa f\u00e9lagsskapur. \u00c9g nota gufuna miki\u00f0 \u00ed sl\u00f6kun og hlusta \u00e1 me\u00f0an \u00e1 skemmtilegt podcast, helst heilsutengt. \u00de\u00e1 ver\u00f0ur Ultraform oftast fyrir valinu. Komin me\u00f0 heitan pott, gufuna g\u00f3\u00f0u n\u00e6st er \u00fea\u00f0 kaldur pottur. Heilsan er allt. Soff\u00eda \u00c1mundad\u00f3ttir<\/span><\/p>\n<p><span data-text-color=\"alert\"><span class=\"x4k7w5x x1h91t0o x1h9r5lt x1jfb8zj xv2umb2 x1beo9mf xaigb6o x12ejxvf x3igimt xarpa2k xedcshv x1lytzrv x1t2pt76 x7ja8zs x1qrby5j\"><span class=\"x193iq5w xeuugli x13faqbe x1vvkbs x1xmvt09 x1lliihq x1s928wv xhkezso x1gmr53x x1cpjm7i x1fgarty x1943h6x xudqn12 x3x7a5m x6prxxf xvq8zen xo1l8bm x14ctfv\" dir=\"auto\">H\u00e6 h\u00e6. \u00dej\u00f3nustan var \u00ed alla sta\u00f0i til fyrirmyndar. \u00dea\u00f0 er fr\u00e1b\u00e6rt a\u00f0 fara \u00ed klefann hvort sem er a\u00f0 kv\u00f6ldi e\u00f0a morgni \u00feetta er g\u00f3\u00f0 afsl\u00f6ppun vi\u00f0 notum hann miki\u00f0<\/span><\/span>. Robert og Einar.<\/span><\/p>\n<p><span class=\"x4k7w5x x1h91t0o x1h9r5lt x1jfb8zj xv2umb2 x1beo9mf xaigb6o x12ejxvf x3igimt xarpa2k xedcshv x1lytzrv x1t2pt76 x7ja8zs x1qrby5j\" data-text-color=\"success\"><span class=\"x193iq5w xeuugli x13faqbe x1vvkbs x1xmvt09 x1lliihq x1s928wv xhkezso x1gmr53x x1cpjm7i x1fgarty x1943h6x xudqn12 x3x7a5m x6prxxf xvq8zen xo1l8bm x14ctfv\" dir=\"auto\">\u00c9g versla\u00f0i IR sauna klefa hj\u00e1 Egat.is og hef veri\u00f0 h\u00e6st\u00e1n\u00e6g\u00f0ur me\u00f0 klefann. Hefur ekki veri\u00f0 neitt vandam\u00e1l me\u00f0 hann og er hann miki\u00f0 nota\u00f0ur \u00e1 heimilinu. \u00dej\u00f3nustan var einnig fr\u00e1b\u00e6r, seinkun var\u00f0 \u00e1 afhendingu, og var st\u00f6\u00f0ugt uppf\u00e6rt af fyrra brag\u00f0i, og \u00e9g \u00feurfti aldrei a\u00f0 velta fyrir m\u00e9r st\u00f6\u00f0unni. Fr\u00e1b\u00e6r \u00fej\u00f3nusta og fr\u00e1b\u00e6r sv\u00f6run. \u00c9g m\u00e6li me\u00f0! Sig\u00fe\u00f3r \u00cdsafir\u00f0i.<br \/>\n<\/span><\/span><\/p>\n<p>Vi\u00f0 hj\u00f3nin f\u00f6rum \u00ed klefann svo til \u00e1 hverju kv\u00f6ldi og erum a\u00f0 nj\u00f3ta \u00feess. Okkur l\u00ed\u00f0ur betur \u00ed skrokknum og sofum mun betur. M\u00e6lum me\u00f0 g\u00f3\u00f0ri \u00fej\u00f3nustu vi\u00f0 Egat og fr\u00e1b\u00e6rum klefa.<br \/>\nEinar E. J\u00f3hannesson.<\/p>\n<p><span class=\"x4k7w5x x1h91t0o x1h9r5lt x1jfb8zj xv2umb2 x1beo9mf xaigb6o x12ejxvf x3igimt xarpa2k xedcshv x1lytzrv x1t2pt76 x7ja8zs x1qrby5j\" data-text-color=\"alert\"><span class=\"x193iq5w xeuugli x13faqbe x1vvkbs x1xmvt09 x1lliihq x1s928wv xhkezso x1gmr53x x1cpjm7i x1fgarty x1943h6x xudqn12 x3x7a5m x6prxxf xvq8zen xo1l8bm xzsf02u\" dir=\"auto\">Vi\u00f0 keyptum hornklefann (4-6 manna). Klefinn er alveg meirih\u00e1ttar. Vi\u00f0 notum hann oft \u00ed hverri viku. \u00c9g f\u00e9kk einingarnar sendar heim \u00ed Sandger\u00f0i. Uppsetning er einf\u00f6ld \u00fear sem einingunum (sem eru st\u00f3rar) er smellt saman. Einn a\u00f0ili me\u00f0 sm\u00e1 stu\u00f0ningi anna\u00f0 slagi\u00f0 getur sett h\u00fasi\u00f0 saman. Erum mj\u00f6g \u00e1n\u00e6g\u00f0 me\u00f0 klefann og \u00fej\u00f3nustuna. Bragi og Sigga<\/span><\/span><\/p>\n<p>&nbsp;<\/p>\n","protected":false},"featured_media":3731,"comment_status":"closed","ping_status":"closed","template":"","meta":{"advanced_seo_description":"","jetpack_seo_html_title":"","jetpack_seo_noindex":false,"iawp_total_views":1688,"jetpack_publicize_message":"","jetpack_publicize_feature_enabled":true,"jetpack_social_post_already_shared":true,"jetpack_social_options":{"image_generator_settings":{"template":"highway","default_image_id":0,"font":"","enabled":false},"version":2}},"product_brand":[],"product_cat":[113,200],"product_tag":[],"class_list":{"0":"post-3649","1":"product","2":"type-product","3":"status-publish","4":"has-post-thumbnail","6":"product_cat-sauna-klefar","7":"product_cat-umsagnir","9":"first","10":"instock","11":"shipping-taxable","12":"product-type-simple"},"jetpack_publicize_connections":[],"jetpack_sharing_enabled":true,"jetpack_likes_enabled":true,"jetpack-related-posts":[],"_links":{"self":[{"href":"https:\/\/egat.is\/nuddvorur\/wp-json\/wp\/v2\/product\/3649","targetHints":{"allow":["GET"]}}],"collection":[{"href":"https:\/\/egat.is\/nuddvorur\/wp-json\/wp\/v2\/product"}],"about":[{"href":"https:\/\/egat.is\/nuddvorur\/wp-json\/wp\/v2\/types\/product"}],"replies":[{"embeddable":true,"href":"https:\/\/egat.is\/nuddvorur\/wp-json\/wp\/v2\/comments?post=3649"}],"wp:featuredmedia":[{"embeddable":true,"href":"https:\/\/egat.is\/nuddvorur\/wp-json\/wp\/v2\/media\/3731"}],"wp:attachment":[{"href":"https:\/\/egat.is\/nuddvorur\/wp-json\/wp\/v2\/media?parent=3649"}],"wp:term":[{"taxonomy":"product_brand","embeddable":true,"href":"https:\/\/egat.is\/nuddvorur\/wp-json\/wp\/v2\/product_brand?post=3649"},{"taxonomy":"product_cat","embeddable":true,"href":"https:\/\/egat.is\/nuddvorur\/wp-json\/wp\/v2\/product_cat?post=3649"},{"taxonomy":"product_tag","embeddable":true,"href":"https:\/\/egat.is\/nuddvorur\/wp-json\/wp\/v2\/product_tag?post=3649"}],"curies":[{"name":"wp","href":"https:\/\/api.w.org\/{rel}","templated":true}]}}