{"id":340,"date":"2020-01-11T03:21:18","date_gmt":"2020-01-11T03:21:18","guid":{"rendered":"http:\/\/egat.is\/nuddvorur\/product\/import-placeholder-for-606\/"},"modified":"2026-03-13T23:18:17","modified_gmt":"2026-03-13T23:18:17","slug":"egat-mjukur-andlitspappir","status":"publish","type":"product","link":"https:\/\/egat.is\/nuddvorur\/product\/egat-mjukur-andlitspappir\/","title":{"rendered":"Egat &#8211; Mj\u00fakur Andlitspapp\u00edr\u00a0"},"content":{"rendered":"<ul>\n<li><big><big>Egat &#8211; Mj\u00fakur Andlitspapp\u00edr\u00a0<\/big><\/big><\/li>\n<li>Papp\u00edr fyir h\u00f6fu\u00f0p\u00fa\u00f0a<\/li>\n<li>kr 2900 \u00a0100 stk<\/li>\n<li>Einnota<\/li>\n<\/ul>\n","protected":false},"excerpt":{"rendered":"<div class=\"title\">Description<\/div>\n<div class=\"contents\">\n<div id=\"global_editor_contents\">-Easy to use, affordable, convenient and soft.<br \/>\n-A great way to cover any face cushion.<br \/>\n-Twice thickness as regular non-woven fabric covers.<br \/>\n-Soft, absorbent medical grade fibre.<br \/>\n-White color available.<br \/>\n&#8211; Hypo-allergenic and absorbent<br \/>\n&#8211; Sanitary and non-irritating<br \/>\n&#8211; Soft and extra thick material<br \/>\n&#8211; Fits most massage table headrestsOur face pillow covers are made from a special spun synthetic material that is extra thick, incredibly soft, and absorbent.<\/p>\n<p>Clients love the feeling of the soft, absorbent material of our disposable pillow covers against their face while they enjoy a relaxing massage.<br \/>\nOur face pillow covers fit ALL headrests and are very comfortable. Enjoy the convenience of a pillow cover without the expense and time of doing laundry!<\/p>\n<\/div>\n<\/div>\n","protected":false},"featured_media":396,"comment_status":"open","ping_status":"closed","template":"","meta":{"advanced_seo_description":"","jetpack_seo_html_title":"","jetpack_seo_noindex":false,"iawp_total_views":550,"jetpack_publicize_message":"","jetpack_publicize_feature_enabled":true,"jetpack_social_post_already_shared":false,"jetpack_social_options":{"image_generator_settings":{"template":"highway","default_image_id":0,"font":"","enabled":false},"version":2}},"product_brand":[],"product_cat":[241,84,202,101,237,231,154],"product_tag":[],"class_list":{"0":"post-340","1":"product","2":"type-product","3":"status-publish","4":"has-post-thumbnail","6":"product_cat-aukahlutir-a-nuddbekk","7":"product_cat-andlitslok","8":"product_cat-andlitspappir","9":"product_cat-aukahlutir","10":"product_cat-einnota-hlutir","11":"product_cat-naudsynlegir-hlutir-fyrir-nuddarann","12":"product_cat-smahlutir-fyrir-nudd","14":"first","15":"instock","16":"shipping-taxable","17":"purchasable","18":"product-type-simple"},"jetpack_publicize_connections":[],"jetpack_sharing_enabled":true,"jetpack_likes_enabled":true,"jetpack-related-posts":[],"_links":{"self":[{"href":"https:\/\/egat.is\/nuddvorur\/wp-json\/wp\/v2\/product\/340","targetHints":{"allow":["GET"]}}],"collection":[{"href":"https:\/\/egat.is\/nuddvorur\/wp-json\/wp\/v2\/product"}],"about":[{"href":"https:\/\/egat.is\/nuddvorur\/wp-json\/wp\/v2\/types\/product"}],"replies":[{"embeddable":true,"href":"https:\/\/egat.is\/nuddvorur\/wp-json\/wp\/v2\/comments?post=340"}],"wp:featuredmedia":[{"embeddable":true,"href":"https:\/\/egat.is\/nuddvorur\/wp-json\/wp\/v2\/media\/396"}],"wp:attachment":[{"href":"https:\/\/egat.is\/nuddvorur\/wp-json\/wp\/v2\/media?parent=340"}],"wp:term":[{"taxonomy":"product_brand","embeddable":true,"href":"https:\/\/egat.is\/nuddvorur\/wp-json\/wp\/v2\/product_brand?post=340"},{"taxonomy":"product_cat","embeddable":true,"href":"https:\/\/egat.is\/nuddvorur\/wp-json\/wp\/v2\/product_cat?post=340"},{"taxonomy":"product_tag","embeddable":true,"href":"https:\/\/egat.is\/nuddvorur\/wp-json\/wp\/v2\/product_tag?post=340"}],"curies":[{"name":"wp","href":"https:\/\/api.w.org\/{rel}","templated":true}]}}