{"id":338,"date":"2020-01-11T03:21:18","date_gmt":"2020-01-11T03:21:18","guid":{"rendered":"http:\/\/egat.is\/nuddvorur\/product\/import-placeholder-for-604\/"},"modified":"2026-03-19T09:23:19","modified_gmt":"2026-03-19T09:23:19","slug":"hnakkastoll","status":"publish","type":"product","link":"https:\/\/egat.is\/nuddvorur\/product\/hnakkastoll\/","title":{"rendered":"Egat Soft Hnakkast\u00f3ll mj\u00fakir a\u00f0 sitja \u00e1"},"content":{"rendered":"<ul>\n<li>Egat Saddle<\/li>\n<li>Nuddst\u00f3ll me\u00f0 Hnakki<\/li>\n<li>beige og\u00a0 svartir<\/li>\n<li>fara upp \u00ed 73 cm h\u00e6\u00f0<\/li>\n<li>fara ni\u00f0ur \u00ed 44 cm<\/li>\n<\/ul>\n","protected":false},"excerpt":{"rendered":"<p>Egat Saddle Nuddst\u00f3ll me\u00f0 Hnakki beige og\u00a0 svartir fara upp \u00ed 73 cm h\u00e6\u00f0 fara ni\u00f0ur \u00ed 44 cm<\/p>\n","protected":false},"featured_media":394,"comment_status":"open","ping_status":"closed","template":"","meta":{"advanced_seo_description":"","jetpack_seo_html_title":"","jetpack_seo_noindex":false,"iawp_total_views":514,"jetpack_publicize_message":"","jetpack_publicize_feature_enabled":true,"jetpack_social_post_already_shared":false,"jetpack_social_options":{"image_generator_settings":{"template":"highway","default_image_id":0,"font":"","enabled":false},"version":2}},"product_brand":[],"product_cat":[231,154,85,155],"product_tag":[],"class_list":{"0":"post-338","1":"product","2":"type-product","3":"status-publish","4":"has-post-thumbnail","6":"product_cat-naudsynlegir-hlutir-fyrir-nuddarann","7":"product_cat-smahlutir-fyrir-nudd","8":"product_cat-hnakkastolar","9":"product_cat-vorur-a-tilbodi","11":"first","12":"outofstock","13":"sale","14":"shipping-taxable","15":"purchasable","16":"product-type-variable","17":"has-default-attributes"},"jetpack_publicize_connections":[],"jetpack_sharing_enabled":true,"jetpack_likes_enabled":true,"jetpack-related-posts":[],"_links":{"self":[{"href":"https:\/\/egat.is\/nuddvorur\/wp-json\/wp\/v2\/product\/338","targetHints":{"allow":["GET"]}}],"collection":[{"href":"https:\/\/egat.is\/nuddvorur\/wp-json\/wp\/v2\/product"}],"about":[{"href":"https:\/\/egat.is\/nuddvorur\/wp-json\/wp\/v2\/types\/product"}],"replies":[{"embeddable":true,"href":"https:\/\/egat.is\/nuddvorur\/wp-json\/wp\/v2\/comments?post=338"}],"wp:featuredmedia":[{"embeddable":true,"href":"https:\/\/egat.is\/nuddvorur\/wp-json\/wp\/v2\/media\/394"}],"wp:attachment":[{"href":"https:\/\/egat.is\/nuddvorur\/wp-json\/wp\/v2\/media?parent=338"}],"wp:term":[{"taxonomy":"product_brand","embeddable":true,"href":"https:\/\/egat.is\/nuddvorur\/wp-json\/wp\/v2\/product_brand?post=338"},{"taxonomy":"product_cat","embeddable":true,"href":"https:\/\/egat.is\/nuddvorur\/wp-json\/wp\/v2\/product_cat?post=338"},{"taxonomy":"product_tag","embeddable":true,"href":"https:\/\/egat.is\/nuddvorur\/wp-json\/wp\/v2\/product_tag?post=338"}],"curies":[{"name":"wp","href":"https:\/\/api.w.org\/{rel}","templated":true}]}}