{"id":337,"date":"2020-01-11T03:21:18","date_gmt":"2020-01-11T03:21:18","guid":{"rendered":"http:\/\/egat.is\/nuddvorur\/product\/import-placeholder-for-603\/"},"modified":"2025-08-03T17:23:33","modified_gmt":"2025-08-03T17:23:33","slug":"kerra","status":"publish","type":"product","link":"https:\/\/egat.is\/nuddvorur\/product\/kerra\/","title":{"rendered":"Kerra"},"content":{"rendered":"<ul>\n<li>kerra til a\u00f0 au\u00f0velda \u00fe\u00e9r allan flutning \u00e1 nuddbekk<\/li>\n<li>Passar fyrir allar st\u00e6r\u00f0ir<\/li>\n<li>Ver\u00f0 : 8900<\/li>\n<li>When carrying table is getting too hard, enjoy the ease of rolling your table whenever you go. You&#8217;ll wonder how you ever lived without it. Massage table cart features a resilient telescoping handle, improved 6&#8243; wheels for stability, stair glides and folds very compactly. Fits all brands up to 32&#8243; tables in their carry case. Perfect for the traveling massage therapist. You&#8217;ll enjoy the compact storage of our new table cart and the convenience of its oversized wheels.<\/li>\n<\/ul>\n","protected":false},"excerpt":{"rendered":"<p>kerra til a\u00f0 au\u00f0velda \u00fe\u00e9r allan flutning \u00e1 nuddbekk Passar fyrir allar st\u00e6r\u00f0ir Ver\u00f0 : 8900 When carrying table is getting too hard, enjoy the ease of rolling your table whenever you go. You&#8217;ll wonder how you ever lived without it. Massage table cart features a resilient telescoping handle, improved 6&#8243; wheels for stability, stair [&#8230;]\n","protected":false},"featured_media":393,"comment_status":"open","ping_status":"closed","template":"","meta":{"advanced_seo_description":"","jetpack_seo_html_title":"","jetpack_seo_noindex":false,"iawp_total_views":15,"jetpack_publicize_message":"","jetpack_publicize_feature_enabled":true,"jetpack_social_post_already_shared":true,"jetpack_social_options":{"image_generator_settings":{"template":"highway","default_image_id":0,"font":"","enabled":false},"version":2}},"product_brand":[],"product_cat":[89,154],"product_tag":[],"class_list":{"0":"post-337","1":"product","2":"type-product","3":"status-publish","4":"has-post-thumbnail","6":"product_cat-kerra-fyrir-nuddbekki","7":"product_cat-smahlutir-fyrir-nudd","9":"first","10":"outofstock","11":"shipping-taxable","12":"purchasable","13":"product-type-simple"},"jetpack_publicize_connections":[],"jetpack_sharing_enabled":true,"jetpack_likes_enabled":true,"jetpack-related-posts":[],"_links":{"self":[{"href":"https:\/\/egat.is\/nuddvorur\/wp-json\/wp\/v2\/product\/337","targetHints":{"allow":["GET"]}}],"collection":[{"href":"https:\/\/egat.is\/nuddvorur\/wp-json\/wp\/v2\/product"}],"about":[{"href":"https:\/\/egat.is\/nuddvorur\/wp-json\/wp\/v2\/types\/product"}],"replies":[{"embeddable":true,"href":"https:\/\/egat.is\/nuddvorur\/wp-json\/wp\/v2\/comments?post=337"}],"wp:featuredmedia":[{"embeddable":true,"href":"https:\/\/egat.is\/nuddvorur\/wp-json\/wp\/v2\/media\/393"}],"wp:attachment":[{"href":"https:\/\/egat.is\/nuddvorur\/wp-json\/wp\/v2\/media?parent=337"}],"wp:term":[{"taxonomy":"product_brand","embeddable":true,"href":"https:\/\/egat.is\/nuddvorur\/wp-json\/wp\/v2\/product_brand?post=337"},{"taxonomy":"product_cat","embeddable":true,"href":"https:\/\/egat.is\/nuddvorur\/wp-json\/wp\/v2\/product_cat?post=337"},{"taxonomy":"product_tag","embeddable":true,"href":"https:\/\/egat.is\/nuddvorur\/wp-json\/wp\/v2\/product_tag?post=337"}],"curies":[{"name":"wp","href":"https:\/\/api.w.org\/{rel}","templated":true}]}}