{"id":336,"date":"2020-01-11T03:21:18","date_gmt":"2020-01-11T03:21:18","guid":{"rendered":"http:\/\/egat.is\/nuddvorur\/product\/import-placeholder-for-602\/"},"modified":"2026-03-02T07:27:03","modified_gmt":"2026-03-02T07:27:03","slug":"egat-luxe-ferdanuddstoll","status":"publish","type":"product","link":"https:\/\/egat.is\/nuddvorur\/product\/egat-luxe-ferdanuddstoll\/","title":{"rendered":"Egat Luxe &#8211; Fer\u00f0anuddst\u00f3ll"},"content":{"rendered":"<p>&nbsp;<\/p>\n<ul>\n<li>\u00a0Adjustable seat heigt<\/li>\n<li>\u00a0Adjustable seat heigt<\/li>\n<li>\u00a0Adjustable arm heigt<\/li>\n<li>\u00a0Light weight aluminum frame<\/li>\n<li>\u00a0Weight 7 kg<\/li>\n<li>L\u00e9ttur og \u00fe\u00e6gilegur<\/li>\n<li>Ger\u00f0ur \u00far sterku \u00e1li<\/li>\n<li>Vegur a\u00f0eins um 7kg.<\/li>\n<li>\u00deolir 159kg.<\/li>\n<li>Marg stillanlegur, fyrir andlit, handleggi og s\u00e6ti.<\/li>\n<li>Kemur me\u00f0 me\u00f0 brj\u00f3stap\u00fa\u00f0a<\/li>\n<li>Svartir og beige<\/li>\n<li>Ver\u00f0:44.900 Svartir e\u00f0a beige<\/li>\n<\/ul>\n","protected":false},"excerpt":{"rendered":"<p>&nbsp;<\/p>\n<p><span style=\"color: #ed1c24;\">\u00a0<\/span><\/p>\n","protected":false},"featured_media":392,"comment_status":"open","ping_status":"closed","template":"","meta":{"advanced_seo_description":"","jetpack_seo_html_title":"","jetpack_seo_noindex":false,"iawp_total_views":472,"jetpack_publicize_message":"","jetpack_publicize_feature_enabled":true,"jetpack_social_post_already_shared":false,"jetpack_social_options":{"image_generator_settings":{"template":"highway","default_image_id":0,"font":"","enabled":false},"version":2}},"product_brand":[],"product_cat":[86,71,100,155],"product_tag":[],"class_list":{"0":"post-336","1":"product","2":"type-product","3":"status-publish","4":"has-post-thumbnail","6":"product_cat-ferdanuddstoll","7":"product_cat-nuddbekkir","8":"product_cat-nuddvorur","9":"product_cat-vorur-a-tilbodi","11":"first","12":"instock","13":"sale","14":"shipping-taxable","15":"purchasable","16":"product-type-variable"},"jetpack_publicize_connections":[],"jetpack_sharing_enabled":true,"jetpack_likes_enabled":true,"jetpack-related-posts":[],"_links":{"self":[{"href":"https:\/\/egat.is\/nuddvorur\/wp-json\/wp\/v2\/product\/336","targetHints":{"allow":["GET"]}}],"collection":[{"href":"https:\/\/egat.is\/nuddvorur\/wp-json\/wp\/v2\/product"}],"about":[{"href":"https:\/\/egat.is\/nuddvorur\/wp-json\/wp\/v2\/types\/product"}],"replies":[{"embeddable":true,"href":"https:\/\/egat.is\/nuddvorur\/wp-json\/wp\/v2\/comments?post=336"}],"wp:featuredmedia":[{"embeddable":true,"href":"https:\/\/egat.is\/nuddvorur\/wp-json\/wp\/v2\/media\/392"}],"wp:attachment":[{"href":"https:\/\/egat.is\/nuddvorur\/wp-json\/wp\/v2\/media?parent=336"}],"wp:term":[{"taxonomy":"product_brand","embeddable":true,"href":"https:\/\/egat.is\/nuddvorur\/wp-json\/wp\/v2\/product_brand?post=336"},{"taxonomy":"product_cat","embeddable":true,"href":"https:\/\/egat.is\/nuddvorur\/wp-json\/wp\/v2\/product_cat?post=336"},{"taxonomy":"product_tag","embeddable":true,"href":"https:\/\/egat.is\/nuddvorur\/wp-json\/wp\/v2\/product_tag?post=336"}],"curies":[{"name":"wp","href":"https:\/\/api.w.org\/{rel}","templated":true}]}}