{"id":333,"date":"2020-01-11T03:21:17","date_gmt":"2020-01-11T03:21:17","guid":{"rendered":"http:\/\/egat.is\/nuddvorur\/product\/import-placeholder-for-599\/"},"modified":"2026-01-19T14:58:23","modified_gmt":"2026-01-19T14:58:23","slug":"togbekkur-2","status":"publish","type":"product","link":"https:\/\/egat.is\/nuddvorur\/product\/togbekkur-2\/","title":{"rendered":"Togbekkur"},"content":{"rendered":"<ul>\n<li><a href=\"https:\/\/egat.is\/nuddvorur\/wp-content\/uploads\/2020\/01\/benefit_inversion1.pdf\">benefit_inversion1<\/a><\/li>\n<li>Togbekkur<\/li>\n<li>Ver\u00f0 84.000<\/li>\n<li>Tilbo\u00f0 65.000<\/li>\n<li>Togbekkur sem kemur bakinu \u00fe\u00ednu \u00ed lag Togbekkur fyrir hryggjali\u00f0ina og bakverki , gott vi\u00f0 allskyns bakvandam\u00e1lum ,lesi\u00f0 n\u00e1nar \u00e1<\/li>\n<li>https:\/\/egat.is\/benefit_inversion.pdf<\/li>\n<li>Tekur 130 kg<\/li>\n<li><span data-spm-anchor-id=\"a2700.details.pronpeci14.i0.410b6d8dOh15B1\">140-198 CM<\/span>.<\/li>\n<\/ul>\n","protected":false},"excerpt":{"rendered":"<p>h\u00e9r eru upplysingar um hva\u00f0 togbekkur gerir fyrir \u00feig \ud83d\ude42<\/p>\n<p><a href=\"https:\/\/egat.is\/nuddvorur\/wp-content\/uploads\/2020\/01\/benefit_inversion1.pdf\">benefit_inversion1<\/a><\/p>\n<p>&nbsp;<\/p>\n<div style=\"width: 720px;\" class=\"wp-video\"><video class=\"wp-video-shortcode\" id=\"video-333-1\" width=\"720\" height=\"960\" preload=\"metadata\" controls=\"controls\"><source type=\"video\/mp4\" src=\"https:\/\/egat.is\/nuddvorur\/wp-content\/uploads\/2020\/01\/togbekkur-svartur.mp4?_=1\" \/><a href=\"https:\/\/egat.is\/nuddvorur\/wp-content\/uploads\/2020\/01\/togbekkur-svartur.mp4\">https:\/\/egat.is\/nuddvorur\/wp-content\/uploads\/2020\/01\/togbekkur-svartur.mp4<\/a><\/video><\/div>\n","protected":false},"featured_media":4729,"comment_status":"open","ping_status":"closed","template":"","meta":{"advanced_seo_description":"","jetpack_seo_html_title":"","jetpack_seo_noindex":false,"iawp_total_views":721,"jetpack_publicize_message":"","jetpack_publicize_feature_enabled":true,"jetpack_social_post_already_shared":false,"jetpack_social_options":{"image_generator_settings":{"template":"highway","default_image_id":0,"font":"","enabled":false},"version":2}},"product_brand":[],"product_cat":[88],"product_tag":[],"class_list":{"0":"post-333","1":"product","2":"type-product","3":"status-publish","4":"has-post-thumbnail","6":"product_cat-togbekkur","8":"first","9":"instock","10":"sale","11":"shipping-taxable","12":"purchasable","13":"product-type-variable"},"jetpack_publicize_connections":[],"jetpack_sharing_enabled":true,"jetpack_likes_enabled":true,"jetpack-related-posts":[],"_links":{"self":[{"href":"https:\/\/egat.is\/nuddvorur\/wp-json\/wp\/v2\/product\/333","targetHints":{"allow":["GET"]}}],"collection":[{"href":"https:\/\/egat.is\/nuddvorur\/wp-json\/wp\/v2\/product"}],"about":[{"href":"https:\/\/egat.is\/nuddvorur\/wp-json\/wp\/v2\/types\/product"}],"replies":[{"embeddable":true,"href":"https:\/\/egat.is\/nuddvorur\/wp-json\/wp\/v2\/comments?post=333"}],"wp:featuredmedia":[{"embeddable":true,"href":"https:\/\/egat.is\/nuddvorur\/wp-json\/wp\/v2\/media\/4729"}],"wp:attachment":[{"href":"https:\/\/egat.is\/nuddvorur\/wp-json\/wp\/v2\/media?parent=333"}],"wp:term":[{"taxonomy":"product_brand","embeddable":true,"href":"https:\/\/egat.is\/nuddvorur\/wp-json\/wp\/v2\/product_brand?post=333"},{"taxonomy":"product_cat","embeddable":true,"href":"https:\/\/egat.is\/nuddvorur\/wp-json\/wp\/v2\/product_cat?post=333"},{"taxonomy":"product_tag","embeddable":true,"href":"https:\/\/egat.is\/nuddvorur\/wp-json\/wp\/v2\/product_tag?post=333"}],"curies":[{"name":"wp","href":"https:\/\/api.w.org\/{rel}","templated":true}]}}