{"id":3292,"date":"2023-11-10T11:41:07","date_gmt":"2023-11-10T11:41:07","guid":{"rendered":"https:\/\/egat.is\/nuddvorur\/?post_type=product&#038;p=3292"},"modified":"2025-07-22T14:39:52","modified_gmt":"2025-07-22T14:39:52","slug":"3292","status":"publish","type":"product","link":"https:\/\/egat.is\/nuddvorur\/product\/3292\/","title":{"rendered":"Almond Aromatherapy Massage Oil"},"content":{"rendered":"<ul>\n<li class=\"_2knBS undefined\" data-hook=\"collapse-info-item\">\n<div class=\"rah-static rah-static--height-auto\" aria-hidden=\"false\">\n<div>\n<div class=\"_1yvxJ fggS- cell\">\n<div class=\"WncCi\" data-hook=\"info-section-description\">\n<p>Honey Almond Massage Oil has a sweet but simple smell.<\/p>\n<p>Our massage oil\u2019s number one ingredient is almond oil, which is the most nourishing oil for the skin and gives the very best glide. Creates a sensual setting.\u00a0 Use on the body everyday after bath or shower for silky soft skin.\u00a0 Will not stain sheets<\/p>\n<\/div>\n<\/div>\n<\/div>\n<\/div>\n<\/li>\n<li class=\"_2knBS undefined\" data-hook=\"collapse-info-item\"><\/li>\n<\/ul>\n<div class=\"rah-static rah-static--height-auto\" aria-hidden=\"false\">\n<div>\n<div class=\"_1yvxJ fggS- cell\">\n<div class=\"WncCi\" data-hook=\"info-section-description\">\n<p>Prunus Amygdalus Dulcis (Sweet Almond) Oil, Helianthus Annuus (Sunflower) Seed Oil, Cocos Nucifera (Coconut Oil), Aroma, Tocopheryl Acetate (Vitamin E), (*Lycium Barbarum (Goji) Fruit, *Cymbopogon Schoenanthus, *Aloe Barbadensis Leaf)<\/p>\n<p>&nbsp;<\/p>\n<p>*ORGANIC<\/p>\n<\/div>\n<\/div>\n<\/div>\n<\/div>\n","protected":false},"excerpt":{"rendered":"<p><span class=\"HwtZe\" lang=\"is\"><span class=\"jCAhz ChMk0b\"><span class=\"ryNqvb\">Honey Almond Massage Oil hefur s\u00e6ta en einfalda lykt.<\/span><\/span> <span class=\"jCAhz ChMk0b\"><span class=\"ryNqvb\">Hr\u00e1efni n\u00famer eitt \u00ed nuddisol\u00edu okkar er m\u00f6ndluol\u00eda, sem er mest n\u00e6randi ol\u00edan fyrir h\u00fa\u00f0ina og gefur g\u00f3\u00f0a tilfinningu<\/span><\/span> <span class=\"jCAhz ChMk0b\"><span class=\"ryNqvb\">Skapar tilfinningar\u00edkt umhverfi.<\/span><\/span> <span class=\"jCAhz ChMk0b\"><span class=\"ryNqvb\">Notist \u00e1 l\u00edkamann daglega eftir ba\u00f0 e\u00f0a sturtu fyrir silkimj\u00faka h\u00fa\u00f0.<\/span><\/span>skilur ekki bletti eftir \u00ed laki\u00a0 <span class=\"jCAhz ChMk0b\"><span class=\"ryNqvb\">Prunus Amygdalus Dulcis (s\u00e6tur m\u00f6ndlu) ol\u00eda, Helianthus Annuus (s\u00f3lbl\u00f3maol\u00eda) fr\u00e6ol\u00eda, Cocos Nucifera (k\u00f3kosol\u00eda), ilm, Tocopheryl asetat (E-v\u00edtam\u00edn), (*Lycium Barbarum (Goji) \u00e1vextir, *Cymbopogon Schoenanthus, *A Leafloe Barbadensis<\/span><\/span> <span class=\"jCAhz ChMk0b\"><span class=\"ryNqvb\">)<\/span><\/span> <span class=\"jCAhz ChMk0b\"><span class=\"ryNqvb\">*L\u00cdFFR\u00c6NT<\/span><\/span><\/span><\/p>\n","protected":false},"featured_media":3282,"comment_status":"closed","ping_status":"closed","template":"","meta":{"advanced_seo_description":"","jetpack_seo_html_title":"","jetpack_seo_noindex":false,"iawp_total_views":44,"jetpack_publicize_message":"","jetpack_publicize_feature_enabled":true,"jetpack_social_post_already_shared":true,"jetpack_social_options":{"image_generator_settings":{"template":"highway","default_image_id":0,"font":"","enabled":false},"version":2}},"product_brand":[],"product_cat":[18],"product_tag":[],"class_list":{"0":"post-3292","1":"product","2":"type-product","3":"status-publish","4":"has-post-thumbnail","6":"product_cat-uncategorized","8":"first","9":"outofstock","10":"sale","11":"shipping-taxable","12":"purchasable","13":"product-type-simple"},"jetpack_publicize_connections":[],"jetpack_sharing_enabled":true,"jetpack_likes_enabled":true,"jetpack-related-posts":[],"_links":{"self":[{"href":"https:\/\/egat.is\/nuddvorur\/wp-json\/wp\/v2\/product\/3292","targetHints":{"allow":["GET"]}}],"collection":[{"href":"https:\/\/egat.is\/nuddvorur\/wp-json\/wp\/v2\/product"}],"about":[{"href":"https:\/\/egat.is\/nuddvorur\/wp-json\/wp\/v2\/types\/product"}],"replies":[{"embeddable":true,"href":"https:\/\/egat.is\/nuddvorur\/wp-json\/wp\/v2\/comments?post=3292"}],"wp:featuredmedia":[{"embeddable":true,"href":"https:\/\/egat.is\/nuddvorur\/wp-json\/wp\/v2\/media\/3282"}],"wp:attachment":[{"href":"https:\/\/egat.is\/nuddvorur\/wp-json\/wp\/v2\/media?parent=3292"}],"wp:term":[{"taxonomy":"product_brand","embeddable":true,"href":"https:\/\/egat.is\/nuddvorur\/wp-json\/wp\/v2\/product_brand?post=3292"},{"taxonomy":"product_cat","embeddable":true,"href":"https:\/\/egat.is\/nuddvorur\/wp-json\/wp\/v2\/product_cat?post=3292"},{"taxonomy":"product_tag","embeddable":true,"href":"https:\/\/egat.is\/nuddvorur\/wp-json\/wp\/v2\/product_tag?post=3292"}],"curies":[{"name":"wp","href":"https:\/\/api.w.org\/{rel}","templated":true}]}}