{"id":3289,"date":"2023-10-10T11:26:01","date_gmt":"2023-10-10T11:26:01","guid":{"rendered":"https:\/\/egat.is\/nuddvorur\/?post_type=product&#038;p=3289"},"modified":"2025-02-20T15:51:53","modified_gmt":"2025-02-20T15:51:53","slug":"energize-aromatherapy-massage-oil","status":"publish","type":"product","link":"https:\/\/egat.is\/nuddvorur\/product\/energize-aromatherapy-massage-oil\/","title":{"rendered":"Energize Aromatherapy Massage Oil"},"content":{"rendered":"<ul>\n<li class=\"_2knBS undefined\" data-hook=\"collapse-info-item\">\n<div class=\"rah-static rah-static--height-auto\" aria-hidden=\"false\">\n<div>\n<div class=\"_1yvxJ fggS- cell\">\n<div class=\"WncCi\" data-hook=\"info-section-description\">\n<p>Fresh\u00a0Orange and Wild Ginger. Our massage oil blend contains natural oils and certified organic extracts to soothe aching muscles and create an energizing setting.\u00a0 Use on the body everyday after bath or\u00a0shower for silky soft skin.\u00a0 Will\u00a0not stain sheets.<\/p>\n<\/div>\n<\/div>\n<\/div>\n<\/div>\n<\/li>\n<li class=\"_2knBS undefined\" data-hook=\"collapse-info-item\">Prunus Amygdalus Dulcis (Sweet Almond) Oil, Helianthus Annuus (Sunflower) Seed Oil, Cocos Nucifera (Coconut Oil), Aroma, Tocopheryl Acetate (Vitamin E), (*Lycium Barbarum (Goji) Fruit, *Cymbopogon Schoenanthus, *Aloe Barbadensis Leaf) *ORGANIC<\/li>\n<\/ul>\n<div class=\"rah-static rah-static--height-auto\" aria-hidden=\"false\">\n<div>\n<div class=\"_1yvxJ fggS- cell\">\n<div class=\"WncCi\" data-hook=\"info-section-description\">\n<p>&nbsp;<\/p>\n<p>&nbsp;<\/p>\n<\/div>\n<\/div>\n<\/div>\n<\/div>\n","protected":false},"excerpt":{"rendered":"<p><span class=\"HwtZe\" lang=\"is\"><span class=\"jCAhz ChMk0b\"><span class=\"ryNqvb\">Ferskur\u00a0appels\u00ednugulur og villtur engifer.<\/span><\/span> <span class=\"jCAhz ChMk0b\"><span class=\"ryNqvb\">Nuddol\u00edublanda okkar inniheldur n\u00e1tt\u00farulegar ol\u00edur og votta\u00f0a l\u00edfr\u00e6na \u00fatdr\u00e6tti til a\u00f0 r\u00f3a auma v\u00f6\u00f0va og skapa orkugefandi umhverfi.<\/span><\/span> <span class=\"jCAhz ChMk0b\"><span class=\"ryNqvb\">Nota\u00f0u \u00e1 l\u00edkamann daglega eftir ba\u00f0 e\u00f0a sturtu fyrir silkimj\u00faka h\u00fa\u00f0.<\/span><\/span> <span class=\"jCAhz ChMk0b\"><span class=\"ryNqvb\">skilur ekki eftir bletti \u00e1 laki.<\/span><\/span> <span class=\"jCAhz ChMk0b\"><span class=\"ryNqvb\">Prunus Amygdalus Dulcis (s\u00e6tur m\u00f6ndlu) ol\u00eda, Helianthus Annuus (s\u00f3lbl\u00f3maol\u00eda) fr\u00e6ol\u00eda, Cocos Nucifera (k\u00f3kosol\u00eda), ilm, Tocopheryl asetat (E-v\u00edtam\u00edn), (*Lycium Barbarum (Goji) \u00e1vextir, *Cymbopogon Schoenanthus, *A Leafloe Barbadensis<\/span><\/span> <span class=\"jCAhz ChMk0b\"><span class=\"ryNqvb\">) *L\u00cdFFR\u00c6NT<\/span><\/span><\/span><\/p>\n","protected":false},"featured_media":3284,"comment_status":"closed","ping_status":"closed","template":"","meta":{"advanced_seo_description":"","jetpack_seo_html_title":"","jetpack_seo_noindex":false,"iawp_total_views":50,"jetpack_publicize_message":"","jetpack_publicize_feature_enabled":true,"jetpack_social_post_already_shared":true,"jetpack_social_options":{"image_generator_settings":{"template":"highway","default_image_id":0,"font":"","enabled":false},"version":2}},"product_brand":[],"product_cat":[72,115,154,116],"product_tag":[],"class_list":{"0":"post-3289","1":"product","2":"type-product","3":"status-publish","4":"has-post-thumbnail","6":"product_cat-nuddoliur","7":"product_cat-nyjar-vorur","8":"product_cat-smahlutir-fyrir-nudd","9":"product_cat-smavara","11":"first","12":"instock","13":"sale","14":"shipping-taxable","15":"purchasable","16":"product-type-simple"},"jetpack_publicize_connections":[],"jetpack_sharing_enabled":true,"jetpack_likes_enabled":true,"jetpack-related-posts":[],"_links":{"self":[{"href":"https:\/\/egat.is\/nuddvorur\/wp-json\/wp\/v2\/product\/3289","targetHints":{"allow":["GET"]}}],"collection":[{"href":"https:\/\/egat.is\/nuddvorur\/wp-json\/wp\/v2\/product"}],"about":[{"href":"https:\/\/egat.is\/nuddvorur\/wp-json\/wp\/v2\/types\/product"}],"replies":[{"embeddable":true,"href":"https:\/\/egat.is\/nuddvorur\/wp-json\/wp\/v2\/comments?post=3289"}],"wp:featuredmedia":[{"embeddable":true,"href":"https:\/\/egat.is\/nuddvorur\/wp-json\/wp\/v2\/media\/3284"}],"wp:attachment":[{"href":"https:\/\/egat.is\/nuddvorur\/wp-json\/wp\/v2\/media?parent=3289"}],"wp:term":[{"taxonomy":"product_brand","embeddable":true,"href":"https:\/\/egat.is\/nuddvorur\/wp-json\/wp\/v2\/product_brand?post=3289"},{"taxonomy":"product_cat","embeddable":true,"href":"https:\/\/egat.is\/nuddvorur\/wp-json\/wp\/v2\/product_cat?post=3289"},{"taxonomy":"product_tag","embeddable":true,"href":"https:\/\/egat.is\/nuddvorur\/wp-json\/wp\/v2\/product_tag?post=3289"}],"curies":[{"name":"wp","href":"https:\/\/api.w.org\/{rel}","templated":true}]}}