{"id":3281,"date":"2023-10-10T10:58:20","date_gmt":"2023-10-10T10:58:20","guid":{"rendered":"https:\/\/egat.is\/nuddvorur\/?post_type=product&#038;p=3281"},"modified":"2025-07-22T14:39:52","modified_gmt":"2025-07-22T14:39:52","slug":"sensual-massage-oil","status":"publish","type":"product","link":"https:\/\/egat.is\/nuddvorur\/product\/sensual-massage-oil\/","title":{"rendered":"SENSUAL MASSAGE OIL Intimate &#8211; Earth"},"content":{"rendered":"<p><span class=\"HwtZe\" lang=\"is\"><span class=\"jCAhz ChMk0b\"><span class=\"ryNqvb\">Kak\u00f3baun og Goji-ber.<\/span><\/span> <span class=\"jCAhz ChMk0b\"><span class=\"ryNqvb\">Nuddol\u00edublanda okkar inniheldur n\u00e1tt\u00farulegar ol\u00edur og votta\u00f0\u00a0l\u00edfr\u00e6nt sey\u00f0i til a\u00f0 r\u00f3a auma v\u00f6\u00f0va og skapa tilfinningar\u00edkt umhverfi.<\/span><\/span> <span class=\"jCAhz ChMk0b\"><span class=\"ryNqvb\">Nota\u00f0u \u00e1 l\u00edkamann daglega eftir ba\u00f0 e\u00f0a\u00a0sturtu fyrir silkimj\u00faka h\u00fa\u00f0.<\/span><\/span> Skilja ekki eftir bletti \u00e1 l\u00f6kum<span class=\"jCAhz ChMk0b\"><span class=\"ryNqvb\"><br \/>\n<\/span><\/span><\/span><\/p>\n","protected":false},"excerpt":{"rendered":"<ul>\n<li class=\"_2knBS undefined\" data-hook=\"collapse-info-item\">\n<div class=\"rah-static rah-static--height-auto\" aria-hidden=\"false\">\n<div>\n<div class=\"_1yvxJ fggS- cell\">\n<div class=\"WncCi\" data-hook=\"info-section-description\">\n<p>Cocoa\u00a0Bean and Goji-Berry. Our massage oil blend contains natural oils and certified\u00a0organic extracts to soothe aching muscles and create a sensual setting.\u00a0 Use on the body everyday after bath or\u00a0shower for silky soft skin.\u00a0 Will\u00a0not stain sheets.<\/p>\n<\/div>\n<\/div>\n<\/div>\n<\/div>\n<\/li>\n<li class=\"_2knBS undefined\" data-hook=\"collapse-info-item\">Prunus Amygdalus Dulcis (Sweet Almond) Oil, Helianthus Annuus (Sunflower) Seed Oil, Cocos Nucifera (Coconut Oil), Aroma, Tocopheryl Acetate (Vitamin E), (*Lycium Barbarum (Goji) Fruit, *Cymbopogon Schoenanthus, *Aloe Barbadensis Leaf) ORGANIC 120 ml<\/li>\n<\/ul>\n","protected":false},"featured_media":3287,"comment_status":"closed","ping_status":"closed","template":"","meta":{"advanced_seo_description":"","jetpack_seo_html_title":"","jetpack_seo_noindex":false,"iawp_total_views":23,"jetpack_publicize_message":"","jetpack_publicize_feature_enabled":true,"jetpack_social_post_already_shared":true,"jetpack_social_options":{"image_generator_settings":{"template":"highway","default_image_id":0,"font":"","enabled":false},"version":2}},"product_brand":[],"product_cat":[18],"product_tag":[],"class_list":{"0":"post-3281","1":"product","2":"type-product","3":"status-publish","4":"has-post-thumbnail","6":"product_cat-uncategorized","8":"first","9":"outofstock","10":"sale","11":"shipping-taxable","12":"purchasable","13":"product-type-simple"},"jetpack_publicize_connections":[],"jetpack_sharing_enabled":true,"jetpack_likes_enabled":true,"jetpack-related-posts":[],"_links":{"self":[{"href":"https:\/\/egat.is\/nuddvorur\/wp-json\/wp\/v2\/product\/3281","targetHints":{"allow":["GET"]}}],"collection":[{"href":"https:\/\/egat.is\/nuddvorur\/wp-json\/wp\/v2\/product"}],"about":[{"href":"https:\/\/egat.is\/nuddvorur\/wp-json\/wp\/v2\/types\/product"}],"replies":[{"embeddable":true,"href":"https:\/\/egat.is\/nuddvorur\/wp-json\/wp\/v2\/comments?post=3281"}],"wp:featuredmedia":[{"embeddable":true,"href":"https:\/\/egat.is\/nuddvorur\/wp-json\/wp\/v2\/media\/3287"}],"wp:attachment":[{"href":"https:\/\/egat.is\/nuddvorur\/wp-json\/wp\/v2\/media?parent=3281"}],"wp:term":[{"taxonomy":"product_brand","embeddable":true,"href":"https:\/\/egat.is\/nuddvorur\/wp-json\/wp\/v2\/product_brand?post=3281"},{"taxonomy":"product_cat","embeddable":true,"href":"https:\/\/egat.is\/nuddvorur\/wp-json\/wp\/v2\/product_cat?post=3281"},{"taxonomy":"product_tag","embeddable":true,"href":"https:\/\/egat.is\/nuddvorur\/wp-json\/wp\/v2\/product_tag?post=3281"}],"curies":[{"name":"wp","href":"https:\/\/api.w.org\/{rel}","templated":true}]}}