{"id":325,"date":"2020-01-11T03:21:16","date_gmt":"2020-01-11T03:21:16","guid":{"rendered":"http:\/\/egat.is\/nuddvorur\/product\/import-placeholder-for-587\/"},"modified":"2026-04-11T12:11:13","modified_gmt":"2026-04-11T12:11:13","slug":"egat-comfort-flex-snyrti-og-nuddbekkur","status":"publish","type":"product","link":"https:\/\/egat.is\/nuddvorur\/product\/egat-comfort-flex-snyrti-og-nuddbekkur\/","title":{"rendered":"Egat Comfort Flex   &#8211;  Snyrti og nuddbekkur , svartir"},"content":{"rendered":"<ul>\n<li>H\u00e6gt a\u00f0 h\u00e6kka og l\u00e6kka bak eins og hentar<\/li>\n<li>&#8211;\u00a0 Lengd er 1.92 cm \u00a0fyrir utan h\u00f6fu\u00f0p\u00fa\u00f0a<\/li>\n<li>&#8211;\u00a0 Breidd er 76 cm<\/li>\n<li>&#8211;\u00a0 \u00feyngd 18.2 kg<\/li>\n<li>&#8211;\u00a0 Bur\u00f0ar\u00feol 1225 kg<\/li>\n<li>&#8211;\u00a0 \u00feykkt 7,6 cm<\/li>\n<li>&#8211;\u00a0Gat fyrir h\u00f6fu\u00f0p\u00fa\u00f0a \u00e1 b\u00e1\u00f0um endum.<\/li>\n<li>&#8211;\u00a0Fer\u00f0ataska fylgir.<\/li>\n<li>\u00a0 Memory foam<\/li>\n<li>&#8211; Ver\u00f0:81.900<\/li>\n<li>&#8211; 5 Year Limited Warranty<\/li>\n<li>-Rounded corners<\/li>\n<li>-11-Position elevating back rest<\/li>\n<li>-Reiki endplate on both-ends<\/li>\n<li>-Headrest outlets on both-ends<\/li>\n<li>-Double leg lock knobs offer extra safety<\/li>\n<li>-Full length piano hinge for extra strength and stability<\/li>\n<li>-Comfort Soft-touch PU upholstering<\/li>\n<li>\u00a03.0&#8243; thick multi-layered Soft-foam system and memory foam<\/li>\n<li>-Precision crafted non-gap Finger-joint wooden table top<\/li>\n<li>-Super-strong European beech wood<\/li>\n<\/ul>\n","protected":false},"excerpt":{"rendered":"<p><strong>Myndir s\u00fdna g\u00f3\u00f0ar lamir og festingar eins og eru \u00e1 bekkjum hj\u00e1 m\u00e9r<\/strong> og svo eru a\u00f0ilar a\u00f0 selja bekki me\u00f0 l\u00e9legum l\u00f6mum og festingum \u00fear sem skr\u00fafur rifna fr\u00e1 bekk og \u00fea\u00f0 segir \u00fe\u00e9r a\u00f0 \u00feannig bekkir eru l\u00e9leg vara. (eins og myndin \u00fear sem festingar og lamir hafa rifna\u00f0 fr\u00e1 ) \u00feannig a\u00f0 ath hva\u00f0 \u00fe\u00fa ert a\u00f0 kaupa \ud83d\ude42 Ekki kaupa drasl sem endist ekki , kauptu af faga\u00f0ila sem veit hva\u00f0 hann er a\u00f0 tala um \ud83d\ude42<\/p>\n<h1><\/h1>\n<p>&nbsp;<\/p>\n","protected":false},"featured_media":5300,"comment_status":"open","ping_status":"closed","template":"","meta":{"advanced_seo_description":"","jetpack_seo_html_title":"","jetpack_seo_noindex":false,"iawp_total_views":347,"jetpack_publicize_message":"","jetpack_publicize_feature_enabled":true,"jetpack_social_post_already_shared":true,"jetpack_social_options":{"image_generator_settings":{"template":"highway","default_image_id":0,"font":"","enabled":false},"version":2}},"product_brand":[],"product_cat":[71],"product_tag":[],"class_list":{"0":"post-325","1":"product","2":"type-product","3":"status-publish","4":"has-post-thumbnail","6":"product_cat-nuddbekkir","8":"first","9":"instock","10":"shipping-taxable","11":"purchasable","12":"product-type-variable"},"jetpack_publicize_connections":[],"jetpack_sharing_enabled":true,"jetpack_likes_enabled":true,"jetpack-related-posts":[],"_links":{"self":[{"href":"https:\/\/egat.is\/nuddvorur\/wp-json\/wp\/v2\/product\/325","targetHints":{"allow":["GET"]}}],"collection":[{"href":"https:\/\/egat.is\/nuddvorur\/wp-json\/wp\/v2\/product"}],"about":[{"href":"https:\/\/egat.is\/nuddvorur\/wp-json\/wp\/v2\/types\/product"}],"replies":[{"embeddable":true,"href":"https:\/\/egat.is\/nuddvorur\/wp-json\/wp\/v2\/comments?post=325"}],"wp:featuredmedia":[{"embeddable":true,"href":"https:\/\/egat.is\/nuddvorur\/wp-json\/wp\/v2\/media\/5300"}],"wp:attachment":[{"href":"https:\/\/egat.is\/nuddvorur\/wp-json\/wp\/v2\/media?parent=325"}],"wp:term":[{"taxonomy":"product_brand","embeddable":true,"href":"https:\/\/egat.is\/nuddvorur\/wp-json\/wp\/v2\/product_brand?post=325"},{"taxonomy":"product_cat","embeddable":true,"href":"https:\/\/egat.is\/nuddvorur\/wp-json\/wp\/v2\/product_cat?post=325"},{"taxonomy":"product_tag","embeddable":true,"href":"https:\/\/egat.is\/nuddvorur\/wp-json\/wp\/v2\/product_tag?post=325"}],"curies":[{"name":"wp","href":"https:\/\/api.w.org\/{rel}","templated":true}]}}