{"id":324,"date":"2020-01-11T03:21:16","date_gmt":"2020-01-11T03:21:16","guid":{"rendered":"http:\/\/egat.is\/nuddvorur\/product\/import-placeholder-for-586\/"},"modified":"2026-04-11T11:44:18","modified_gmt":"2026-04-11T11:44:18","slug":"egat-superius-breitt-og-gott-bord","status":"publish","type":"product","link":"https:\/\/egat.is\/nuddvorur\/product\/egat-superius-breitt-og-gott-bord\/","title":{"rendered":"Egat Superius &#8211; Breitt og gott bor\u00f0"},"content":{"rendered":"<ul>\n<li>&#8211;\u00a0 vatns og ol\u00edheldu \u00e1kl\u00e6\u00f0i<\/li>\n<li>&#8211; \u00a0\u00a0Memory foam \u00e1 d\u00fdnu sem b\u00fdr til extra m\u00fdkt<\/li>\n<li>\u00a0&#8211;\u00a0\u00a0Lengd er 1.92 cm\u00a0(ath ekki 1.84)\u00a0fyrir utan h\u00f6fu\u00f0p\u00fa\u00f0a<\/li>\n<li>&#8211; \u00a0Breidd 81 cm<\/li>\n<li>&#8211; \u00a0\u00a0\u00feyngd 16.7 kg<\/li>\n<li>&#8211; \u00a0\u00a0\u00feykkt 7,6 cm<\/li>\n<li>&#8211; \u00a0\u00a0Bur\u00f0ar\u00feol 1250 kg<\/li>\n<li>&#8211; Gat fyrir h\u00f6fu\u00f0p\u00fa\u00f0a\u00a0\u00a0\u00e1 b\u00e1\u00f0um endum.<\/li>\n<li>&#8211;\u00a0Fer\u00f0ataska fylgir<\/li>\n<li>&#8211;\u00a0Beige lita\u00f0 \u00a0e\u00f0a svartir<\/li>\n<li>&#8211; 3 Year Limited Warranty<\/li>\n<li>&#8211; Rounded corners<\/li>\n<li>\u00a0&#8211; Shiatsu release cables<\/li>\n<li>&#8211; Reiki endplate on both-ends<\/li>\n<li>&#8211; Headrest outlets on both-ends<\/li>\n<li>&#8211; Double leg lock knobs offer\u00a0extra safety<\/li>\n<li>&#8211; Full length piano hinge for extra strengthand stability<\/li>\n<li>&#8211; Super comfort Skin-touch luxurious PVC upholstering<\/li>\n<li>\u00a0&#8211; 3&#8243; thick multi-layered Soft-foam system including 3\/4&#8243; of memory foam<\/li>\n<li>&#8211; Precision crafted non-gap Finger-joint wooden table top<\/li>\n<li>&#8211; Super-strong European beech wood<\/li>\n<\/ul>\n","protected":false},"excerpt":{"rendered":"<p><strong>Myndir s\u00fdna g\u00f3\u00f0ar lamir og festingar eins og eru \u00e1 bekkjum hj\u00e1 m\u00e9r<\/strong> og svo eru a\u00f0ilar a\u00f0 selja bekki me\u00f0 l\u00e9legum l\u00f6mum og festingum \u00fear sem skr\u00fafur rifna fr\u00e1 bekk og \u00fea\u00f0 segir \u00fe\u00e9r a\u00f0 \u00feannig bekkir eru l\u00e9leg vara. (eins og myndin \u00fear sem festingar og lamir hafa rifna\u00f0 fr\u00e1 ) \u00feannig a\u00f0 ath hva\u00f0 \u00fe\u00fa ert a\u00f0 kaupa \ud83d\ude42 Ekki kaupa drasl sem endist ekki , kauptu af faga\u00f0ila sem veit hva\u00f0 hann er a\u00f0 tala um \ud83d\ude42<\/p>\n<p>&nbsp;<\/p>\n<p><span data-text-color=\"success\">me\u00f0m\u00e6li :<\/span><\/p>\n<div class=\"xdl72j9 x1iyjqo2 xs83m0k xeuugli xh8yej3\">\n<div>\n<div class=\"xmjcpbm x1tlxs6b x1g8br2z x1gn5b1j x230xth x9f619 xzsf02u x1rg5ohu xdj266r x11i5rnm xat24cr x1mh8g0r x193iq5w x1mzt3pk x1n2onr6 xeaf4i8 x13faqbe\">\n<div class=\"x1y1aw1k xn6708d xwib8y2 x1ye3gou\">\n<div class=\"x1i10hfl xjbqb8w x1ejq31n xd10rxx x1sy0etr x17r0tee x972fbf xcfux6l x1qhh985 xm0m39n x9f619 x1ypdohk xt0psk2 xe8uvvx xdj266r x11i5rnm xat24cr x1mh8g0r xexx8yu x4uap5 x18d9i69 xkhd6sd x16tdsg8 x1hl2dhg xggy1nq x1a2a7pz x1heor9g xt0b8zv\" tabindex=\"0\" role=\"button\" aria-hidden=\"false\"><span class=\"x3nfvp2\" data-text-color=\"success\"><span class=\"x193iq5w xeuugli x13faqbe x1vvkbs x1xmvt09 x1lliihq x1s928wv xhkezso x1gmr53x x1cpjm7i x1fgarty x1943h6x x4zkp8e x676frb x1nxh6w3 x1sibtaa x1s688f xzsf02u\" dir=\"auto\">Laufey Fj\u00f3la Hermannsd\u00f3ttir<\/span><\/span><\/div>\n<div class=\"x1lliihq xjkvuk6 x1iorvi4\">\n<div class=\"xdj266r x11i5rnm xat24cr x1mh8g0r x1vvkbs\">\n<div dir=\"auto\"><span data-text-color=\"success\">\u00c9g er me\u00f0 81 cm brei\u00f0an bekk fr\u00e1 ykkur me\u00f0 memory foam og hann kemur mj\u00f6g vel \u00fat b\u00e6\u00f0i \u00ed nudd og heilanir og margir tala um a\u00f0 \u00feetta s\u00e9 besti bekkur sem \u00feau hafa veri\u00f0 \u00e1 \u00ed me\u00f0fer\u00f0 m\u00e6li 100%me\u00f0 <a class=\"x1i10hfl xjbqb8w x1ejq31n xd10rxx x1sy0etr x17r0tee x972fbf xcfux6l x1qhh985 xm0m39n x9f619 x1ypdohk xt0psk2 xe8uvvx xdj266r x11i5rnm xat24cr x1mh8g0r xexx8yu x4uap5 x18d9i69 xkhd6sd x16tdsg8 x1hl2dhg xggy1nq x1a2a7pz xt0b8zv x1fey0fg\" tabindex=\"0\" role=\"link\" href=\"https:\/\/www.facebook.com\/groups\/2397458003721944\/?__cft__[0]=AZVNxtyGHWNCbdVImOEHlXc1Jblt0VpwEu8DmC4rnxSCbgqyp0miLNCrIMrIvxiCTcy1auQ4CxlfugwNM8Cj70BU7bke7bBPpmgLBOtLj_tMStDvFKkWdBRbYBzXKl9rzlQ&amp;__tn__=R]-R\" target=\"_blank\" rel=\"noopener\"><span class=\"xt0psk2\">Transheilun &#8211; reiki Laufey<\/span><\/a><\/span><\/div>\n<\/div>\n<\/div>\n<\/div>\n<\/div>\n<\/div>\n<\/div>\n","protected":false},"featured_media":5297,"comment_status":"open","ping_status":"closed","template":"","meta":{"advanced_seo_description":"","jetpack_seo_html_title":"","jetpack_seo_noindex":false,"iawp_total_views":781,"jetpack_publicize_message":"","jetpack_publicize_feature_enabled":true,"jetpack_social_post_already_shared":false,"jetpack_social_options":{"image_generator_settings":{"template":"highway","default_image_id":0,"font":"","enabled":false},"version":2}},"product_brand":[],"product_cat":[71],"product_tag":[],"class_list":{"0":"post-324","1":"product","2":"type-product","3":"status-publish","4":"has-post-thumbnail","6":"product_cat-nuddbekkir","8":"first","9":"instock","10":"shipping-taxable","11":"purchasable","12":"product-type-variable","13":"has-default-attributes"},"jetpack_publicize_connections":[],"jetpack_sharing_enabled":true,"jetpack_likes_enabled":true,"jetpack-related-posts":[],"_links":{"self":[{"href":"https:\/\/egat.is\/nuddvorur\/wp-json\/wp\/v2\/product\/324","targetHints":{"allow":["GET"]}}],"collection":[{"href":"https:\/\/egat.is\/nuddvorur\/wp-json\/wp\/v2\/product"}],"about":[{"href":"https:\/\/egat.is\/nuddvorur\/wp-json\/wp\/v2\/types\/product"}],"replies":[{"embeddable":true,"href":"https:\/\/egat.is\/nuddvorur\/wp-json\/wp\/v2\/comments?post=324"}],"wp:featuredmedia":[{"embeddable":true,"href":"https:\/\/egat.is\/nuddvorur\/wp-json\/wp\/v2\/media\/5297"}],"wp:attachment":[{"href":"https:\/\/egat.is\/nuddvorur\/wp-json\/wp\/v2\/media?parent=324"}],"wp:term":[{"taxonomy":"product_brand","embeddable":true,"href":"https:\/\/egat.is\/nuddvorur\/wp-json\/wp\/v2\/product_brand?post=324"},{"taxonomy":"product_cat","embeddable":true,"href":"https:\/\/egat.is\/nuddvorur\/wp-json\/wp\/v2\/product_cat?post=324"},{"taxonomy":"product_tag","embeddable":true,"href":"https:\/\/egat.is\/nuddvorur\/wp-json\/wp\/v2\/product_tag?post=324"}],"curies":[{"name":"wp","href":"https:\/\/api.w.org\/{rel}","templated":true}]}}