{"id":323,"date":"2020-01-11T03:21:16","date_gmt":"2020-01-11T03:21:16","guid":{"rendered":"http:\/\/egat.is\/nuddvorur\/product\/import-placeholder-for-585\/"},"modified":"2026-03-09T14:28:01","modified_gmt":"2026-03-09T14:28:01","slug":"egat-deluxe-med-memory-foam","status":"publish","type":"product","link":"https:\/\/egat.is\/nuddvorur\/product\/egat-deluxe-med-memory-foam\/","title":{"rendered":"Egat deluxe me\u00f0 memory foam"},"content":{"rendered":"<p style=\"text-align: left;\"><em><big><big><small>&#8211; Vatns og ol\u00edhelt \u00e1kl\u00e6\u00f0i\u00a0 <\/small><\/big><\/big><big><br \/>\n-Fer\u00f0ataska fylgir<br \/>\n-3 \u00e1ra \u00e1byrg\u00f0<br \/>\n-\u00feyngd 16,2 kg<br \/>\n-\u00feykkt \u00e1 d\u00fdnu er 7.6 cm me\u00f0 memory foam<br \/>\n-Tekur st\u00f6\u00f0uga vigt 1250 kg<br \/>\n-Breidd er 76 cm (mj\u00f3rri bor\u00f0 eru of mj\u00f3 fyrir venjulega l\u00edkamsbreidd)<br \/>\n-gat fyrir h\u00f6fu\u00f0p\u00fa\u00f0a \u00e1 b\u00e1\u00f0um endum<br \/>\n-Beige, svartir, kanillita\u00f0ir (cinnamon),v\u00ednrau\u00f0ir (Burgundy)<br \/>\nlengd er 192 cm fyrir utan h\u00f6fu\u00f0p\u00fa\u00f0a ( ath ekki 184cm )<br \/>\n(sem \u00fe\u00fd\u00f0ir a\u00f0 bekkurinn tekur h\u00e1vaxnara f\u00f3lk<br \/>\n<\/big>-3 Year Limited Warranty- Rounded corners<br \/>\n&#8211; Reiki endplate on both-ends<big><br \/>\n<\/big>&#8211; Headrest outlets on both-ends<br \/>\n&#8211; Double leg lock knobs offer extra safety<br \/>\n&#8211; Full length piano hinge for extra strength and stability<big><small><br \/>\n<\/small><\/big>&#8211; Comfort soft-touch PU upholstering<br \/>\n-3.0&#8243;\u00a0<big><big><small><small>thick multi-layered Soft-foam system including 3\/4&#8243; of memory foam<br \/>\n<\/small><\/small><\/big><\/big>&#8211; Precision crafted non-gap Finger-joint wooden table top<br \/>\n<big><big><small>\u00a0<\/small><\/big><\/big>-Super-strong European beech wood<big><big><small>\u00a0<\/small><\/big><\/big><\/em><\/p>\n<ul>\n<li>Egat Deluxe me\u00f0 Memory Foam Hydrolysis resistance PU has high elasticity and strength, but yet soft to the touch. This PU will make sure you are worry free for many years. It is water and alcohol resistant ( Egat Deluxe me\u00f0 vatnsheldu PU\u00a0 , ) Memory Foam returns to its original state.\u00a0 Massage tables with Memory Foam are\u00a0 more comfortable for clients, especially ones that lie in one position for a long amount of time.\u00a0 Memory Foam evenly distributes clients\u2019 body weight keeping pressure from building up in certain spots<\/li>\n<\/ul>\n","protected":false},"excerpt":{"rendered":"<h5><\/h5>\n<h5><strong>Myndir s\u00fdna g\u00f3\u00f0ar lamir og festingar eins og eru \u00e1 bekkjum hj\u00e1 m\u00e9r<\/strong> og svo eru a\u00f0ilar a\u00f0 selja bekki me\u00f0 l\u00e9legum l\u00f6mum og festingum \u00fear sem skr\u00fafur rifna fr\u00e1 bekk og \u00fea\u00f0 segir \u00fe\u00e9r a\u00f0 \u00feannig bekkir eru l\u00e9leg vara. (eins og myndin \u00fear sem festingar og lamir hafa rifna\u00f0 fr\u00e1 ) \u00feannig a\u00f0 ath hva\u00f0 \u00fe\u00fa ert a\u00f0 kaupa \ud83d\ude42 Ekki kaupa drasl sem endist ekki , kauptu af faga\u00f0ila sem veit hva\u00f0 hann er a\u00f0 tala um \ud83d\ude42 \u00d6ll ver\u00f0 eru me\u00f0 vsk.<\/h5>\n<h1><\/h1>\n<h1><span data-text-color=\"alert\"><strong>\u00a0<\/strong><\/span><\/h1>\n<p>&nbsp;<\/p>\n","protected":false},"featured_media":5163,"comment_status":"open","ping_status":"closed","template":"","meta":{"advanced_seo_description":"","jetpack_seo_html_title":"","jetpack_seo_noindex":false,"iawp_total_views":892,"jetpack_publicize_message":"","jetpack_publicize_feature_enabled":true,"jetpack_social_post_already_shared":false,"jetpack_social_options":{"image_generator_settings":{"template":"highway","default_image_id":0,"font":"","enabled":false},"version":2}},"product_brand":[],"product_cat":[71,155],"product_tag":[],"class_list":{"0":"post-323","1":"product","2":"type-product","3":"status-publish","4":"has-post-thumbnail","6":"product_cat-nuddbekkir","7":"product_cat-vorur-a-tilbodi","9":"first","10":"instock","11":"sale","12":"shipping-taxable","13":"purchasable","14":"product-type-variable"},"jetpack_publicize_connections":[],"jetpack_sharing_enabled":true,"jetpack_likes_enabled":true,"jetpack-related-posts":[],"_links":{"self":[{"href":"https:\/\/egat.is\/nuddvorur\/wp-json\/wp\/v2\/product\/323","targetHints":{"allow":["GET"]}}],"collection":[{"href":"https:\/\/egat.is\/nuddvorur\/wp-json\/wp\/v2\/product"}],"about":[{"href":"https:\/\/egat.is\/nuddvorur\/wp-json\/wp\/v2\/types\/product"}],"replies":[{"embeddable":true,"href":"https:\/\/egat.is\/nuddvorur\/wp-json\/wp\/v2\/comments?post=323"}],"wp:featuredmedia":[{"embeddable":true,"href":"https:\/\/egat.is\/nuddvorur\/wp-json\/wp\/v2\/media\/5163"}],"wp:attachment":[{"href":"https:\/\/egat.is\/nuddvorur\/wp-json\/wp\/v2\/media?parent=323"}],"wp:term":[{"taxonomy":"product_brand","embeddable":true,"href":"https:\/\/egat.is\/nuddvorur\/wp-json\/wp\/v2\/product_brand?post=323"},{"taxonomy":"product_cat","embeddable":true,"href":"https:\/\/egat.is\/nuddvorur\/wp-json\/wp\/v2\/product_cat?post=323"},{"taxonomy":"product_tag","embeddable":true,"href":"https:\/\/egat.is\/nuddvorur\/wp-json\/wp\/v2\/product_tag?post=323"}],"curies":[{"name":"wp","href":"https:\/\/api.w.org\/{rel}","templated":true}]}}