{"id":2841,"date":"2023-10-07T14:34:52","date_gmt":"2023-10-07T14:34:52","guid":{"rendered":"https:\/\/egat.is\/nuddvorur\/?post_type=product&#038;p=2841"},"modified":"2026-03-04T11:10:04","modified_gmt":"2026-03-04T11:10:04","slug":"carmen-rafnuddbekkur","status":"publish","type":"product","link":"https:\/\/egat.is\/nuddvorur\/product\/carmen-rafnuddbekkur\/","title":{"rendered":"Egat Carmen Flat Rafnuddbekkur  Tilbo\u00f0  41.000 kr afsl\u00e1ttur \u00far 370.000 &#8211; 329.000"},"content":{"rendered":"","protected":false},"excerpt":{"rendered":"<p><span data-text-color=\"alert\"><strong>\u00a0Tilbo\u00f0 41.000 afsl\u00e1ttur \u00far 370.000 &#8211; 329.000 (81 cm breidd) (ath flutningur \u00e1 bekk ekki innifalinn)<br \/>\n<\/strong><\/span><\/p>\n<p>\u00d6ll ver\u00f0 eru me\u00f0 vsk<\/p>\n<div>\n<p><strong>Egat Carmen Flat Powerlift Cosmetic Beauty Bed Electrical Massage Spa Bed<\/strong><\/p>\n<div><strong>The Carmo massage table meets the concerns and needs of serious massage therapists and high-end spa club owners, who want to provide their <\/strong><\/div>\n<div><strong>customers the best in comfort, support and upscale atmosphere. <\/strong><\/div>\n<div><strong>The Carmo massage table is built on the Carmo medical table frame, which gives users safety and confidence. Carmo massage table features <\/strong><\/div>\n<div><strong>powerlift height lifting, Safety Lock and Walk-Free Control System.<\/strong><\/div>\n<\/div>\n<div>*Control System,<br \/>\n*Head Section Design<br \/>\n* Front Armrest<br \/>\n*Side Armrest<br \/>\n*Stand-by Castor System<br \/>\n*Touch Stop Safety\u00a0System<br \/>\n*Paper\u00a0Roll Holder<\/div>\n<div><strong>Specification:<\/strong><br \/>\nLength: 72.5&#8243;\/184cm<\/div>\n<div>Width: 28&#8243;\/69cm, 30&#8243;\/74cm<\/div>\n<div>Height: 18&#8243;\/46cm~37&#8243;\/95cm<\/div>\n<div>Foam: 2.5&#8243; \/7,6cm<br \/>\nLifting Capacity: 440lbs\/ 200kg<br \/>\nWorking Weight: 600lbs\/272kg<br \/>\nProduct Weight: 167lbs\/76kg Split mattresse scan be arbitrarily combined according to user needs.<br \/>\nThe thick cushion has more cushioning space, which brings a more comfortable experience to massage and SPA.<\/div>\n<div>Carmen Massage Flat Massage Bed\u00a0 is designed to give you the functionality and the ease of a resort spa in a minimalist package.<br \/>\nThis\u00a0treatment table has an extra wide patient surface measuring in at 72.5&#8243;. Accommodate clients with the high\/low height adjustment system allowing adjustments from 18&#8243; to 37&#8243;.<\/div>\n<div>The Carmen massage table meets the concerns and needs of serious massage therapists and high-end spa club owners, who want to provide their customers the best in comfort, support and upscale atmosphere.<\/div>\n<p>&nbsp;<\/p>\n<ul>\n<li>Lyftir 272 kg<\/li>\n<li>Breidd 76 cm e\u00f0a 81 cm<\/li>\n<li>Rafmagnslyfta upp og ni\u00f0ur allan hringinn til a\u00f0 h\u00e6kka og l\u00e6kka.<\/li>\n<li>7.5 cm \u00feykkt<\/li>\n<li>H\u00f6fu\u00f0p\u00fa\u00f0i \u00fear sem andlit fellur inn \u00ed fylgir<\/li>\n<li>Svartir\u00a0 e\u00f0a Beige lita\u00f0ir<\/li>\n<li>Lifting\u00a0Capacity:\u00a0450\u00a0lbs\/\u00a0204kgs<\/li>\n<li>Length:72.5\u2033\/\u00a0184cm\u00a0(Table\u00a0top),<\/li>\n<li>including\u00a0headrest:\u00a083.1\u2033\/\u00a0211cm<\/li>\n<li><small><big>Brei\u00f0ur og g\u00f3\u00f0ur fyrir st\u00f3ra l\u00edkama<\/big><\/small><\/li>\n<li>30\u2033\/\u00a076cm\u00a0available<\/li>\n<li>Weight\u00a0Range:25\u2033:103lbs\/47kg;27\u2033:\u00a0110lbs\/\u00a050kg,<\/li>\n<li>Oil and Waterproof<\/li>\n<li>Height\u00a0Range:17\u201c\/\u00a043cm\u00a0~\u00a038.5\u201c\/\u00a098cm<\/li>\n<li>Cushion:3\u2033\/\u00a07.6cm\u00a0multi-layer\u00a0Soft-foam\u00a0system<\/li>\n<li>Upholstery:Comfort\u00a0Soft-touch\u00a0PU\u00a0upholstering<\/li>\n<li>5 Year Limited Warranty<\/li>\n<li>Easy to use foot pedal.Heavy-duty steel frame<\/li>\n<li>Headrest outlets on both ends<\/li>\n<li>Smooth, reliable electric lift actuator<\/li>\n<li>Easy control powerlift height adjustment<\/li>\n<li>Heavy duty polypropylene wheels for easy transportation<\/li>\n<li>3\u2033 thick multi-layer soft foam system<\/li>\n<li>Super comfort Soft-touch luxurious PU upholstering<\/li>\n<li><\/li>\n<\/ul>\n","protected":false},"featured_media":3359,"comment_status":"closed","ping_status":"closed","template":"","meta":{"advanced_seo_description":"","jetpack_seo_html_title":"","jetpack_seo_noindex":false,"iawp_total_views":626,"jetpack_publicize_message":"","jetpack_publicize_feature_enabled":true,"jetpack_social_post_already_shared":true,"jetpack_social_options":{"image_generator_settings":{"template":"highway","default_image_id":0,"font":"","enabled":false},"version":2}},"product_brand":[],"product_cat":[115,87,155],"product_tag":[],"class_list":{"0":"post-2841","1":"product","2":"type-product","3":"status-publish","4":"has-post-thumbnail","6":"product_cat-nyjar-vorur","7":"product_cat-rafmagns-snyrti-og-nuddbekkur","8":"product_cat-vorur-a-tilbodi","9":"product_shipping_class-rafbekkir","11":"first","12":"instock","13":"sale","14":"shipping-taxable","15":"purchasable","16":"product-type-variable"},"jetpack_publicize_connections":[],"jetpack_sharing_enabled":true,"jetpack_likes_enabled":true,"jetpack-related-posts":[],"_links":{"self":[{"href":"https:\/\/egat.is\/nuddvorur\/wp-json\/wp\/v2\/product\/2841","targetHints":{"allow":["GET"]}}],"collection":[{"href":"https:\/\/egat.is\/nuddvorur\/wp-json\/wp\/v2\/product"}],"about":[{"href":"https:\/\/egat.is\/nuddvorur\/wp-json\/wp\/v2\/types\/product"}],"replies":[{"embeddable":true,"href":"https:\/\/egat.is\/nuddvorur\/wp-json\/wp\/v2\/comments?post=2841"}],"wp:featuredmedia":[{"embeddable":true,"href":"https:\/\/egat.is\/nuddvorur\/wp-json\/wp\/v2\/media\/3359"}],"wp:attachment":[{"href":"https:\/\/egat.is\/nuddvorur\/wp-json\/wp\/v2\/media?parent=2841"}],"wp:term":[{"taxonomy":"product_brand","embeddable":true,"href":"https:\/\/egat.is\/nuddvorur\/wp-json\/wp\/v2\/product_brand?post=2841"},{"taxonomy":"product_cat","embeddable":true,"href":"https:\/\/egat.is\/nuddvorur\/wp-json\/wp\/v2\/product_cat?post=2841"},{"taxonomy":"product_tag","embeddable":true,"href":"https:\/\/egat.is\/nuddvorur\/wp-json\/wp\/v2\/product_tag?post=2841"}],"curies":[{"name":"wp","href":"https:\/\/api.w.org\/{rel}","templated":true}]}}