{"id":2830,"date":"2023-07-12T11:18:44","date_gmt":"2023-07-12T11:18:44","guid":{"rendered":"https:\/\/egat.is\/nuddvorur\/?post_type=product&#038;p=2830"},"modified":"2026-03-19T11:43:58","modified_gmt":"2026-03-19T11:43:58","slug":"baksaeti-i-saunaklefa","status":"publish","type":"product","link":"https:\/\/egat.is\/nuddvorur\/product\/baksaeti-i-saunaklefa\/","title":{"rendered":"Baks\u00e6ti \u00ed saunaklefa kemur \u00ed mai 2026"},"content":{"rendered":"<p>st\u00f3rsni\u00f0ug baks\u00e6ti sem renna ekki \u00e1 bekk<\/p>\n","protected":false},"excerpt":{"rendered":"<p>st\u00f3rsni\u00f0ug baks\u00e6ti sem renna ekki \u00e1 bekk<\/p>\n","protected":false},"featured_media":2832,"comment_status":"open","ping_status":"closed","template":"","meta":{"advanced_seo_description":"","jetpack_seo_html_title":"","jetpack_seo_noindex":false,"iawp_total_views":209,"jetpack_publicize_message":"","jetpack_publicize_feature_enabled":true,"jetpack_social_post_already_shared":true,"jetpack_social_options":{"image_generator_settings":{"template":"highway","default_image_id":0,"font":"","enabled":false},"version":2}},"product_brand":[],"product_cat":[101,205,115,113,204],"product_tag":[],"class_list":{"0":"post-2830","1":"product","2":"type-product","3":"status-publish","4":"has-post-thumbnail","6":"product_cat-aukahlutir","7":"product_cat-inni-infraraudir-saunaklefar","8":"product_cat-nyjar-vorur","9":"product_cat-sauna-klefar","10":"product_cat-uti-infraraudir-saunaklefar","12":"first","13":"outofstock","14":"shipping-taxable","15":"purchasable","16":"product-type-simple"},"jetpack_publicize_connections":[],"jetpack_sharing_enabled":true,"jetpack_likes_enabled":true,"jetpack-related-posts":[],"_links":{"self":[{"href":"https:\/\/egat.is\/nuddvorur\/wp-json\/wp\/v2\/product\/2830","targetHints":{"allow":["GET"]}}],"collection":[{"href":"https:\/\/egat.is\/nuddvorur\/wp-json\/wp\/v2\/product"}],"about":[{"href":"https:\/\/egat.is\/nuddvorur\/wp-json\/wp\/v2\/types\/product"}],"replies":[{"embeddable":true,"href":"https:\/\/egat.is\/nuddvorur\/wp-json\/wp\/v2\/comments?post=2830"}],"wp:featuredmedia":[{"embeddable":true,"href":"https:\/\/egat.is\/nuddvorur\/wp-json\/wp\/v2\/media\/2832"}],"wp:attachment":[{"href":"https:\/\/egat.is\/nuddvorur\/wp-json\/wp\/v2\/media?parent=2830"}],"wp:term":[{"taxonomy":"product_brand","embeddable":true,"href":"https:\/\/egat.is\/nuddvorur\/wp-json\/wp\/v2\/product_brand?post=2830"},{"taxonomy":"product_cat","embeddable":true,"href":"https:\/\/egat.is\/nuddvorur\/wp-json\/wp\/v2\/product_cat?post=2830"},{"taxonomy":"product_tag","embeddable":true,"href":"https:\/\/egat.is\/nuddvorur\/wp-json\/wp\/v2\/product_tag?post=2830"}],"curies":[{"name":"wp","href":"https:\/\/api.w.org\/{rel}","templated":true}]}}