{"id":2502,"date":"2023-02-09T16:48:03","date_gmt":"2023-02-09T16:48:03","guid":{"rendered":"https:\/\/egat.is\/nuddvorur\/?post_type=product&#038;p=2502"},"modified":"2026-03-31T14:05:25","modified_gmt":"2026-03-31T14:05:25","slug":"light-system","status":"publish","type":"product","link":"https:\/\/egat.is\/nuddvorur\/product\/light-system\/","title":{"rendered":"Light System"},"content":{"rendered":"<p>viltu hafa notalega birtu vi\u00f0 nudd hj\u00e1 \u00fe\u00e9r ?<\/p>\n<p>\u00fe\u00e1 er \u00feetta kannski \u00fea\u00f0 sem \u00feig vantar..<\/p>\n<p>Products Benefits:<br \/>\nLights on the table illuminates and removes the darkness under the table.<br \/>\nCreates not only a warmer appearance to the room, but also make the massage more professional.<br \/>\nLight up the salon, the spa room, the warm light will make the customer feel pleasant and warm<br \/>\nSave the decoration budget for new massage stores<br \/>\nEnhance the atmosphere , make your massage room in relax atmosphere<\/p>\n","protected":false},"excerpt":{"rendered":"<p>viltu hafa notalega birtu vi\u00f0 nudd hj\u00e1 \u00fe\u00e9r ? \u00fe\u00e1 er \u00feetta kannski \u00fea\u00f0 sem \u00feig vantar.. Products Benefits: Lights on the table illuminates and removes the darkness under the table. Creates not only a warmer appearance to the room, but also make the massage more professional. Light up the salon, the spa room, the [&#8230;]\n","protected":false},"featured_media":2503,"comment_status":"open","ping_status":"closed","template":"","meta":{"advanced_seo_description":"","jetpack_seo_html_title":"","jetpack_seo_noindex":false,"iawp_total_views":104,"jetpack_publicize_message":"","jetpack_publicize_feature_enabled":true,"jetpack_social_post_already_shared":true,"jetpack_social_options":{"image_generator_settings":{"template":"highway","default_image_id":0,"font":"","enabled":false},"version":2}},"product_brand":[],"product_cat":[241,101,100,115,154,116,199,201,155],"product_tag":[],"class_list":{"0":"post-2502","1":"product","2":"type-product","3":"status-publish","4":"has-post-thumbnail","6":"product_cat-aukahlutir-a-nuddbekk","7":"product_cat-aukahlutir","8":"product_cat-nuddvorur","9":"product_cat-nyjar-vorur","10":"product_cat-smahlutir-fyrir-nudd","11":"product_cat-smavara","12":"product_cat-varahlutir","13":"product_cat-varahlutir-fyrir-nuddbekki","14":"product_cat-vorur-a-tilbodi","16":"first","17":"instock","18":"sale","19":"shipping-taxable","20":"purchasable","21":"product-type-simple"},"jetpack_publicize_connections":[],"jetpack_sharing_enabled":true,"jetpack_likes_enabled":true,"jetpack-related-posts":[],"_links":{"self":[{"href":"https:\/\/egat.is\/nuddvorur\/wp-json\/wp\/v2\/product\/2502","targetHints":{"allow":["GET"]}}],"collection":[{"href":"https:\/\/egat.is\/nuddvorur\/wp-json\/wp\/v2\/product"}],"about":[{"href":"https:\/\/egat.is\/nuddvorur\/wp-json\/wp\/v2\/types\/product"}],"replies":[{"embeddable":true,"href":"https:\/\/egat.is\/nuddvorur\/wp-json\/wp\/v2\/comments?post=2502"}],"wp:featuredmedia":[{"embeddable":true,"href":"https:\/\/egat.is\/nuddvorur\/wp-json\/wp\/v2\/media\/2503"}],"wp:attachment":[{"href":"https:\/\/egat.is\/nuddvorur\/wp-json\/wp\/v2\/media?parent=2502"}],"wp:term":[{"taxonomy":"product_brand","embeddable":true,"href":"https:\/\/egat.is\/nuddvorur\/wp-json\/wp\/v2\/product_brand?post=2502"},{"taxonomy":"product_cat","embeddable":true,"href":"https:\/\/egat.is\/nuddvorur\/wp-json\/wp\/v2\/product_cat?post=2502"},{"taxonomy":"product_tag","embeddable":true,"href":"https:\/\/egat.is\/nuddvorur\/wp-json\/wp\/v2\/product_tag?post=2502"}],"curies":[{"name":"wp","href":"https:\/\/api.w.org\/{rel}","templated":true}]}}