{"id":2485,"date":"2023-02-09T15:25:15","date_gmt":"2023-02-09T15:25:15","guid":{"rendered":"https:\/\/egat.is\/nuddvorur\/?post_type=product&#038;p=2485"},"modified":"2025-11-11T08:57:56","modified_gmt":"2025-11-11T08:57:56","slug":"egat-aly","status":"publish","type":"product","link":"https:\/\/egat.is\/nuddvorur\/product\/egat-aly\/","title":{"rendered":"Egat Aly"},"content":{"rendered":"<p><span id=\"page796R_mcid149\" class=\"markedContent\"><span dir=\"ltr\" role=\"presentation\">Light weight only 11kgs<\/span><\/span><span id=\"page796R_mcid150\" class=\"markedContent\"><\/span><span id=\"page796R_mcid154\" class=\"markedContent\"><br \/>\n<\/span>5 Year Limited Warranty<br \/>\n-Rounded corners<br \/>\n-Patented Wayer spring mattress system<br \/>\n-Headrest outlets on both-ends<br \/>\n-Internal Reiki vaulted construction<br \/>\n-Firm yet lightweight aluminum leg frame<br \/>\n-2.5&#8243; thick multi-layered Semi-firm foam system<br \/>\n-Super comfort Skin-touch luxurious PVC upholstering<br \/>\n-Precision welded yet lightweight aluminum tabletop frame<br \/>\n-Unsurpassed stability and easy push-button for height adjustment<\/p>\n<p><span id=\"page796R_mcid154\" class=\"markedContent\"><span dir=\"ltr\" role=\"presentation\">Height range from 24&#8243;\/61cm up to 32&#8243;\/81cm<\/span><\/span><\/p>\n<p>Svartir \u00e1 litinn<\/p>\n<p>breidd 76 cm<\/p>\n<p>lengd 184 fyrir utan h\u00f6fu\u00f0p\u00fa\u00f0a<\/p>\n<p>einstaklega l\u00e9ttur a\u00f0eins 11 kg<\/p>\n<p>\u00deessi fer\u00f0anuddbekkur er Mj\u00f6g l\u00e9ttur og einstaklega flj\u00f3tlegt og au\u00f0velt a\u00f0 taka hann sundur og gera kl\u00e1rann til notkunar. Mj\u00f6g au\u00f0velt er a\u00f0 h\u00e6\u00f0arstilla bekkinn sem er \u00e1 \u00e1lgrind.<br \/>\nBekkurinn sj\u00e1lfur er \u00f3tr\u00falega mj\u00fakur og au\u00f0velt a\u00f0 vinna me\u00f0 t.d. \u00ed\u00fer\u00f3ttaf\u00f3lk (sem \u00fearf a\u00f0 teygja miki\u00f0)<br \/>\nEkkert skr\u00f6lt \u00ed grind eftir ca. 2 \u00e1ra notkun.!!<\/p>\n<p>Kv. \u00c1smundur J\u00f3nsson<br \/>\nHeilsunuddari F\u00cdHN<br \/>\nEinn af me\u00f0h\u00f6ndlurum hj\u00e1 FR\u00cd<\/p>\n","protected":false},"excerpt":{"rendered":"<h2><span data-text-color=\"alert\"><strong>\u00a0<\/strong><\/span><\/h2>\n<p>Ekki kaupa drasl sem endist ekki , kauptu af faga\u00f0ila sem veit hva\u00f0 hann er a\u00f0 tala um \ud83d\ude42<\/p>\n<h2><strong>Ekki me\u00f0 vi\u00f0arpl\u00f6tu heldur einstakt wayer spring dynukerfi sem \u00fe\u00fa lyggur \u00e1 <\/strong><\/h2>\n<p>\u00deessi fer\u00f0anuddbekkur er Mj\u00f6g l\u00e9ttur og einstaklega flj\u00f3tlegt og au\u00f0velt a\u00f0 taka hann sundur og gera kl\u00e1rann til notkunar. Mj\u00f6g au\u00f0velt er a\u00f0 h\u00e6\u00f0arstilla bekkinn sem er \u00e1 \u00e1lgrind.<br \/>\nBekkurinn sj\u00e1lfur er \u00f3tr\u00falega mj\u00fakur og au\u00f0velt a\u00f0 vinna me\u00f0 t.d. \u00ed\u00fer\u00f3ttaf\u00f3lk (sem \u00fearf a\u00f0 teygja miki\u00f0)<br \/>\nEkkert skr\u00f6lt \u00ed grind eftir ca. 2 \u00e1ra notkun.!!<\/p>\n<p>Kv. \u00c1smundur J\u00f3nsson<br \/>\nHeilsunuddari F\u00cdHN<br \/>\nEinn af me\u00f0h\u00f6ndlurum hj\u00e1 FR\u00cd<\/p>\n<p>5 Year Limited Warranty<br \/>\n-Rounded corners<br \/>\n-Patented Wayer spring mattress system<br \/>\n-Headrest outlets on both-ends<br \/>\n-Internal Reiki vaulted construction<br \/>\n-Firm yet lightweight aluminum leg frame<br \/>\n-2.5&#8243; thick multi-layered Semi-firm foam system<br \/>\n-Super comfort Skin-touch luxurious PVC upholstering<br \/>\n-Precision welded yet lightweight aluminum tabletop frame<br \/>\n-Unsurpassed stability and easy push-button for height adjustment<\/p>\n<h2><\/h2>\n","protected":false},"featured_media":2486,"comment_status":"open","ping_status":"closed","template":"","meta":{"advanced_seo_description":"","jetpack_seo_html_title":"","jetpack_seo_noindex":false,"iawp_total_views":606,"jetpack_publicize_message":"","jetpack_publicize_feature_enabled":true,"jetpack_social_post_already_shared":true,"jetpack_social_options":{"image_generator_settings":{"template":"highway","default_image_id":0,"font":"","enabled":false},"version":2}},"product_brand":[],"product_cat":[71,100,115],"product_tag":[],"class_list":{"0":"post-2485","1":"product","2":"type-product","3":"status-publish","4":"has-post-thumbnail","6":"product_cat-nuddbekkir","7":"product_cat-nuddvorur","8":"product_cat-nyjar-vorur","10":"first","11":"instock","12":"shipping-taxable","13":"purchasable","14":"product-type-variable"},"jetpack_publicize_connections":[],"jetpack_sharing_enabled":true,"jetpack_likes_enabled":true,"jetpack-related-posts":[],"_links":{"self":[{"href":"https:\/\/egat.is\/nuddvorur\/wp-json\/wp\/v2\/product\/2485","targetHints":{"allow":["GET"]}}],"collection":[{"href":"https:\/\/egat.is\/nuddvorur\/wp-json\/wp\/v2\/product"}],"about":[{"href":"https:\/\/egat.is\/nuddvorur\/wp-json\/wp\/v2\/types\/product"}],"replies":[{"embeddable":true,"href":"https:\/\/egat.is\/nuddvorur\/wp-json\/wp\/v2\/comments?post=2485"}],"wp:featuredmedia":[{"embeddable":true,"href":"https:\/\/egat.is\/nuddvorur\/wp-json\/wp\/v2\/media\/2486"}],"wp:attachment":[{"href":"https:\/\/egat.is\/nuddvorur\/wp-json\/wp\/v2\/media?parent=2485"}],"wp:term":[{"taxonomy":"product_brand","embeddable":true,"href":"https:\/\/egat.is\/nuddvorur\/wp-json\/wp\/v2\/product_brand?post=2485"},{"taxonomy":"product_cat","embeddable":true,"href":"https:\/\/egat.is\/nuddvorur\/wp-json\/wp\/v2\/product_cat?post=2485"},{"taxonomy":"product_tag","embeddable":true,"href":"https:\/\/egat.is\/nuddvorur\/wp-json\/wp\/v2\/product_tag?post=2485"}],"curies":[{"name":"wp","href":"https:\/\/api.w.org\/{rel}","templated":true}]}}