{"id":1915,"date":"2021-11-23T14:51:49","date_gmt":"2021-11-23T14:51:49","guid":{"rendered":"https:\/\/egat.is\/nuddvorur\/?post_type=product&#038;p=1915"},"modified":"2025-01-24T09:25:11","modified_gmt":"2025-01-24T09:25:11","slug":"egat-professional-stone-heater","status":"publish","type":"product","link":"https:\/\/egat.is\/nuddvorur\/product\/egat-professional-stone-heater\/","title":{"rendered":"Egat professional stone heater"},"content":{"rendered":"<ul>\n<li>Egat Stone Heater<\/li>\n<li>\u00a0Steinapottur , lei\u00f0beiningar fylgja var\u00f0andi notkun sem og\u00a0 grunnlei\u00f0beiningar \u00ed steinanuddi fylgja \u00ed email<\/li>\n<li>Ver\u00f0 \u00e1 steinum og potti :43.900<\/li>\n<li>Dinmensions:\u00a022&#8220;\u00a0X14.5&#8220;\u00a0X7.5&#8220;<br \/>\nPower:\u00a01420\u00a0Watt<br \/>\nVolts:\u00a0115\u00a0or\u00a0230\u00a0volts\u00a0available<br \/>\nPlug:\u00a0US,\u00a0EU\u00a0and\u00a0UK\u00a0plug\u00a0available<br \/>\nThis professional 6 quart stone heating unit<br \/>\ncan\u00a0be\u00a0used\u00a0for\u00a0a\u00a0more\u00a0quantities\u00a0stone\u00a0set.<br \/>\nIt\u00a0heating\u00a0unit\u00a0maintains\u00a0a\u00a0constant,<br \/>\neven\u00a0temperature\u00a0so\u00a0your\u00a0massage\u00a0stones<br \/>\nare\u00a0always\u00a0ready\u00a0to\u00a0use.<br \/>\nThis\u00a0is\u00a0an\u00a0ideal\u00a0unit\u00a0for\u00a0both\u00a0hot\u00a0stone<br \/>\nmassage\u00a0and\u00a0warm\u00a0stone\u00a0massage<\/li>\n<\/ul>\n<p>&nbsp;<\/p>\n<p>-The stone heaters are very easy to use. Fill the bowl with cold water and adjust the temperature desired for your treatment. Maintain the temperature via the temperature gage until your treatment is complete.<br \/>\n-The heater is made of stainless steel, and the lid is made from aluminium, which makes it long lasting,rust free, and over all efficient.<br \/>\n-When you buy this heater, a free additional plastic spoon to remove the stones from the water will be included .<\/p>\n","protected":false},"excerpt":{"rendered":"<p>Egat Stone Heater \u00a0Steinapottur , lei\u00f0beiningar fylgja var\u00f0andi notkun sem og\u00a0 grunnlei\u00f0beiningar \u00ed steinanuddi fylgja \u00ed email Ver\u00f0 \u00e1 steinum og potti :43.900 Dinmensions:\u00a022&#8220;\u00a0X14.5&#8220;\u00a0X7.5&#8220; Power:\u00a01420\u00a0Watt Volts:\u00a0115\u00a0or\u00a0230\u00a0volts\u00a0available Plug:\u00a0US,\u00a0EU\u00a0and\u00a0UK\u00a0plug\u00a0available This professional 6 quart stone heating unit can\u00a0be\u00a0used\u00a0for\u00a0a\u00a0more\u00a0quantities\u00a0stone\u00a0set. It\u00a0heating\u00a0unit\u00a0maintains\u00a0a\u00a0constant, even\u00a0temperature\u00a0so\u00a0your\u00a0massage\u00a0stones are\u00a0always\u00a0ready\u00a0to\u00a0use. This\u00a0is\u00a0an\u00a0ideal\u00a0unit\u00a0for\u00a0both\u00a0hot\u00a0stone massage\u00a0and\u00a0warm\u00a0stone\u00a0massage &nbsp; -The stone heaters are very easy to use. Fill the bowl with cold water [&#8230;]\n","protected":false},"featured_media":411,"comment_status":"open","ping_status":"closed","template":"","meta":{"advanced_seo_description":"","jetpack_seo_html_title":"","jetpack_seo_noindex":false,"iawp_total_views":64,"jetpack_publicize_message":"","jetpack_publicize_feature_enabled":true,"jetpack_social_post_already_shared":true,"jetpack_social_options":{"image_generator_settings":{"template":"highway","default_image_id":0,"font":"","enabled":false},"version":2}},"product_brand":[],"product_cat":[77,154,116],"product_tag":[],"class_list":{"0":"post-1915","1":"product","2":"type-product","3":"status-publish","4":"has-post-thumbnail","6":"product_cat-nuddsteinar","7":"product_cat-smahlutir-fyrir-nudd","8":"product_cat-smavara","10":"first","11":"instock","12":"shipping-taxable","13":"purchasable","14":"product-type-simple"},"jetpack_publicize_connections":[],"jetpack_sharing_enabled":true,"jetpack_likes_enabled":true,"jetpack-related-posts":[],"_links":{"self":[{"href":"https:\/\/egat.is\/nuddvorur\/wp-json\/wp\/v2\/product\/1915","targetHints":{"allow":["GET"]}}],"collection":[{"href":"https:\/\/egat.is\/nuddvorur\/wp-json\/wp\/v2\/product"}],"about":[{"href":"https:\/\/egat.is\/nuddvorur\/wp-json\/wp\/v2\/types\/product"}],"replies":[{"embeddable":true,"href":"https:\/\/egat.is\/nuddvorur\/wp-json\/wp\/v2\/comments?post=1915"}],"wp:featuredmedia":[{"embeddable":true,"href":"https:\/\/egat.is\/nuddvorur\/wp-json\/wp\/v2\/media\/411"}],"wp:attachment":[{"href":"https:\/\/egat.is\/nuddvorur\/wp-json\/wp\/v2\/media?parent=1915"}],"wp:term":[{"taxonomy":"product_brand","embeddable":true,"href":"https:\/\/egat.is\/nuddvorur\/wp-json\/wp\/v2\/product_brand?post=1915"},{"taxonomy":"product_cat","embeddable":true,"href":"https:\/\/egat.is\/nuddvorur\/wp-json\/wp\/v2\/product_cat?post=1915"},{"taxonomy":"product_tag","embeddable":true,"href":"https:\/\/egat.is\/nuddvorur\/wp-json\/wp\/v2\/product_tag?post=1915"}],"curies":[{"name":"wp","href":"https:\/\/api.w.org\/{rel}","templated":true}]}}