{"id":1890,"date":"2025-11-11T14:00:29","date_gmt":"2025-11-11T14:00:29","guid":{"rendered":"https:\/\/egat.is\/nuddvorur\/?post_type=product&#038;p=1890"},"modified":"2026-03-19T08:44:12","modified_gmt":"2026-03-19T08:44:12","slug":"carmo-deluxe","status":"publish","type":"product","link":"https:\/\/egat.is\/nuddvorur\/product\/carmo-deluxe\/","title":{"rendered":"Carmo Deluxe   St\u00f3rskemmtilegur Nudd og Snyrtibekkur S\u00e9rp\u00f6ntun."},"content":{"rendered":"<p><!--StartFragment --> <small><big>Ver\u00f0 : 420.000 &#8211;<br \/>\nLifting Capacity: 272 kg<br \/>\nBlack color<br \/>\nLength:2.20 me\u00f0 h\u00f6fu\u00f0p\u00fa\u00f0a sem er h\u00e6gt a\u00f0 taka af og setja hinum megin \u00e1 bekkinn<\/big><\/small><\/p>\n<p><big>\u00de\u00fa getur lyft bekk upp e\u00f0a ni\u00f0ur allan hringinn me\u00f0 f\u00f3tunum e\u00f0a me\u00f0 handst\u00fdringu<br \/>\n<\/big><\/p>\n<p>h\u00e6gt a\u00f0 taka \u00far p\u00fa\u00f0a fyrir brj\u00f3stamiklar og einnig \u00far mi\u00f0ju fyrir \u00f3fr\u00edskar.<\/p>\n<p>&nbsp;<\/p>\n<p><small><big>Brei\u00f0ur og g\u00f3\u00f0ur fyrir st\u00f3ra l\u00edkama<br \/>\nWidth:76 cm<br \/>\n<\/big><big><big><big><\/big><\/big><\/big><big>Weight Range:28&#8243;:141lbs\/64kg,30&#8243;:147lbs\/67kg<br \/>\nHeight Range:17.3&#8220;\/ 45cm ~ 39&#8220;\/ 98cm <\/big><\/small><small><big>Upholstery: Comfort Soft-touch PU upholstering &#8211; Water Resistant<br \/>\n<\/big><\/small><big><small>Electric massage table: Construction: 2 year guarantee, motor: 2 year guarantee, vinyl and accessories: 2<\/small><\/big> years<br \/>\n<small><big> Easy to use foot pedal and hand controller. Heavy duty steel frame<br \/>\nSmooth, reliable electric lift actuator<br \/>\nEasy control powerlift height adjustment<br \/>\nHeavy duty Polypropylene wheels for ease\u00a0 transportation<br \/>\n10cm thick multi-layer Soft foam system<br \/>\nComfort Soft-touch luxurious PU upholstering Water Resistant<br \/>\nOil and Waterproof<\/big><\/small><br \/>\n<big><\/big><\/p>\n","protected":false},"excerpt":{"rendered":"<p><!--StartFragment --><\/p>\n<h1><small><big>Lifting Capacity: 272 kg<br \/>\nBlack color<\/big><\/small><\/h1>\n<p><small><big>Lengd 2.20 me\u00f0 h\u00f6fu\u00f0p\u00fa\u00f0a sem er h\u00e6gt a\u00f0 taka af og setja hinum megin \u00e1 bekkinn<\/big><\/small><\/p>\n<p><big>\u00de\u00fa getur lyft bekk upp e\u00f0a ni\u00f0ur allan hringinn me\u00f0 f\u00f3tunum e\u00f0a me\u00f0 handst\u00fdringu<br \/>\n<\/big><\/p>\n<p>h\u00e6gt a\u00f0 taka \u00far p\u00fa\u00f0a fyrir brj\u00f3stamiklar og einnig \u00far mi\u00f0ju fyrir \u00f3fr\u00edskar.<\/p>\n<p>getur f\u00e6rt andlitsp\u00fa\u00f0a \u00e1 b\u00e1\u00f0a enda<\/p>\n<p>hengi fyrir papp\u00edrsr\u00fallu fylgir me\u00f0<\/p>\n<p>10 cm \u00feykkt \u00e1 svampi (\u00f3tr\u00falega notalegt a\u00f0 lyggja \u00e1 )<\/p>\n<p><span data-spm-anchor-id=\"a2700.details.0.i30.10785710RvGriH\">Carmo Massage Deluxe is a high-end electric SPA massage bed. The 4-section adjustable mattress can provide users with a zero-gravity comfortable sitting position. The table mattress adjustment ability can meet the treatment needs of different supine or prone directions. Its exclusive 4 &#8222;\/ 10cm thick sectional combination mattress can provide the comfort of a high-end sofa alike and provide better breathability for contact surfaces. The sectional mattress is composed of 16 separate removable and replaceable round pillows, which can be arbitrarily combined according to user needs. With breast recesses and padded pads at both ends of the bed, it offers unparalleled comfort for both male and female customers.<\/span><\/p>\n","protected":false},"featured_media":1897,"comment_status":"open","ping_status":"closed","template":"","meta":{"advanced_seo_description":"","jetpack_seo_html_title":"","jetpack_seo_noindex":false,"iawp_total_views":1,"jetpack_publicize_message":"","jetpack_publicize_feature_enabled":true,"jetpack_social_post_already_shared":true,"jetpack_social_options":{"image_generator_settings":{"template":"highway","default_image_id":0,"font":"","enabled":false},"version":2}},"product_brand":[],"product_cat":[87],"product_tag":[],"class_list":{"0":"post-1890","1":"product","2":"type-product","3":"status-publish","4":"has-post-thumbnail","6":"product_cat-rafmagns-snyrti-og-nuddbekkur","8":"first","9":"outofstock","10":"shipping-taxable","11":"purchasable","12":"product-type-simple"},"jetpack_publicize_connections":[],"jetpack_sharing_enabled":true,"jetpack_likes_enabled":true,"jetpack-related-posts":[],"_links":{"self":[{"href":"https:\/\/egat.is\/nuddvorur\/wp-json\/wp\/v2\/product\/1890","targetHints":{"allow":["GET"]}}],"collection":[{"href":"https:\/\/egat.is\/nuddvorur\/wp-json\/wp\/v2\/product"}],"about":[{"href":"https:\/\/egat.is\/nuddvorur\/wp-json\/wp\/v2\/types\/product"}],"replies":[{"embeddable":true,"href":"https:\/\/egat.is\/nuddvorur\/wp-json\/wp\/v2\/comments?post=1890"}],"wp:featuredmedia":[{"embeddable":true,"href":"https:\/\/egat.is\/nuddvorur\/wp-json\/wp\/v2\/media\/1897"}],"wp:attachment":[{"href":"https:\/\/egat.is\/nuddvorur\/wp-json\/wp\/v2\/media?parent=1890"}],"wp:term":[{"taxonomy":"product_brand","embeddable":true,"href":"https:\/\/egat.is\/nuddvorur\/wp-json\/wp\/v2\/product_brand?post=1890"},{"taxonomy":"product_cat","embeddable":true,"href":"https:\/\/egat.is\/nuddvorur\/wp-json\/wp\/v2\/product_cat?post=1890"},{"taxonomy":"product_tag","embeddable":true,"href":"https:\/\/egat.is\/nuddvorur\/wp-json\/wp\/v2\/product_tag?post=1890"}],"curies":[{"name":"wp","href":"https:\/\/api.w.org\/{rel}","templated":true}]}}