{"id":1696,"date":"2021-07-09T11:13:49","date_gmt":"2021-07-09T11:13:49","guid":{"rendered":"https:\/\/egat.is\/nuddvorur\/?post_type=product&#038;p=1696"},"modified":"2023-01-10T12:05:23","modified_gmt":"2023-01-10T12:05:23","slug":"neptune-augnanuddari","status":"publish","type":"product","link":"https:\/\/egat.is\/nuddvorur\/product\/neptune-augnanuddari\/","title":{"rendered":"Neptune Augnanuddari"},"content":{"rendered":"<p class=\"v1MsoNormal\"><span lang=\"EN-US\"><span style=\"color: #333399; font-family: Verdana;\">1.3D Finger-like Acupoint Massage<\/span><\/span><\/p>\n<p class=\"v1MsoNormal\"><span lang=\"EN-US\"><span style=\"color: #333399; font-family: Verdana;\">2.42<sup>o<\/sup>C Constant Hot Compress<\/span><\/span><\/p>\n<p class=\"v1MsoNormal\"><span lang=\"EN-US\"><span style=\"color: #333399; font-family: Verdana;\">3.2 Layers of Air Bag Cyclic Air Compression<\/span><\/span><\/p>\n<p class=\"v1MsoNormal\"><span lang=\"EN-US\"><span style=\"color: #333399; font-family: Verdana;\">4.Five Modes to Adjust, One Button to Control Experience Various Comfort,<\/span><\/span><\/p>\n<p class=\"v1MsoNormal\"><span lang=\"EN-US\"><span style=\"color: #333399; font-family: Verdana;\">5.High Performance Lithium Battery and USB-C Quick Charge<\/span><\/span><\/p>\n<p class=\"v1MsoNormal\"><span lang=\"EN-US\"><span style=\"color: #333399; font-family: Verdana;\">6.180<sup>o<\/sup> Folding. Easy to store and carry.<\/span><\/span><\/p>\n","protected":false},"excerpt":{"rendered":"<ol>\n<li>5 mismunandi augnanudd\u00a0\u00a0 Black friday tilbo\u00f0 <big><big> 50 % afsl\u00e1ttur<\/big><\/big> =8450<\/li>\n<li>Hiti<\/li>\n<li>T\u00f3nlist me\u00f0 e\u00f0a \u00e1n\n<p class=\"v1MsoNormal\"><span lang=\"EN-US\"><span style=\"color: #333399; font-family: Verdana;\">1.3D Finger-like Acupoint Massage<\/span><\/span><\/p>\n<p class=\"v1MsoNormal\"><span lang=\"EN-US\"><span style=\"color: #333399; font-family: Verdana;\">2.42<sup>o<\/sup>C Constant Hot Compress<\/span><\/span><\/p>\n<p class=\"v1MsoNormal\"><span lang=\"EN-US\"><span style=\"color: #333399; font-family: Verdana;\">3.2 Layers of Air Bag Cyclic Air Compression<\/span><\/span><\/p>\n<p class=\"v1MsoNormal\"><span lang=\"EN-US\"><span style=\"color: #333399; font-family: Verdana;\">4.Five Modes to Adjust, One Button to Control Experience Various Comfort,<\/span><\/span><\/p>\n<p class=\"v1MsoNormal\"><span lang=\"EN-US\"><span style=\"color: #333399; font-family: Verdana;\">5.High Performance Lithium Battery and USB-C Quick Charge<\/span><\/span><\/p>\n<p class=\"v1MsoNormal\"><span lang=\"EN-US\"><span style=\"color: #333399; font-family: Verdana;\">6.180<sup>o<\/sup> Folding. Easy to store and carry.<\/span><\/span><\/p>\n<\/li>\n<\/ol>\n","protected":false},"featured_media":1712,"comment_status":"open","ping_status":"closed","template":"","meta":{"advanced_seo_description":"","jetpack_seo_html_title":"","jetpack_seo_noindex":false,"iawp_total_views":21,"jetpack_publicize_message":"","jetpack_publicize_feature_enabled":true,"jetpack_social_post_already_shared":true,"jetpack_social_options":{"image_generator_settings":{"template":"highway","default_image_id":0,"font":"","enabled":false},"version":2}},"product_brand":[],"product_cat":[138],"product_tag":[],"class_list":{"0":"post-1696","1":"product","2":"type-product","3":"status-publish","4":"has-post-thumbnail","6":"product_cat-rafmagnsnuddtaeki","8":"first","9":"instock","10":"shipping-taxable","11":"purchasable","12":"product-type-simple"},"jetpack_publicize_connections":[],"jetpack_sharing_enabled":true,"jetpack_likes_enabled":true,"jetpack-related-posts":[],"_links":{"self":[{"href":"https:\/\/egat.is\/nuddvorur\/wp-json\/wp\/v2\/product\/1696","targetHints":{"allow":["GET"]}}],"collection":[{"href":"https:\/\/egat.is\/nuddvorur\/wp-json\/wp\/v2\/product"}],"about":[{"href":"https:\/\/egat.is\/nuddvorur\/wp-json\/wp\/v2\/types\/product"}],"replies":[{"embeddable":true,"href":"https:\/\/egat.is\/nuddvorur\/wp-json\/wp\/v2\/comments?post=1696"}],"wp:featuredmedia":[{"embeddable":true,"href":"https:\/\/egat.is\/nuddvorur\/wp-json\/wp\/v2\/media\/1712"}],"wp:attachment":[{"href":"https:\/\/egat.is\/nuddvorur\/wp-json\/wp\/v2\/media?parent=1696"}],"wp:term":[{"taxonomy":"product_brand","embeddable":true,"href":"https:\/\/egat.is\/nuddvorur\/wp-json\/wp\/v2\/product_brand?post=1696"},{"taxonomy":"product_cat","embeddable":true,"href":"https:\/\/egat.is\/nuddvorur\/wp-json\/wp\/v2\/product_cat?post=1696"},{"taxonomy":"product_tag","embeddable":true,"href":"https:\/\/egat.is\/nuddvorur\/wp-json\/wp\/v2\/product_tag?post=1696"}],"curies":[{"name":"wp","href":"https:\/\/api.w.org\/{rel}","templated":true}]}}