{"id":1580,"date":"2021-05-11T11:48:07","date_gmt":"2021-05-11T11:48:07","guid":{"rendered":"https:\/\/egat.is\/nuddvorur\/?post_type=product&#038;p=1580"},"modified":"2026-03-19T09:14:28","modified_gmt":"2026-03-19T09:14:28","slug":"likami-thar-sem-allt-sest-fyrir-innan","status":"publish","type":"product","link":"https:\/\/egat.is\/nuddvorur\/product\/likami-thar-sem-allt-sest-fyrir-innan\/","title":{"rendered":"l\u00edkami \u00fear sem allt s\u00e9st fyrir innan selst \u00e1 kostna\u00f0arver\u00f0i"},"content":{"rendered":"<p>Anatomical model of the relationship between bones<\/p>\n<p>Material and process characteristics:<br \/>\nEnvironmentally friendly PVC; environmentally friendly paint, process adopts computer color matching, international standard Pantong code; Hand-painted.<br \/>\nProduct Description:<br \/>\nMale half-length skeleton and visceral organ transparent torso, fixed on the bottom plate, showing the position and relationship between the skull and the brain, the torso, the chest, abdomen, pelvic internal organs, allowing students to understand the chest and abdominal organs by the transparent meter Location relationship and adjacent, understand the positional relationship between chest, abdominal organs and bones, to understand the body surface positioning of the internal organs, understand the human body, clavicle center, the front line, the midline, the lattice line, the sternium The internal organs are positioned, and the internal organs involved in the abdominal body surface division are understood<\/p>\n<p>Functional features.<br \/>\n\u25aa The model is placed on a substrate showing the relationship between the trunk bones and the position of the trunk bones and the internal organs of the thorax, abdomen and pelvis.<br \/>\n\u25aa Size: 95cm high<br \/>\n\u25aa Material: PVC material<\/p>\n","protected":false},"excerpt":{"rendered":"<div id=\"tw-target-text-container\" class=\"tw-ta-container F0azHf tw-nfl\" tabindex=\"0\">\n<pre id=\"tw-target-text\" class=\"tw-data-text tw-text-large tw-ta\" dir=\"ltr\" data-placeholder=\"\u00de\u00fd\u00f0ing\"><span class=\"Y2IQFc\" lang=\"is\">L\u00edff\u00e6rafr\u00e6\u00f0ilegt l\u00edkan af tengslum milli beina\r\n\r\nEfni og eiginleikar:\r\nUmhverfisv\u00e6n PVC; umhverfisv\u00e6n m\u00e1lning, , al\u00fej\u00f3\u00f0legan sta\u00f0al Pantong k\u00f3\u00f0i Handm\u00e1lu\u00f0.\r\nV\u00f6rul\u00fdsing:\r\nEfri hluti beinagrindar karlkyns me\u00f0 innyflum gegns\u00e6u plasti, fest \u00e1 botnpl\u00f6tu, sem s\u00fdnir st\u00f6\u00f0u og tengsl milli h\u00f6fu\u00f0k\u00fapu og heila, bols, brj\u00f3sts, kvi\u00f0ar, innri l\u00edff\u00e6ra \u00ed grindarholi,\r\nsem gerir einstaklingum og nemendum kleift a\u00f0 skilja brj\u00f3st- og kvi\u00f0l\u00edff\u00e6ri me\u00f0 gagns\u00e6jum m\u00e6lingum , skilja st\u00f6\u00f0utengsl milli brj\u00f3sthols, kvi\u00f0arholsl\u00edff\u00e6ra og beina, skilja l\u00edkamsyfirbor\u00f0sst\u00f6\u00f0u innri l\u00edff\u00e6ra, skilja mannsl\u00edkamann, mi\u00f0beinbein, framl\u00ednu, mi\u00f0l\u00ednu, grindarl\u00ednu , bringubein Hvar innri l\u00edff\u00e6ri eru sta\u00f0sett og innri l\u00edff\u00e6ri sem taka \u00fe\u00e1tt \u00ed yfirbor\u00f0sskiptingu kvi\u00f0ar \r\n\r\nHagn\u00fdtir eiginleikar.\r\n L\u00edkani\u00f0 er sett \u00e1 undirlag sem s\u00fdnir tengsl stofnbeina og st\u00f6\u00f0u stofnbeina og innri l\u00edff\u00e6ra brj\u00f3sthols, kvi\u00f0ar og grindar.\r\n St\u00e6r\u00f0: 95 cm \u00e1 h\u00e6\u00f0\r\n Efni: PVC efni<\/span><\/pre>\n<\/div>\n<div id=\"tw-target-rmn-container\" class=\"tw-target-rmn tw-ta-container F0azHf tw-nfl\">\n<pre id=\"tw-target-rmn\" class=\"tw-data-placeholder tw-text-small tw-ta\" dir=\"ltr\" data-placeholder=\"\"><\/pre>\n<\/div>\n","protected":false},"featured_media":1583,"comment_status":"open","ping_status":"closed","template":"","meta":{"advanced_seo_description":"","jetpack_seo_html_title":"","jetpack_seo_noindex":false,"iawp_total_views":69,"jetpack_publicize_message":"","jetpack_publicize_feature_enabled":true,"jetpack_social_post_already_shared":true,"jetpack_social_options":{"image_generator_settings":{"template":"highway","default_image_id":0,"font":"","enabled":false},"version":2}},"product_brand":[],"product_cat":[133,134,155],"product_tag":[],"class_list":{"0":"post-1580","1":"product","2":"type-product","3":"status-publish","4":"has-post-thumbnail","6":"product_cat-beinagrindur","7":"product_cat-liffaeri-og-vodvar","8":"product_cat-vorur-a-tilbodi","10":"first","11":"instock","12":"sale","13":"shipping-taxable","14":"purchasable","15":"product-type-simple"},"jetpack_publicize_connections":[],"jetpack_sharing_enabled":true,"jetpack_likes_enabled":true,"jetpack-related-posts":[],"_links":{"self":[{"href":"https:\/\/egat.is\/nuddvorur\/wp-json\/wp\/v2\/product\/1580","targetHints":{"allow":["GET"]}}],"collection":[{"href":"https:\/\/egat.is\/nuddvorur\/wp-json\/wp\/v2\/product"}],"about":[{"href":"https:\/\/egat.is\/nuddvorur\/wp-json\/wp\/v2\/types\/product"}],"replies":[{"embeddable":true,"href":"https:\/\/egat.is\/nuddvorur\/wp-json\/wp\/v2\/comments?post=1580"}],"wp:featuredmedia":[{"embeddable":true,"href":"https:\/\/egat.is\/nuddvorur\/wp-json\/wp\/v2\/media\/1583"}],"wp:attachment":[{"href":"https:\/\/egat.is\/nuddvorur\/wp-json\/wp\/v2\/media?parent=1580"}],"wp:term":[{"taxonomy":"product_brand","embeddable":true,"href":"https:\/\/egat.is\/nuddvorur\/wp-json\/wp\/v2\/product_brand?post=1580"},{"taxonomy":"product_cat","embeddable":true,"href":"https:\/\/egat.is\/nuddvorur\/wp-json\/wp\/v2\/product_cat?post=1580"},{"taxonomy":"product_tag","embeddable":true,"href":"https:\/\/egat.is\/nuddvorur\/wp-json\/wp\/v2\/product_tag?post=1580"}],"curies":[{"name":"wp","href":"https:\/\/api.w.org\/{rel}","templated":true}]}}