{"id":1556,"date":"2021-05-06T15:52:05","date_gmt":"2021-05-06T15:52:05","guid":{"rendered":"https:\/\/egat.is\/nuddvorur\/?post_type=product&#038;p=1556"},"modified":"2024-03-18T12:32:37","modified_gmt":"2024-03-18T12:32:37","slug":"hausskupa","status":"publish","type":"product","link":"https:\/\/egat.is\/nuddvorur\/product\/hausskupa\/","title":{"rendered":"Haussk\u00fapa me\u00f0 hryggjali\u00f0um"},"content":{"rendered":"<h1 title=\"high quality human skull model with cervical vertebra with digital identification\" data-spm-anchor-id=\"a2700.details.0.i25.5180553eKRaLe2\">St\u00f3rkostleg haussk\u00fapa me\u00f0 efri hluta hryggjali\u00f0a og taugum<\/h1>\n<h1 class=\"module-pdp-title\" title=\"high quality human skull model with cervical vertebra with digital identification\" data-spm-anchor-id=\"a2700.details.0.i25.5180553eKRaLe2\">high quality human skull model with cervical vertebra with digital identification<\/h1>\n","protected":false},"excerpt":{"rendered":"<h1 title=\"high quality human skull model with cervical vertebra with digital identification\" data-spm-anchor-id=\"a2700.details.0.i25.5180553eKRaLe2\">St\u00f3rkostleg haussk\u00fapa me\u00f0 efri hluta hryggjali\u00f0a og taugum<\/h1>\n<h1 class=\"module-pdp-title\" title=\"high quality human skull model with cervical vertebra with digital identification\" data-spm-anchor-id=\"a2700.details.0.i25.5180553eKRaLe2\">high quality human skull model with cervical vertebra with digital identification<\/h1>\n","protected":false},"featured_media":1560,"comment_status":"open","ping_status":"closed","template":"","meta":{"advanced_seo_description":"","jetpack_seo_html_title":"","jetpack_seo_noindex":false,"iawp_total_views":77,"jetpack_publicize_message":"","jetpack_publicize_feature_enabled":true,"jetpack_social_post_already_shared":true,"jetpack_social_options":{"image_generator_settings":{"template":"highway","default_image_id":0,"font":"","enabled":false},"version":2}},"product_brand":[],"product_cat":[133,134,116],"product_tag":[],"class_list":{"0":"post-1556","1":"product","2":"type-product","3":"status-publish","4":"has-post-thumbnail","6":"product_cat-beinagrindur","7":"product_cat-liffaeri-og-vodvar","8":"product_cat-smavara","10":"first","11":"instock","12":"shipping-taxable","13":"purchasable","14":"product-type-simple"},"jetpack_publicize_connections":[],"jetpack_sharing_enabled":true,"jetpack_likes_enabled":true,"jetpack-related-posts":[],"_links":{"self":[{"href":"https:\/\/egat.is\/nuddvorur\/wp-json\/wp\/v2\/product\/1556","targetHints":{"allow":["GET"]}}],"collection":[{"href":"https:\/\/egat.is\/nuddvorur\/wp-json\/wp\/v2\/product"}],"about":[{"href":"https:\/\/egat.is\/nuddvorur\/wp-json\/wp\/v2\/types\/product"}],"replies":[{"embeddable":true,"href":"https:\/\/egat.is\/nuddvorur\/wp-json\/wp\/v2\/comments?post=1556"}],"wp:featuredmedia":[{"embeddable":true,"href":"https:\/\/egat.is\/nuddvorur\/wp-json\/wp\/v2\/media\/1560"}],"wp:attachment":[{"href":"https:\/\/egat.is\/nuddvorur\/wp-json\/wp\/v2\/media?parent=1556"}],"wp:term":[{"taxonomy":"product_brand","embeddable":true,"href":"https:\/\/egat.is\/nuddvorur\/wp-json\/wp\/v2\/product_brand?post=1556"},{"taxonomy":"product_cat","embeddable":true,"href":"https:\/\/egat.is\/nuddvorur\/wp-json\/wp\/v2\/product_cat?post=1556"},{"taxonomy":"product_tag","embeddable":true,"href":"https:\/\/egat.is\/nuddvorur\/wp-json\/wp\/v2\/product_tag?post=1556"}],"curies":[{"name":"wp","href":"https:\/\/api.w.org\/{rel}","templated":true}]}}