{"id":1396,"date":"2021-02-02T11:48:26","date_gmt":"2021-02-02T11:48:26","guid":{"rendered":"https:\/\/egat.is\/nuddvorur\/?post_type=product&#038;p=1396"},"modified":"2026-01-07T10:11:38","modified_gmt":"2026-01-07T10:11:38","slug":"thykkur-pudi-undir-hne-eda-okkla","status":"publish","type":"product","link":"https:\/\/egat.is\/nuddvorur\/product\/thykkur-pudi-undir-hne-eda-okkla\/","title":{"rendered":"\u00feykkur p\u00fa\u00f0i undir hn\u00e9 ,\u00f6kkla e\u00f0a h\u00e1ls (mj\u00fakur )"},"content":{"rendered":"<p><small><big><big><big>Egat Bold bolster \u00feykkur og mj\u00fakur<br \/>\n<\/big><\/big><\/big><\/small>Ver\u00f0 :7900 Svartir e\u00f0a beige<br \/>\nCloud-soft Round Bolster<br \/>\n\u04248\u201dX28\u201d \u00a0(\u042420cm X 71cm)<br \/>\nProduct material:PU vinyl and filled plush polyfill<\/p>\n<p>It&#8217;s designed to ease your pressure.Your head , neck and shoulder will feel relaxed.<br \/>\nThe tiredness will stay away from you.<\/p>\n<p>1.Recommended by professionals.<br \/>\n2.They have been actual-client field-tested and the 6&#8243; diameter has been proven to be more comfortable than any other size.<br \/>\n3.Easy-to-clean With our Silky smooth upholstery and Cloudy Soft foam filling provide superior comfort and support for your clients.<br \/>\n4.Place it under the knees, ankles or lower abdomen to relieve tension.<br \/>\n5.It features a zippered outer case and a strap handle allowing for easy positioning during sessions. Your clients will notice the improvement.<\/p>\n","protected":false},"excerpt":{"rendered":"<p>Egat Bold bolster \u00feykkur og mj\u00fakur Ver\u00f0 :7900 Svartir e\u00f0a beige Cloud-soft Round Bolster \u04248\u201dX28\u201d \u00a0(\u042420cm X 71cm) Product material:PU vinyl and filled plush polyfill It&#8217;s designed to ease your pressure.Your head , neck and shoulder will feel relaxed. The tiredness will stay away from you. 1.Recommended by professionals. 2.They have been actual-client field-tested and [&#8230;]\n","protected":false},"featured_media":1399,"comment_status":"open","ping_status":"closed","template":"","meta":{"advanced_seo_description":"","jetpack_seo_html_title":"","jetpack_seo_noindex":false,"iawp_total_views":366,"jetpack_publicize_message":"","jetpack_publicize_feature_enabled":true,"jetpack_social_post_already_shared":false,"jetpack_social_options":{"image_generator_settings":{"template":"highway","default_image_id":0,"font":"","enabled":false},"version":2}},"product_brand":[],"product_cat":[241,101,231,76,100,115,154,116],"product_tag":[],"class_list":{"0":"post-1396","1":"product","2":"type-product","3":"status-publish","4":"has-post-thumbnail","6":"product_cat-aukahlutir-a-nuddbekk","7":"product_cat-aukahlutir","8":"product_cat-naudsynlegir-hlutir-fyrir-nuddarann","9":"product_cat-nuddpudar","10":"product_cat-nuddvorur","11":"product_cat-nyjar-vorur","12":"product_cat-smahlutir-fyrir-nudd","13":"product_cat-smavara","15":"first","16":"instock","17":"shipping-taxable","18":"purchasable","19":"product-type-variable"},"jetpack_publicize_connections":[],"jetpack_sharing_enabled":true,"jetpack_likes_enabled":true,"jetpack-related-posts":[],"_links":{"self":[{"href":"https:\/\/egat.is\/nuddvorur\/wp-json\/wp\/v2\/product\/1396","targetHints":{"allow":["GET"]}}],"collection":[{"href":"https:\/\/egat.is\/nuddvorur\/wp-json\/wp\/v2\/product"}],"about":[{"href":"https:\/\/egat.is\/nuddvorur\/wp-json\/wp\/v2\/types\/product"}],"replies":[{"embeddable":true,"href":"https:\/\/egat.is\/nuddvorur\/wp-json\/wp\/v2\/comments?post=1396"}],"wp:featuredmedia":[{"embeddable":true,"href":"https:\/\/egat.is\/nuddvorur\/wp-json\/wp\/v2\/media\/1399"}],"wp:attachment":[{"href":"https:\/\/egat.is\/nuddvorur\/wp-json\/wp\/v2\/media?parent=1396"}],"wp:term":[{"taxonomy":"product_brand","embeddable":true,"href":"https:\/\/egat.is\/nuddvorur\/wp-json\/wp\/v2\/product_brand?post=1396"},{"taxonomy":"product_cat","embeddable":true,"href":"https:\/\/egat.is\/nuddvorur\/wp-json\/wp\/v2\/product_cat?post=1396"},{"taxonomy":"product_tag","embeddable":true,"href":"https:\/\/egat.is\/nuddvorur\/wp-json\/wp\/v2\/product_tag?post=1396"}],"curies":[{"name":"wp","href":"https:\/\/api.w.org\/{rel}","templated":true}]}}