{"id":1369,"date":"2021-01-28T16:28:51","date_gmt":"2021-01-28T16:28:51","guid":{"rendered":"https:\/\/egat.is\/nuddvorur\/?post_type=product&#038;p=1369"},"modified":"2026-03-25T09:16:05","modified_gmt":"2026-03-25T09:16:05","slug":"undirstada-i-bekk-fyrir-andlitspuda","status":"publish","type":"product","link":"https:\/\/egat.is\/nuddvorur\/product\/undirstada-i-bekk-fyrir-andlitspuda\/","title":{"rendered":"undirsta\u00f0a \u00ed bekk fyrir andlitsp\u00fa\u00f0a"},"content":{"rendered":"<p><small><big><big><big>Andlitsundirsta\u00f0a inn \u00ed bekk (20 cm \u00e1 milli gata )<br \/>\nkr 7900<\/big><\/big><\/big><\/small><\/p>\n<p><span style=\"font-size: small;\">Fully adjustable aluminum frame with flat plastic plate form.<br \/>\nLight and durable, a plastic plate form is a consistently uniform and economic option.<br \/>\nAvailable in beige or black colors.<\/span><\/p>\n","protected":false},"excerpt":{"rendered":"<p>Andlitsundirsta\u00f0a inn \u00ed bekk (20 cm \u00e1 milli gata ) kr 7900 Fully adjustable aluminum frame with flat plastic plate form. Light and durable, a plastic plate form is a consistently uniform and economic option. Available in beige or black colors.<\/p>\n","protected":false},"featured_media":1373,"comment_status":"open","ping_status":"closed","template":"","meta":{"advanced_seo_description":"","jetpack_seo_html_title":"","jetpack_seo_noindex":false,"iawp_total_views":122,"jetpack_publicize_message":"","jetpack_publicize_feature_enabled":true,"jetpack_social_post_already_shared":false,"jetpack_social_options":{"image_generator_settings":{"template":"highway","default_image_id":0,"font":"","enabled":false},"version":2}},"product_brand":[],"product_cat":[241,101,76,100,115,154,116,199,201],"product_tag":[],"class_list":{"0":"post-1369","1":"product","2":"type-product","3":"status-publish","4":"has-post-thumbnail","6":"product_cat-aukahlutir-a-nuddbekk","7":"product_cat-aukahlutir","8":"product_cat-nuddpudar","9":"product_cat-nuddvorur","10":"product_cat-nyjar-vorur","11":"product_cat-smahlutir-fyrir-nudd","12":"product_cat-smavara","13":"product_cat-varahlutir","14":"product_cat-varahlutir-fyrir-nuddbekki","16":"first","17":"instock","18":"shipping-taxable","19":"purchasable","20":"product-type-variable"},"jetpack_publicize_connections":[],"jetpack_sharing_enabled":true,"jetpack_likes_enabled":true,"jetpack-related-posts":[],"_links":{"self":[{"href":"https:\/\/egat.is\/nuddvorur\/wp-json\/wp\/v2\/product\/1369","targetHints":{"allow":["GET"]}}],"collection":[{"href":"https:\/\/egat.is\/nuddvorur\/wp-json\/wp\/v2\/product"}],"about":[{"href":"https:\/\/egat.is\/nuddvorur\/wp-json\/wp\/v2\/types\/product"}],"replies":[{"embeddable":true,"href":"https:\/\/egat.is\/nuddvorur\/wp-json\/wp\/v2\/comments?post=1369"}],"wp:featuredmedia":[{"embeddable":true,"href":"https:\/\/egat.is\/nuddvorur\/wp-json\/wp\/v2\/media\/1373"}],"wp:attachment":[{"href":"https:\/\/egat.is\/nuddvorur\/wp-json\/wp\/v2\/media?parent=1369"}],"wp:term":[{"taxonomy":"product_brand","embeddable":true,"href":"https:\/\/egat.is\/nuddvorur\/wp-json\/wp\/v2\/product_brand?post=1369"},{"taxonomy":"product_cat","embeddable":true,"href":"https:\/\/egat.is\/nuddvorur\/wp-json\/wp\/v2\/product_cat?post=1369"},{"taxonomy":"product_tag","embeddable":true,"href":"https:\/\/egat.is\/nuddvorur\/wp-json\/wp\/v2\/product_tag?post=1369"}],"curies":[{"name":"wp","href":"https:\/\/api.w.org\/{rel}","templated":true}]}}